{"id":906,"date":"2025-07-30T21:39:16","date_gmt":"2025-07-30T21:39:16","guid":{"rendered":"https:\/\/caal-cbpa.ca\/?page_id=906"},"modified":"2026-01-15T14:42:36","modified_gmt":"2026-01-15T14:42:36","slug":"research-grant-committee","status":"publish","type":"page","link":"https:\/\/caal-cbpa.ca\/fr\/about\/committees\/research-grant-committee\/","title":{"rendered":"Comit\u00e9 des subventions de recherche"},"content":{"rendered":"<p><strong><strong style=\"color: rgb(255, 255, 255);\">Objectif<\/strong><\/strong><\/p>\n\n\n\n\n\n\n<p class=\"translation-block\">Le Comit\u00e9 se concentre sur l\u2019avancement des connaissances et du perfectionnement des comp\u00e9tences des membres par son r\u00f4le dans l\u2019administration de la\u00a0<a href=\"https:\/\/caal-cbpa.ca\/fr\/services\/grants\/\" target=\"_self\">Subvention de recherche CAAL-CBPA<\/a>.<\/p>\n\n\n\n\n\n\n<p><strong><strong style=\"color: rgb(255, 255, 255);\">Membres<\/strong><\/strong><\/p>\n\n\n\n\n\n\n\n<p>Lorem Ipsum has been the industry&#8217;s standard dummy text ever since the 1500s.<\/p>\n\n\n\n<p><strong><strong>Suzanne van den Hoogen<\/strong><\/strong><br>Doyenne, Biblioth\u00e8que et archives universitaires<br>Saint Mary&#8217;s University<br>Ancienne pr\u00e9sidente du CBPA<br>Pr\u00e9sident du comit\u00e9<\/p>\n\n\n\n\n\n\n\n<p>Lorem Ipsum has been the industry&#8217;s standard dummy text ever since the 1500s.<\/p>\n\n\n\n<p><strong><strong>Ryan Lewis<\/strong><\/strong><br>Biblioth\u00e9caire de liaison en sciences sociales<br>Queen Elizabeth II Library<br>Memorial University<\/p>\n\n\n\n\n\n\n\n\n\n<p>Lorem Ipsum has been the industry&#8217;s standard dummy text ever since the 1500s.<\/p>\n\n\n<p><strong><strong>Michelle Swab<\/strong><\/strong><br>Membre \u00e0 titre personnel<br>Memorial University<\/p>\n\n\n\n\n\n\n\n\n\n<p><strong><strong style=\"color: rgb(255, 255, 255);\">Documents<\/strong><\/strong><\/p>\n\n\n\n\n\n<p><img decoding=\"async\" pl-media-id=\"935\" src=\"https:\/\/caal-cbpa.ca\/wp-content\/uploads\/pdf-icon_sm.jpg\" alt=\"pdf icon\">&nbsp;&nbsp;<a href=\"https:\/\/caal-cbpa.ca\/wp-content\/uploads\/CAAL-CBPA-Collaborative-Research-Grants-Committee-Terms-of-Reference-2022.pdf\"><strong>Mandat du comit\u00e9<br><\/strong><img decoding=\"async\" src=\"https:\/\/caal-cbpa.ca\/wp-content\/uploads\/google-drive-icon_sm.png\" alt=\"Google Drive icon\"><strong>&nbsp;&nbsp;<\/strong><\/a><a href=\"https:\/\/drive.google.com\/drive\/folders\/0B2sT9V1rFX64cnJpMGpKRFk2eDA?resourcekey=0-DO2ymcKUqvGawC9hPhucgQ&amp;usp=sharing\"><strong>Google Drive du comit\u00e9 (membres du comit\u00e9 seulement)<\/strong><br><\/a><\/p>","protected":false},"excerpt":{"rendered":"","protected":false},"author":2,"featured_media":0,"parent":168,"menu_order":0,"comment_status":"closed","ping_status":"closed","template":"","meta":{"pagelayer_contact_templates":[],"_pagelayer_content":"","footnotes":""},"folder":[],"class_list":["post-906","page","type-page","status-publish","hentry"],"_links":{"self":[{"href":"https:\/\/caal-cbpa.ca\/fr\/wp-json\/wp\/v2\/pages\/906","targetHints":{"allow":["GET"]}}],"collection":[{"href":"https:\/\/caal-cbpa.ca\/fr\/wp-json\/wp\/v2\/pages"}],"about":[{"href":"https:\/\/caal-cbpa.ca\/fr\/wp-json\/wp\/v2\/types\/page"}],"author":[{"embeddable":true,"href":"https:\/\/caal-cbpa.ca\/fr\/wp-json\/wp\/v2\/users\/2"}],"replies":[{"embeddable":true,"href":"https:\/\/caal-cbpa.ca\/fr\/wp-json\/wp\/v2\/comments?post=906"}],"version-history":[{"count":21,"href":"https:\/\/caal-cbpa.ca\/fr\/wp-json\/wp\/v2\/pages\/906\/revisions"}],"predecessor-version":[{"id":1931,"href":"https:\/\/caal-cbpa.ca\/fr\/wp-json\/wp\/v2\/pages\/906\/revisions\/1931"}],"up":[{"embeddable":true,"href":"https:\/\/caal-cbpa.ca\/fr\/wp-json\/wp\/v2\/pages\/168"}],"wp:attachment":[{"href":"https:\/\/caal-cbpa.ca\/fr\/wp-json\/wp\/v2\/media?parent=906"}],"wp:term":[{"taxonomy":"folder","embeddable":true,"href":"https:\/\/caal-cbpa.ca\/fr\/wp-json\/wp\/v2\/folder?post=906"}],"curies":[{"name":"wp","href":"https:\/\/api.w.org\/{rel}","templated":true}]}}