{"id":900,"date":"2025-07-30T21:26:11","date_gmt":"2025-07-30T21:26:11","guid":{"rendered":"https:\/\/caal-cbpa.ca\/?page_id=900"},"modified":"2026-01-29T16:29:00","modified_gmt":"2026-01-29T16:29:00","slug":"scholcomms","status":"publish","type":"page","link":"https:\/\/caal-cbpa.ca\/fr\/about\/committees\/scholcomms\/","title":{"rendered":"Comit\u00e9 des communications savantes"},"content":{"rendered":"<p><strong><strong style=\"color: rgb(255, 255, 255);\">Objectif<\/strong><\/strong><\/p>\n\n\n\n\n\n\n<p>Le r\u00f4le du Comit\u00e9 des communications savantes consiste \u00e0 favoriser le partage des connaissances dans la r\u00e9gion de l\u2019Atlantique et au-del\u00e0, afin d\u2019optimiser les ressources et l\u2019expertise dans le domaine des communications savantes.<\/p><br><p>Les travaux de communication savante dans les biblioth\u00e8ques de recherche ont connu une croissance ph\u00e9nom\u00e9nale, que ce soit par la promotion du libre acc\u00e8s comme m\u00e9thode de publication, le soutien des besoins des bailleurs de fonds, la gestion des d\u00e9p\u00f4ts ou l\u2019aide aux mesures, les revues syst\u00e9matiques, les ressources \u00e9ducatives libres, les donn\u00e9es de recherche et la pr\u00e9servation num\u00e9rique.  Le Comit\u00e9 des communications savantes (CSC) est une repr\u00e9sentation de l\u2019importance de ce travail au sein du CBPA et offre aux personnes charg\u00e9es de ce travail un endroit o\u00f9 partager et collaborer afin d\u2019atteindre ces objectifs \u00e0 l\u2019\u00e9chelle r\u00e9gionale.<\/p>\n\n\n\n\n\n\n<p><strong><strong style=\"color: rgb(255, 255, 255);\">Membres<\/strong><\/strong><\/p>\n\n\n\n\n\n\n\n\n<p>Lorem Ipsum has been the industry&#8217;s standard dummy text ever since the 1500s.<\/p>\n\n\n\n\n<p><strong><strong>Jasmine Hoover<\/strong><\/strong><br>Cape Breton University<br>Co-pr\u00e9sident du comit\u00e9<\/p>\n\n\n\n\n\n\n\n\n<p>Lorem Ipsum has been the industry&#8217;s standard dummy text ever since the 1500s.<\/p>\n\n\n\n\n<p><strong><strong>Ann Smith<\/strong><\/strong><br>Acadia University<br>Co-pr\u00e9sident du comit\u00e9<\/p>\n\n\n\n\n\n\n\n\n\n\n<p>Lorem Ipsum has been the industry&#8217;s standard dummy text ever since the 1500s.<\/p>\n\n\n\n\n<p><strong><strong>Rachel Rubin<\/strong><\/strong><br>Mount Allison University<br>Liaison avec le conseil d\u2019administration du comit\u00e9<\/p>\n\n\n\n\n\n\n\n\n<p>Lorem Ipsum has been the industry&#8217;s standard dummy text ever since the 1500s.<\/p>\n\n\n\n\n<p><strong><strong>Kaitlin Fuller<\/strong><\/strong><br>St. Francis Xavier University<\/p>\n\n\n\n\n\n\n\n\n\n\n<p>Lorem Ipsum has been the industry&#8217;s standard dummy text ever since the 1500s.<\/p>\n\n\n\n\n<p><strong><strong>Patrick Gamsby<\/strong><\/strong><br>Memorial University<\/p>\n\n\n\n\n\n\n\n\n<p>Lorem Ipsum has been the industry&#8217;s standard dummy text ever since the 1500s.<\/p>\n\n\n\n\n<p><strong><strong>Stephen Geier<\/strong><\/strong><br>Mount Allison University<\/p>\n\n\n\n\n\n\n\n\n\n\n<p>Lorem Ipsum has been the industry&#8217;s standard dummy text ever since the 1500s.<\/p>\n\n\n\n\n<p><strong><strong>Jason Lee<\/strong><\/strong><br>Cape Breton University<\/p>\n\n\n\n\n\n\n\n\n<p>Lorem Ipsum has been the industry&#8217;s standard dummy text ever since the 1500s.<\/p>\n\n\n\n\n<p><strong><strong>Keri McCaffrey<br><\/strong><\/strong>University of Prince Edward Island<\/p>\n\n\n\n\n\n\n\n\n\n\n<p>Lorem Ipsum has been the industry&#8217;s standard dummy text ever since the 1500s.<\/p>\n\n\n\n<p><strong><strong>Julie Morris<\/strong><\/strong><br>University of New Brunswick<\/p>\n\n\n\n\n\n\n\n<p>Lorem Ipsum has been the industry&#8217;s standard dummy text ever since the 1500s.<\/p>\n\n\n\n<p><strong><strong>Joanne Smyth<\/strong><\/strong><br>University of New Brunswick<\/p>\n\n\n\n\n\n\n\n\n\n<p>Lorem Ipsum has been the industry&#8217;s standard dummy text ever since the 1500s.<\/p>\n\n\n\n<p><strong><strong>Anne Summerhays<\/strong><\/strong><br>Mount Saint Vincent University<\/p>\n\n\n\n\n\n\n\n<p>Lorem Ipsum has been the industry&#8217;s standard dummy text ever since the 1500s.<\/p>\n\n\n\n\n<p><strong><strong>Peter Webster<\/strong><\/strong><br>Saint Mary&#8217;s University<\/p>\n\n\n\n\n\n\n\n\n<p><strong><strong style=\"color: rgb(255, 255, 255);\">Documents<\/strong><\/strong><\/p>\n\n\n\n\n\n\n<p><img decoding=\"async\" pl-media-id=\"935\" src=\"https:\/\/caal-cbpa.ca\/wp-content\/uploads\/pdf-icon_sm.jpg\" alt=\"pdf icon\">\u00a0<a href=\"https:\/\/caal-cbpa.ca\/wp-content\/uploads\/CAAL-CBPA-Scholarly-Communications-Committee-Terms-of-Reference-2022.pdf\"><strong>\u00a0Mandat du comit\u00e9<\/strong><\/a><strong><a href=\"https:\/\/drive.google.com\/drive\/folders\/0B817d3OQ7D1vMVdab29JWFNtTzA?resourcekey=0-aya6FjobuZi_S7WOxmpmZg&amp;usp=sharing\"><br><\/a><\/strong><img decoding=\"async\" pl-media-id=\"1573\" src=\"https:\/\/caal-cbpa.ca\/wp-content\/uploads\/google-drive-icon_sm.png\" alt=\"\"><strong>\u00a0\u00a0<\/strong><a href=\"https:\/\/drive.google.com\/drive\/folders\/0B817d3OQ7D1vMVdab29JWFNtTzA?resourcekey=0-aya6FjobuZi_S7WOxmpmZg&amp;usp=sharing\" target=\"_blank\"><strong>Google Drive du comit\u00e9 (membres du comit\u00e9 seulement)<\/strong><\/a><\/p>","protected":false},"excerpt":{"rendered":"","protected":false},"author":2,"featured_media":0,"parent":168,"menu_order":0,"comment_status":"closed","ping_status":"closed","template":"","meta":{"pagelayer_contact_templates":[],"_pagelayer_content":"","footnotes":""},"folder":[],"class_list":["post-900","page","type-page","status-publish","hentry"],"_links":{"self":[{"href":"https:\/\/caal-cbpa.ca\/fr\/wp-json\/wp\/v2\/pages\/900","targetHints":{"allow":["GET"]}}],"collection":[{"href":"https:\/\/caal-cbpa.ca\/fr\/wp-json\/wp\/v2\/pages"}],"about":[{"href":"https:\/\/caal-cbpa.ca\/fr\/wp-json\/wp\/v2\/types\/page"}],"author":[{"embeddable":true,"href":"https:\/\/caal-cbpa.ca\/fr\/wp-json\/wp\/v2\/users\/2"}],"replies":[{"embeddable":true,"href":"https:\/\/caal-cbpa.ca\/fr\/wp-json\/wp\/v2\/comments?post=900"}],"version-history":[{"count":31,"href":"https:\/\/caal-cbpa.ca\/fr\/wp-json\/wp\/v2\/pages\/900\/revisions"}],"predecessor-version":[{"id":2038,"href":"https:\/\/caal-cbpa.ca\/fr\/wp-json\/wp\/v2\/pages\/900\/revisions\/2038"}],"up":[{"embeddable":true,"href":"https:\/\/caal-cbpa.ca\/fr\/wp-json\/wp\/v2\/pages\/168"}],"wp:attachment":[{"href":"https:\/\/caal-cbpa.ca\/fr\/wp-json\/wp\/v2\/media?parent=900"}],"wp:term":[{"taxonomy":"folder","embeddable":true,"href":"https:\/\/caal-cbpa.ca\/fr\/wp-json\/wp\/v2\/folder?post=900"}],"curies":[{"name":"wp","href":"https:\/\/api.w.org\/{rel}","templated":true}]}}