{"id":897,"date":"2025-07-30T21:24:51","date_gmt":"2025-07-30T21:24:51","guid":{"rendered":"https:\/\/caal-cbpa.ca\/?page_id=897"},"modified":"2026-01-05T02:15:50","modified_gmt":"2026-01-05T02:15:50","slug":"rdm","status":"publish","type":"page","link":"https:\/\/caal-cbpa.ca\/fr\/about\/committees\/rdm\/","title":{"rendered":"Comit\u00e9 de gestion des donn\u00e9es de recherche"},"content":{"rendered":"<p><strong><strong style=\"color: rgb(255, 255, 255);\">Objectif<\/strong><\/strong><\/p>\n\n\n\n\n\n\n\n<p>Le r\u00f4le du Comit\u00e9 de gestion des donn\u00e9es de recherche (GDR) est d\u2019\u00e9laborer des initiatives qui favorisent l\u2019\u00e9change de connaissances et la discussion au sujet de la GDR, d\u2019offrir des possibilit\u00e9s de formation partag\u00e9es \u00e0 l\u2019\u00e9chelle nationale et r\u00e9gionale et d\u2019optimiser nos ressources et notre expertise.\u00a0 En rassemblant des experts du domaine, le Comit\u00e9 appuie l\u2019adh\u00e9sion aux pratiques exemplaires et favorise un environnement de collaboration.\u00a0 Cette approche collaborative est essentielle \u00e0 l\u2019am\u00e9lioration de la gestion et de la pr\u00e9servation des donn\u00e9es de recherche, au maintien de l\u2019int\u00e9grit\u00e9 de la recherche et \u00e0 l\u2019am\u00e9lioration de l\u2019efficacit\u00e9 de l\u2019utilisation des donn\u00e9es dans le milieu de la recherche de l\u2019Atlantique.<\/p>\n\n\n\n\n\n\n\n<p><strong><strong style=\"color: rgb(255, 255, 255);\">Membres<\/strong><\/strong><\/p>\n\n\n\n\n\n\n\n\n\n\n\n\n\n<p><strong><strong>Chelsea Heighton<\/strong><\/strong><br>Nova Scotia Community College<br>Pr\u00e9sident du comit\u00e9<\/p>\n\n\n\n\n\n\n\n\n\n\n\n\n\n<p><strong><strong>Carolyn DeLorey<\/strong><\/strong><br>St. Francis Xavier University<br>Liaison avec le conseil d\u2019administration du comit\u00e9<\/p>\n\n\n\n\n\n\n\n\n\n\n\n\n\n\n\n<p><strong><strong>Mike Beazley<\/strong><\/strong><br>Acadia University<\/p>\n\n\n\n\n\n\n\n\n\n\n\n\n\n<p><strong><strong>Alison Farrell<\/strong><\/strong><br>Memorial University<\/p>\n\n\n\n\n\n\n\n\n\n\n\n\n\n\n\n<p><strong><strong>Louise Gillis<\/strong><\/strong><br>Dalhousie University<\/p>\n\n\n\n\n\n\n\n\n\n\n\n\n\n<p><strong><strong>Jasmine Hoover<\/strong><\/strong><br>Cape Breton University<\/p>\n\n\n\n\n\n\n\n\n\n\n\n\n\n\n\n<p><strong><strong>Kim Mears<\/strong><\/strong><br>University of Prince Edward Island<\/p>\n\n\n\n\n\n\n\n\n\n\n\n\n\n<p><strong><strong>Dan Phillips<\/strong><\/strong><br>Saint Mary&#8217;s University<\/p>\n\n\n\n\n\n\n\n\n\n\n\n\n\n\n\n<p><strong><strong>S<\/strong><\/strong><strong><strong>andra Sawchuk<\/strong><\/strong><br>Mount Saint Vincent University<\/p>\n\n\n\n\n\n\n\n\n\n\n\n\n\n<p><strong><strong>Elizabeth Stregger<\/strong><\/strong><br>Mount Allison University<\/p>\n\n\n\n\n\n\n\n\n\n<p><strong><strong style=\"color: rgb(255, 255, 255);\">Documents<\/strong><\/strong><\/p>\n\n\n\n\n\n\n\n<p><img decoding=\"async\" pl-media-id=\"935\" src=\"https:\/\/caal-cbpa.ca\/wp-content\/uploads\/pdf-icon_sm.jpg\" alt=\"pdf icon\">\u00a0<strong>\u00a0<a href=\"https:\/\/caal-cbpa.ca\/wp-content\/uploads\/CAAL-CBPA-RDM-Committee-Terms-of-Reference-2025.pdf\">Mandat du comit\u00e9<\/a><a href=\"https:\/\/drive.google.com\/drive\/folders\/1xta4dfL3kk4my1G-gfmv7IJGgVrdoRqT?usp=sharing\"><br><\/a><\/strong><img decoding=\"async\" pl-media-id=\"1573\" src=\"https:\/\/caal-cbpa.ca\/wp-content\/uploads\/google-drive-icon_sm.png\" alt=\"\"><strong><a href=\"https:\/\/drive.google.com\/drive\/folders\/1xta4dfL3kk4my1G-gfmv7IJGgVrdoRqT?usp=sharing\" target=\"_blank\">\u00a0 Google Drive du comit\u00e9 (membres du comit\u00e9 seulement)<\/a><\/strong><\/p>","protected":false},"excerpt":{"rendered":"","protected":false},"author":2,"featured_media":0,"parent":168,"menu_order":0,"comment_status":"closed","ping_status":"closed","template":"","meta":{"pagelayer_contact_templates":[],"_pagelayer_content":"","footnotes":""},"folder":[],"class_list":["post-897","page","type-page","status-publish","hentry"],"_links":{"self":[{"href":"https:\/\/caal-cbpa.ca\/fr\/wp-json\/wp\/v2\/pages\/897","targetHints":{"allow":["GET"]}}],"collection":[{"href":"https:\/\/caal-cbpa.ca\/fr\/wp-json\/wp\/v2\/pages"}],"about":[{"href":"https:\/\/caal-cbpa.ca\/fr\/wp-json\/wp\/v2\/types\/page"}],"author":[{"embeddable":true,"href":"https:\/\/caal-cbpa.ca\/fr\/wp-json\/wp\/v2\/users\/2"}],"replies":[{"embeddable":true,"href":"https:\/\/caal-cbpa.ca\/fr\/wp-json\/wp\/v2\/comments?post=897"}],"version-history":[{"count":30,"href":"https:\/\/caal-cbpa.ca\/fr\/wp-json\/wp\/v2\/pages\/897\/revisions"}],"predecessor-version":[{"id":2218,"href":"https:\/\/caal-cbpa.ca\/fr\/wp-json\/wp\/v2\/pages\/897\/revisions\/2218"}],"up":[{"embeddable":true,"href":"https:\/\/caal-cbpa.ca\/fr\/wp-json\/wp\/v2\/pages\/168"}],"wp:attachment":[{"href":"https:\/\/caal-cbpa.ca\/fr\/wp-json\/wp\/v2\/media?parent=897"}],"wp:term":[{"taxonomy":"folder","embeddable":true,"href":"https:\/\/caal-cbpa.ca\/fr\/wp-json\/wp\/v2\/folder?post=897"}],"curies":[{"name":"wp","href":"https:\/\/api.w.org\/{rel}","templated":true}]}}