{"id":893,"date":"2025-07-30T21:23:50","date_gmt":"2025-07-30T21:23:50","guid":{"rendered":"https:\/\/caal-cbpa.ca\/?page_id=893"},"modified":"2025-09-02T19:02:45","modified_gmt":"2025-09-02T19:02:45","slug":"oer","status":"publish","type":"page","link":"https:\/\/caal-cbpa.ca\/fr\/about\/committees\/oer\/","title":{"rendered":"Comit\u00e9 consultatif sur les R\u00c9L"},"content":{"rendered":"<p><strong><strong style=\"color: rgb(255, 255, 255);\">Objectif<\/strong><\/strong><\/p>\n\n\n\n\n<p>Le Comit\u00e9 consultatif sur les R\u00c9L se concentre sur l\u2019avancement des objectifs strat\u00e9giques du CBPA par rapport aux R\u00c9L et au service R\u00c9LAtlantique.\u00a0 Le Comit\u00e9 offre son expertise et son soutien au responsable de la R\u00c9LAtlantique du CBPA dans la d\u00e9finition et le d\u00e9veloppement des services R\u00c9LAtlantique. Cela comprend des recommandations et une orientation pour la cr\u00e9ation de politiques claires.\u00a0 Le Comit\u00e9 assure \u00e9galement la liaison entre les institutions membres du CBPA et le responsable R\u00c9LAtlantique en promouvant et soutenant les initiatives de REL dans <br>leurs \u00e9tablissements.<br><br>Le Comit\u00e9 supervise \u00e9galement le <a href=\"https:\/\/caal-cbpa.ca\/fr\/about\/committees\/oer\/oergrantscomm\/\">Sous-comit\u00e9 des subventions de d\u00e9veloppement de R\u00c9LAtlantique<\/a>.\u00a0 Il est compos\u00e9 de membres b\u00e9n\u00e9voles du comit\u00e9 consultatif R\u00c9LAtlantique et agit \u00e0 titre d\u2019adjudicateurs pour le programme annuel de subventions de d\u00e9veloppement R\u00c9LAtlantique.<\/p>\n\n\n\n\n<p><strong><strong style=\"color: rgb(255, 255, 255);\">Membres<\/strong><\/strong><\/p>\n\n\n\n\n\n\n<p>Lorem Ipsum has been the industry&#8217;s standard dummy text ever since the 1500s.<\/p>\n\n\n\n<p><strong><strong>Alexandra Marcaccio<\/strong><\/strong><br>CAAL-CBPA<br>Pr\u00e9sident du comit\u00e9<\/p>\n\n\n\n\n\n\n\n<p>Lorem Ipsum has been the industry&#8217;s standard dummy text ever since the 1500s.<\/p>\n\n\n\n<p><strong><strong>Andrea Stewart<\/strong><\/strong><br>Nova Scotia Community College<br>Liaison avec le conseil d\u2019administration du comit\u00e9<\/p>\n\n\n\n\n\n\n\n\n\n<p>Lorem Ipsum has been the industry&#8217;s standard dummy text ever since the 1500s.<\/p>\n\n\n\n<p><strong><strong>Geoff Brown<\/strong><\/strong><br>Dalhousie University<\/p>\n\n\n\n\n\n\n\n<p>Lorem Ipsum has been the industry&#8217;s standard dummy text ever since the 1500s.<\/p>\n\n\n\n<p><strong><strong>Catherine Gracey<\/strong><\/strong><br>University of New Brunswick<\/p>\n\n\n\n\n\n\n\n\n\n<p>Lorem Ipsum has been the industry&#8217;s standard dummy text ever since the 1500s.<\/p>\n\n\n\n<p><strong><strong>Jasmine Hoover<\/strong><\/strong><br>Cape Breton University<\/p>\n\n\n\n\n\n\n\n<p>Lorem Ipsum has been the industry&#8217;s standard dummy text ever since the 1500s.<\/p>\n\n\n\n<p><strong><strong>Keri McCaffrey<\/strong><\/strong><br>University of Prince Edward Island<\/p>\n\n\n\n\n\n\n\n\n\n<p>Lorem Ipsum has been the industry&#8217;s standard dummy text ever since the 1500s.<\/p>\n\n\n\n<p><strong><strong>Lindsey MacCallum<\/strong><\/strong><br>Mount Saint Vincent University<\/p>\n\n\n\n\n\n\n\n<p>Lorem Ipsum has been the industry&#8217;s standard dummy text ever since the 1500s.<\/p>\n\n\n\n<p><strong><strong>Lynn MacGregor<\/strong><\/strong><br>Nova Scotia Community College<\/p>\n\n\n\n\n\n\n\n\n\n<p>Lorem Ipsum has been the industry&#8217;s standard dummy text ever since the 1500s.<\/p>\n\n\n\n<p><strong><strong>Samantha Read<\/strong><\/strong><br>St. Francis Xavier University<\/p>\n\n\n\n\n\n\n\n<p>Lorem Ipsum has been the industry&#8217;s standard dummy text ever since the 1500s.<\/p>\n\n\n\n<p><strong><strong>Dan Phillips<\/strong><\/strong><br>Saint Mary&#8217;s University<\/p>\n\n\n\n\n\n\n\n\n\n<p>Lorem Ipsum has been the industry&#8217;s standard dummy text ever since the 1500s.<\/p>\n\n\n\n<p><strong><strong>Brendan Roberts<br><\/strong><\/strong>StudentsNS<\/p>\n\n\n\n\n\n\n\n<p>Lorem Ipsum has been the industry&#8217;s standard dummy text ever since the 1500s.<\/p>\n\n\n\n<p><strong><strong>Ann Smith<\/strong><\/strong><br>Acadia University<\/p>\n\n\n\n\n\n\n\n\n\n\n<p>Lorem Ipsum has been the industry&#8217;s standard dummy text ever since the 1500s.<\/p>\n\n\n\n\n<p><strong><strong>Victoria Volkanova<\/strong><\/strong><br>Universit\u00e9 de Moncton<\/p>\n\n\n\n\n\n\n\n\n\n\n\n\n\n\n\n<p><strong><strong style=\"color: rgb(255, 255, 255);\">Documents<\/strong><\/strong><\/p>\n\n\n\n\n<p><img decoding=\"async\" pl-media-id=\"935\" src=\"https:\/\/caal-cbpa.ca\/wp-content\/uploads\/pdf-icon_sm.jpg\" alt=\"Adobe PDF Icon\">&nbsp;<a href=\"https:\/\/caal-cbpa.ca\/wp-content\/uploads\/CAAL-CBPA-OER-Advisory-Committee-Terms-of-Reference-2024.pdf\" target=\"_blank\"><strong>&nbsp;Mandat du comit\u00e9<\/strong><\/a><a href=\"https:\/\/drive.google.com\/drive\/folders\/11zPyUwyy2-eM8Hw-dWfE_gOfJsjT4wl-?usp=sharing\" target=\"_blank\"><strong><strong><br><\/strong><\/strong><\/a>\n\n<img decoding=\"async\" src=\"https:\/\/caal-cbpa.ca\/wp-content\/uploads\/google-drive-icon_sm.png\" alt=\"\" pl-media-id=\"1573\">\n\n<strong>&nbsp;<a href=\"https:\/\/drive.google.com\/drive\/folders\/11zPyUwyy2-eM8Hw-dWfE_gOfJsjT4wl-?usp=sharing\" target=\"_blank\">Google Drive du comit\u00e9 (membres du comit\u00e9 seulement)<\/a><\/strong><\/p>","protected":false},"excerpt":{"rendered":"","protected":false},"author":2,"featured_media":0,"parent":168,"menu_order":0,"comment_status":"closed","ping_status":"closed","template":"","meta":{"pagelayer_contact_templates":[],"_pagelayer_content":"","footnotes":""},"folder":[],"class_list":["post-893","page","type-page","status-publish","hentry"],"_links":{"self":[{"href":"https:\/\/caal-cbpa.ca\/fr\/wp-json\/wp\/v2\/pages\/893","targetHints":{"allow":["GET"]}}],"collection":[{"href":"https:\/\/caal-cbpa.ca\/fr\/wp-json\/wp\/v2\/pages"}],"about":[{"href":"https:\/\/caal-cbpa.ca\/fr\/wp-json\/wp\/v2\/types\/page"}],"author":[{"embeddable":true,"href":"https:\/\/caal-cbpa.ca\/fr\/wp-json\/wp\/v2\/users\/2"}],"replies":[{"embeddable":true,"href":"https:\/\/caal-cbpa.ca\/fr\/wp-json\/wp\/v2\/comments?post=893"}],"version-history":[{"count":41,"href":"https:\/\/caal-cbpa.ca\/fr\/wp-json\/wp\/v2\/pages\/893\/revisions"}],"predecessor-version":[{"id":1741,"href":"https:\/\/caal-cbpa.ca\/fr\/wp-json\/wp\/v2\/pages\/893\/revisions\/1741"}],"up":[{"embeddable":true,"href":"https:\/\/caal-cbpa.ca\/fr\/wp-json\/wp\/v2\/pages\/168"}],"wp:attachment":[{"href":"https:\/\/caal-cbpa.ca\/fr\/wp-json\/wp\/v2\/media?parent=893"}],"wp:term":[{"taxonomy":"folder","embeddable":true,"href":"https:\/\/caal-cbpa.ca\/fr\/wp-json\/wp\/v2\/folder?post=893"}],"curies":[{"name":"wp","href":"https:\/\/api.w.org\/{rel}","templated":true}]}}