{"id":886,"date":"2025-07-30T21:20:16","date_gmt":"2025-07-30T21:20:16","guid":{"rendered":"https:\/\/caal-cbpa.ca\/?page_id=886"},"modified":"2026-04-10T17:30:53","modified_gmt":"2026-04-10T17:30:53","slug":"dpsc","status":"publish","type":"page","link":"https:\/\/caal-cbpa.ca\/fr\/about\/committees\/dpsc\/","title":{"rendered":"Comit\u00e9 de conservation et d\u2019intendance num\u00e9riques"},"content":{"rendered":"<p><strong><strong style=\"color: rgb(255, 255, 255);\">Objectif<\/strong><\/strong><\/p>\n\n\n\n\n\n\n<p>Le r\u00f4le du Comit\u00e9 de conservation et d\u2019intendance num\u00e9riques consiste \u00e0\u00a0:<\/p><ul><li>Favoriser et faire progresser la pr\u00e9servation et l\u2019intendance num\u00e9riques parmi les membres du CBPA;<\/li><li>Orienter et am\u00e9liorer la capacit\u00e9 d\u2019entreprendre de telles activit\u00e9s de pr\u00e9servation et d\u2019intendance dans la r\u00e9gion de l\u2019Atlantique;<\/li><li>Partager les pratiques exemplaires dans les domaines de la pr\u00e9servation et de l\u2019intendance num\u00e9riques;<\/li><li>Collaborer avec d\u2019autres groupes engag\u00e9s dans des initiatives de conservation et de g\u00e9rance num\u00e9riques pour aider \u00e0 \u00e9clairer le contexte de nos \u00e9tablissements membres.<\/li><\/ul>\n\n\n\n\n\n\n<p><strong><strong style=\"color: rgb(255, 255, 255);\">Membres<\/strong><\/strong><\/p>\n\n\n\n\n\n\n\n<p>Lorem Ipsum has been the industry&#8217;s standard dummy text ever since the 1500s.<\/p>\n\n\n<p><strong><strong>Keltie MacPhail<\/strong><\/strong><br>University of Prince Edward Island<br>Pr\u00e9sident du comit\u00e9<\/p>\n\n\n\n\n\n\n<p>Lorem Ipsum has been the industry&#8217;s standard dummy text ever since the 1500s.<\/p>\n\n\n\n<p><strong><strong>Jeanne-Mance Cormier<br><\/strong><\/strong>Universit\u00e9 de Moncton<br>Liaison avec le conseil d\u2019administration du comit\u00e9<\/p>\n\n\n\n\n\n\n\n\n\n<p>Lorem Ipsum has been the industry&#8217;s standard dummy text ever since the 1500s.<\/p>\n\n\n<p><strong><strong>Ren\u00e9e Belliveau<\/strong><\/strong><br>Council of Nova Scotia Archives<\/span><\/p>\n\n\n\n\n\n\n<p>Lorem Ipsum has been the industry&#8217;s standard dummy text ever since the 1500s.<\/p>\n\n\n<strong><strong>Devon Fraser<\/strong><\/strong><br>St. Francis Xavier University\n\n\n\n\n\n\n\n\n<p>Lorem Ipsum has been the industry&#8217;s standard dummy text ever since the 1500s.<\/p>\n\n\n<p><strong><strong>Mitchell Jabalee<\/strong><\/strong><br>Cape Breton University<\/p>\n\n\n\n\n\n\n<p>Lorem Ipsum has been the industry&#8217;s standard dummy text ever since the 1500s.<\/p>\n\n\n<strong><strong>Phil Laugher<\/strong><\/strong><br>Dalhousie University\n\n\n\n\n\n\n\n\n<p>Lorem Ipsum has been the industry&#8217;s standard dummy text ever since the 1500s.<\/p>\n\n\n<p><strong><strong>David Mawhinney<\/strong><\/strong><br>Mount Allison University<\/p>\n\n\n\n\n\n\n<p>Lorem Ipsum has been the industry&#8217;s standard dummy text ever since the 1500s.<\/p>\n\n\n<strong><strong>Samantha Read<\/strong><\/strong><br>St. Francis Xavier University\n\n\n\n\n\n\n\n\n<p>Lorem Ipsum has been the industry&#8217;s standard dummy text ever since the 1500s.<\/p>\n\n\n<p><strong><strong>Heather Walker<\/strong><\/strong><br>Council of Nova Scotia Archives<\/p>\n\n\n\n\n\n\n\n\n<p><br><\/p>\n\n\n\n\n\n\n\n<p><strong><strong style=\"color: rgb(255, 255, 255);\">Documents<\/strong><\/strong><\/p>\n\n\n\n\n\n<p><img decoding=\"async\" pl-media-id=\"935\" src=\"https:\/\/caal-cbpa.ca\/wp-content\/uploads\/pdf-icon_sm.jpg\" alt=\"pdf icon\">&nbsp;<a href=\"https:\/\/caal-cbpa.ca\/wp-content\/uploads\/CAAL-Digital-Preservation-and-Stewardship-Committee-Terms-of-Reference-2023.pdf\"><strong>&nbsp;Mandat du comit\u00e9<a href=\"https:\/\/drive.google.com\/drive\/folders\/0B817d3OQ7D1vYnhZX2JJWFRIcmc?resourcekey=0-Kv3FX7VdaYPc0bB3X9I3cw&amp;usp=sharing\" target=\"_blank\"><br><\/a><\/strong><\/a><img decoding=\"async\" src=\"https:\/\/caal-cbpa.ca\/wp-content\/uploads\/google-drive-icon_sm.png\" alt=\"Google Drive icon\" pl-media-id=\"1573\"><strong>&nbsp;&nbsp;<\/strong><a href=\"https:\/\/drive.google.com\/drive\/folders\/0B817d3OQ7D1vYnhZX2JJWFRIcmc?resourcekey=0-Kv3FX7VdaYPc0bB3X9I3cw&amp;usp=sharing\" target=\"_blank\"><strong>Google Drive du comit\u00e9 (membres du comit\u00e9 seulement)<\/strong><\/a><\/p>","protected":false},"excerpt":{"rendered":"","protected":false},"author":2,"featured_media":0,"parent":168,"menu_order":0,"comment_status":"closed","ping_status":"closed","template":"","meta":{"pagelayer_contact_templates":[],"_pagelayer_content":"","footnotes":""},"folder":[],"class_list":["post-886","page","type-page","status-publish","hentry"],"_links":{"self":[{"href":"https:\/\/caal-cbpa.ca\/fr\/wp-json\/wp\/v2\/pages\/886","targetHints":{"allow":["GET"]}}],"collection":[{"href":"https:\/\/caal-cbpa.ca\/fr\/wp-json\/wp\/v2\/pages"}],"about":[{"href":"https:\/\/caal-cbpa.ca\/fr\/wp-json\/wp\/v2\/types\/page"}],"author":[{"embeddable":true,"href":"https:\/\/caal-cbpa.ca\/fr\/wp-json\/wp\/v2\/users\/2"}],"replies":[{"embeddable":true,"href":"https:\/\/caal-cbpa.ca\/fr\/wp-json\/wp\/v2\/comments?post=886"}],"version-history":[{"count":39,"href":"https:\/\/caal-cbpa.ca\/fr\/wp-json\/wp\/v2\/pages\/886\/revisions"}],"predecessor-version":[{"id":2328,"href":"https:\/\/caal-cbpa.ca\/fr\/wp-json\/wp\/v2\/pages\/886\/revisions\/2328"}],"up":[{"embeddable":true,"href":"https:\/\/caal-cbpa.ca\/fr\/wp-json\/wp\/v2\/pages\/168"}],"wp:attachment":[{"href":"https:\/\/caal-cbpa.ca\/fr\/wp-json\/wp\/v2\/media?parent=886"}],"wp:term":[{"taxonomy":"folder","embeddable":true,"href":"https:\/\/caal-cbpa.ca\/fr\/wp-json\/wp\/v2\/folder?post=886"}],"curies":[{"name":"wp","href":"https:\/\/api.w.org\/{rel}","templated":true}]}}