{"id":880,"date":"2025-07-30T21:14:14","date_gmt":"2025-07-30T21:14:14","guid":{"rendered":"https:\/\/caal-cbpa.ca\/?page_id=880"},"modified":"2026-02-17T19:12:48","modified_gmt":"2026-02-17T19:12:48","slug":"copyright","status":"publish","type":"page","link":"https:\/\/caal-cbpa.ca\/fr\/about\/committees\/copyright\/","title":{"rendered":"Comit\u00e9 du droit d\u2019auteur"},"content":{"rendered":"<p><strong><strong style=\"color: rgb(255, 255, 255);\">Objectif<\/strong><\/strong><\/p>\n\n\n\n\n<p><span class=\"field-content\">Le Comit\u00e9 du droit d\u2019auteur est un comit\u00e9 permanent qui se concentre sur l\u2019avancement de plusieurs objectifs strat\u00e9giques du CBPA, y compris, sans s\u2019y limiter, la communication savante, le partage des ressources, les collections et le perfectionnement professionnel.<br><br>Le r\u00f4le du Comit\u00e9 du droit d\u2019auteur consiste \u00e0 fournir de l\u2019information et un soutien \u00e0 la communaut\u00e9 CBPA sur les questions li\u00e9es au droit d\u2019auteur et aux pratiques exemplaires. faciliter les possibilit\u00e9s de perfectionnement professionnel et offrir un soutien en mati\u00e8re de recherche et de conseils au Conseil d\u2019administration sur les questions de droit d\u2019auteur \u00e0 l\u2019\u00e9chelle r\u00e9gionale et nationale.<\/span><\/p>\n\n\n\n\n<p><strong><strong style=\"color: rgb(255, 255, 255);\">Membres<\/strong><\/strong><\/p>\n\n\n\n\n\n\n\n\n\n<p><strong><strong>Jaclyn Chambers Page<\/strong><\/strong><br>Dalhousie University<br>Pr\u00e9sident du comit\u00e9<\/p>\n\n\n\n\n\n\n\n\n\n<p><strong><strong>Jeannie Bail<\/strong><\/strong><br>Mount Saint Vincent University<br>Liaison avec le conseil d\u2019administration du comit\u00e9<\/p>\n\n\n\n\n\n\n\n\n\n\n\n<p><strong><strong>Kaitlin Fuller<\/strong><\/strong><br>St. Francis Xavier University<\/p>\n\n\n\n\n\n\n\n\n\n<p><strong><strong>Pamela Maher<\/strong><\/strong><br>Universit\u00e9 Sainte-Anne<\/p>\n\n\n\n\n\n\n\n\n\n\n\n<p><strong><strong>Lisa Marshall<br><\/strong><\/strong>College of the North Atlantic<\/p>\n\n\n\n\n\n\n\n\n\n<p><strong><strong>Dan Phillips<\/strong><\/strong><br>Saint Mary&#8217;s University<\/p>\n\n\n\n\n\n\n\n\n\n\n\n<p><strong><strong>Crystal Rose<\/strong><\/strong><br>Memorial University<\/p><p><\/p>\n\n\n\n\n\n\n\n\n\n<p><strong><strong>Andrea Stewart<br><\/strong><\/strong>Nova Scotia Community College<\/p>\n\n\n\n\n\n\n<p><strong><strong style=\"color: rgb(255, 255, 255);\">Documents<\/strong><\/strong><\/p>\n\n\n\n\n<p><img decoding=\"async\" src=\"https:\/\/caal-cbpa.ca\/wp-content\/uploads\/pdf-icon_sm.jpg\" alt=\"pdf icon\" pl-media-id=\"935\">&nbsp;<strong><strong>&nbsp;<\/strong><\/strong><a href=\"https:\/\/caal-cbpa.ca\/wp-content\/uploads\/CAAL-CBPA-Copyright-Committee-Terms-of-Reference-2022v.2.pdf\"><strong>Mandat du comit\u00e9<\/strong><\/a><strong><a href=\"https:\/\/drive.google.com\/drive\/folders\/0B817d3OQ7D1vMVdab29JWFNtTzA?resourcekey=0-aya6FjobuZi_S7WOxmpmZg&amp;usp=sharing\"><br><\/a><\/strong><img decoding=\"async\" src=\"https:\/\/caal-cbpa.ca\/wp-content\/uploads\/google-drive-icon_sm.png\" alt=\"\" pl-media-id=\"1573\"><strong><a href=\"https:\/\/drive.google.com\/drive\/folders\/0B817d3OQ7D1vMVdab29JWFNtTzA?resourcekey=0-aya6FjobuZi_S7WOxmpmZg&amp;usp=sharing\" target=\"_blank\">&nbsp; Google Drive du comit\u00e9 (membres du comit\u00e9 seulement)<\/a><\/strong><\/p>","protected":false},"excerpt":{"rendered":"","protected":false},"author":2,"featured_media":0,"parent":168,"menu_order":0,"comment_status":"closed","ping_status":"closed","template":"","meta":{"pagelayer_contact_templates":[],"_pagelayer_content":"","footnotes":""},"folder":[],"class_list":["post-880","page","type-page","status-publish","hentry"],"_links":{"self":[{"href":"https:\/\/caal-cbpa.ca\/fr\/wp-json\/wp\/v2\/pages\/880","targetHints":{"allow":["GET"]}}],"collection":[{"href":"https:\/\/caal-cbpa.ca\/fr\/wp-json\/wp\/v2\/pages"}],"about":[{"href":"https:\/\/caal-cbpa.ca\/fr\/wp-json\/wp\/v2\/types\/page"}],"author":[{"embeddable":true,"href":"https:\/\/caal-cbpa.ca\/fr\/wp-json\/wp\/v2\/users\/2"}],"replies":[{"embeddable":true,"href":"https:\/\/caal-cbpa.ca\/fr\/wp-json\/wp\/v2\/comments?post=880"}],"version-history":[{"count":51,"href":"https:\/\/caal-cbpa.ca\/fr\/wp-json\/wp\/v2\/pages\/880\/revisions"}],"predecessor-version":[{"id":2220,"href":"https:\/\/caal-cbpa.ca\/fr\/wp-json\/wp\/v2\/pages\/880\/revisions\/2220"}],"up":[{"embeddable":true,"href":"https:\/\/caal-cbpa.ca\/fr\/wp-json\/wp\/v2\/pages\/168"}],"wp:attachment":[{"href":"https:\/\/caal-cbpa.ca\/fr\/wp-json\/wp\/v2\/media?parent=880"}],"wp:term":[{"taxonomy":"folder","embeddable":true,"href":"https:\/\/caal-cbpa.ca\/fr\/wp-json\/wp\/v2\/folder?post=880"}],"curies":[{"name":"wp","href":"https:\/\/api.w.org\/{rel}","templated":true}]}}