{"id":877,"date":"2025-07-30T21:13:20","date_gmt":"2025-07-31T00:13:20","guid":{"rendered":"https:\/\/caal-cbpa.ca\/?page_id=877"},"modified":"2026-04-16T11:21:09","modified_gmt":"2026-04-16T14:21:09","slug":"collections","status":"publish","type":"page","link":"https:\/\/caal-cbpa.ca\/fr\/about\/committees\/collections\/","title":{"rendered":"Comit\u00e9 des collections"},"content":{"rendered":"<p><strong><strong style=\"color: rgb(255, 255, 255);\">Objectif<\/strong><\/strong><\/p>\n\n\n\n\n<p>Le Comit\u00e9 des collections se concentre sur l\u2019avancement de plusieurs objectifs strat\u00e9giques du CBPA, en particulier ceux qui ont trait aux achats collectifs, \u00e0 la pr\u00e9servation et aux collections num\u00e9riques, au perfectionnement professionnel et au partage des ressources.\u00a0 Le r\u00f4le du Comit\u00e9 des collections est de fournir un soutien et une expertise \u00e0 la directrice g\u00e9n\u00e9rale et les uns aux autres au sujet de ces objectifs.<br><br>Le Comit\u00e9 des collections supervise le <a href=\"https:\/\/caal-cbpa.ca\/fr\/about\/committees\/collections\/colleges-sub-committee\/\">Sous-comit\u00e9 des coll\u00e8ges<\/a>, <a href=\"https:\/\/caal-cbpa.ca\/fr\/about\/committees\/collections\/licensing-advisory-sub-committee\/\">Sous-comit\u00e9 consultatif sur la d\u00e9livrance de permis<\/a>, et <a href=\"https:\/\/caal-cbpa.ca\/fr\/about\/committees\/collections\/shared-collections-sub-committee\/\">Groupe de travail sur les collections partag\u00e9es<\/a>.<\/p>\n\n\n\n\n<p><strong><strong style=\"color: rgb(255, 255, 255);\">Membres<\/strong><\/strong><\/p>\n\n\n\n\n\n\n\n\n\n<p><strong><strong>Kathryn Rose<\/strong><\/strong><br>Memorial University<br>Pr\u00e9sident du comit\u00e9<\/p>\n\n\n\n\n\n\n\n\n\n<p><strong><strong>Rebecca Young<\/strong><\/strong><br>NSCAD University<br>Liaison avec le conseil d\u2019administration du comit\u00e9<\/p>\n\n\n\n\n\n\n\n\n\n\n\n<p><strong><strong>Jeannie Bail<br><\/strong><\/strong>Mount Saint Vincent University<\/p>\n\n\n\n\n\n\n\n\n\n<p><strong><strong>Melissa Belvadi<br><\/strong><\/strong>University of Prince Edward Island<\/p>\n\n\n\n\n\n\n\n\n\n\n\n<p><strong><strong>Nicole Carter<br><\/strong><\/strong>Saint Mary&#8217;s University<\/p>\n\n\n\n\n\n\n\n\n\n<p><strong><strong>Waley Frotan<\/strong><\/strong><br>Holland College<\/p>\n\n\n\n\n\n\n\n\n\n\n\n<p><strong><strong>Deborah Hemming<br><\/strong><\/strong>Acadia University<\/p>\n\n\n\n\n\n\n\n\n\n<p><strong><strong>Kirsten Huhn<br><\/strong><\/strong>Dalhousie University<\/p>\n\n\n\n\n\n\n\n\n\n\n\n<p><strong><strong>Jason Lee<br><\/strong><\/strong>Cape Breton University<\/p>\n\n\n\n\n\n\n\n\n\n<p><strong><strong>Julie Lefran\u00e7ois<br><\/strong><\/strong>Coll\u00e8ge communautaire du Nouveau-Brunswick<\/p>\n\n\n\n\n\n\n\n\n\n\n\n<p><strong><strong>Tracy Lenfesty<br><\/strong><\/strong>University of King&#8217;s College<\/p>\n\n\n\n\n\n\n\n\n\n<p><strong><strong>Anne LePage<br><\/strong><\/strong>Mount Allison University<\/p>\n\n\n\n\n\n\n\n\n\n\n\n<p><strong><strong>Pamela Maher<br><\/strong><\/strong>Universit\u00e9 Sainte-Anne<\/p>\n\n\n\n\n\n\n\n\n\n<p><strong><strong>Stephen Nolan<br><\/strong><\/strong>College of the North Atlantic<\/p>\n\n\n\n\n\n\n\n\n\n\n\n<p><strong><strong>Nathalie Parent<br><\/strong><\/strong>Universit\u00e9 de Moncton<\/p>\n\n\n\n\n\n\n\n\n\n<p><strong><strong>Denise Parrott<br><\/strong><\/strong>Nova Scotia Community College<\/p>\n\n\n\n\n\n\n\n\n\n\n\n<p><strong><strong>Linda Roulston<br><\/strong><\/strong>University of New Brunswick<\/p>\n\n\n\n\n\n\n\n\n\n<p><strong><strong>Jamie Shaddick<\/strong><\/strong><br>New Brunswick Community College<\/p>\n\n\n\n\n\n\n\n\n\n\n\n<p><strong><strong>Margaret Vail<br><\/strong><\/strong>St. Francis Xavier University<\/p>\n\n\n\n\n\n\n\n\n\n<p><strong><strong>Terri Winchcombe<br><\/strong><\/strong>Saint Mary&#8217;s University<\/p>\n\n\n\n\n\n\n\n\n\n\n\n\n\n\n<p><strong><strong style=\"color: rgb(255, 255, 255);\">Documents<\/strong><\/strong><\/p>\n\n\n\n\n<p><img decoding=\"async\" src=\"https:\/\/caal-cbpa.ca\/wp-content\/uploads\/pdf-icon_sm.jpg\" alt=\"pdf icon\" pl-media-id=\"935\">&nbsp;&nbsp;<a href=\"https:\/\/caal-cbpa.ca\/wp-content\/uploads\/CAAL-CBPA-Collection-Committee-Terms-of-Reference-2022.pdf\"><strong>Mandat du comit\u00e9<strong><\/strong><\/strong><\/a><strong><strong><a href=\"https:\/\/drive.google.com\/drive\/folders\/0B-8naPUVPAOxUDl3RlZkRVliOHc?resourcekey=0-ZCg_EsqhsKgYt3gaH5GFYQ&amp;usp=sharing\"><br><\/a><\/strong><\/strong><img decoding=\"async\" src=\"https:\/\/caal-cbpa.ca\/wp-content\/uploads\/google-drive-icon_sm.png\" alt=\"\" pl-media-id=\"1573\"><strong>&nbsp;&nbsp;<a href=\"https:\/\/drive.google.com\/drive\/folders\/0B-8naPUVPAOxUDl3RlZkRVliOHc?resourcekey=0-ZCg_EsqhsKgYt3gaH5GFYQ&amp;usp=sharing\" target=\"_blank\">Google Drive du comit\u00e9 (membres du comit\u00e9 seulement)<\/a><\/strong><\/p>","protected":false},"excerpt":{"rendered":"","protected":false},"author":2,"featured_media":0,"parent":168,"menu_order":0,"comment_status":"closed","ping_status":"closed","template":"","meta":{"pagelayer_contact_templates":[],"_pagelayer_content":"","footnotes":""},"folder":[],"class_list":["post-877","page","type-page","status-publish","hentry"],"_links":{"self":[{"href":"https:\/\/caal-cbpa.ca\/fr\/wp-json\/wp\/v2\/pages\/877","targetHints":{"allow":["GET"]}}],"collection":[{"href":"https:\/\/caal-cbpa.ca\/fr\/wp-json\/wp\/v2\/pages"}],"about":[{"href":"https:\/\/caal-cbpa.ca\/fr\/wp-json\/wp\/v2\/types\/page"}],"author":[{"embeddable":true,"href":"https:\/\/caal-cbpa.ca\/fr\/wp-json\/wp\/v2\/users\/2"}],"replies":[{"embeddable":true,"href":"https:\/\/caal-cbpa.ca\/fr\/wp-json\/wp\/v2\/comments?post=877"}],"version-history":[{"count":61,"href":"https:\/\/caal-cbpa.ca\/fr\/wp-json\/wp\/v2\/pages\/877\/revisions"}],"predecessor-version":[{"id":2467,"href":"https:\/\/caal-cbpa.ca\/fr\/wp-json\/wp\/v2\/pages\/877\/revisions\/2467"}],"up":[{"embeddable":true,"href":"https:\/\/caal-cbpa.ca\/fr\/wp-json\/wp\/v2\/pages\/168"}],"wp:attachment":[{"href":"https:\/\/caal-cbpa.ca\/fr\/wp-json\/wp\/v2\/media?parent=877"}],"wp:term":[{"taxonomy":"folder","embeddable":true,"href":"https:\/\/caal-cbpa.ca\/fr\/wp-json\/wp\/v2\/folder?post=877"}],"curies":[{"name":"wp","href":"https:\/\/api.w.org\/{rel}","templated":true}]}}