{"id":2306,"date":"2026-04-27T18:04:00","date_gmt":"2026-04-27T21:04:00","guid":{"rendered":"https:\/\/caal-cbpa.ca\/?page_id=2306"},"modified":"2026-04-28T18:19:43","modified_gmt":"2026-04-28T21:19:43","slug":"indigenous-information-professional-grant","status":"publish","type":"page","link":"https:\/\/caal-cbpa.ca\/fr\/grants\/indigenous-information-professional-grant\/","title":{"rendered":"Subvention pour les professionnels de l\u2019information autochtone"},"content":{"rendered":"<p><strong><strong>Date limite de soumission\u00a0:<\/strong><\/strong>\u00a0La demande et tous les documents connexes doivent \u00eatre re\u00e7us au plus tard <strong><strong>le mardi\u00a026\u00a0mai\u00a02026<\/strong><\/strong>.<\/p>\n\n\n<p><strong><strong style=\"color: rgb(255, 255, 255);\">Objectif<\/strong><\/strong><\/p>\n\n\n\n\n\n\n<p>Le CBPA est fermement d\u00e9termin\u00e9e \u00e0 favoriser la diversit\u00e9 au sein de notre collectivit\u00e9 en faisant progresser <a href=\"https:\/\/ehprnh2mwo3.exactdn.com\/wp-content\/uploads\/2021\/04\/4-Appels_a_l-Action_French.pdf\">Appels \u00e0 l\u2019action de la Commission de v\u00e9rit\u00e9 et r\u00e9conciliation du Canada<\/a> ainsi qu\u2019en augmentant la diversit\u00e9 des connaissances repr\u00e9sent\u00e9es dans nos institutions membres. Nous souhaitons la bienvenue aux candidats qui contribueront \u00e0 \u00e9largir les voix repr\u00e9sent\u00e9es dans notre domaine et son savoir.  La CAAL-CBPA appuie la diversit\u00e9, l\u2019\u00e9quit\u00e9 et l\u2019inclusion dans l\u2019ensemble de notre collectivit\u00e9.<\/p><br>\n\n<p>Cette subvention vise \u00e0 aider \u00e0 atteindre les objectifs suivants\u00a0:<br><br><\/p><ul><li>Soutenir l\u2019auto-identification des peuples autochtones dans la r\u00e9gion de l\u2019Atlantique ou provenant de celle-ci qui poursuivent une carri\u00e8re en gestion de l\u2019information, soit directement, soit en partenariat avec d\u2019autres organisations ou institutions.<\/li>\n<li>Aider les Autochtones qui s\u2019identifient comme tels \u00e0 faire carri\u00e8re dans la gestion de l\u2019information dans les biblioth\u00e8ques membres du CBPA, soit directement, soit en partenariat avec d\u2019autres organisations ou institutions.<\/li><\/ul>\n\n\n\n\n\n\n<p><span style=\"color:#ffffff;\"><strong><strong>Montant de la subvention<\/strong><\/strong><\/span><strong><br><\/strong><\/p>\n\n\n\n\n\n\n<p>Une subvention de 1\u00a0000\u00a0$ sera accord\u00e9e chaque ann\u00e9e, lorsqu\u2019elle est m\u00e9rit\u00e9e. Les subventions sont assujetties \u00e0 toutes les exigences en mati\u00e8re de rapports de l\u2019Agence du revenu du Canada.<\/p>\n\n\n\n\n\n\n<p><span style=\"color:#ffffff;\"><strong><strong>Crit\u00e8res d\u2019admissibilit\u00e9<\/strong><\/strong><\/span><strong><br><\/strong><\/p>\n\n\n\n\n\n<ul><li>Le demandeur doit \u00eatre un citoyen canadien ou un r\u00e9sident permanent et un r\u00e9sident du Canada atlantique (qui peut \u00e9tudier \u00e0 l\u2019ext\u00e9rieur du Canada atlantique).<\/li><li>Les personnes qui s\u2019identifient comme Autochtones (Premi\u00e8res Nations, M\u00e9tis ou Inuits).<\/li><li>Current employee at a CAAL-CBPA library or archive;<strong><strong>&nbsp;et\/ou<\/strong><\/strong>&nbsp;est actuellement inscrit ou a \u00e9t\u00e9 accept\u00e9 dans un programme accr\u00e9dit\u00e9 par l\u2019ALA en biblioth\u00e9conomie et sciences de l\u2019information ou dans un programme de biblioth\u00e9conomie et technologie de l\u2019information; <strong><strong>et\/ou<\/strong><\/strong> a obtenu un dipl\u00f4me d\u2019un programme accr\u00e9dit\u00e9 par l\u2019ALA en biblioth\u00e9conomie et sciences de l\u2019information ou d\u2019un programme de biblioth\u00e9conomie et technologie de l\u2019information au cours des deux derni\u00e8res ann\u00e9es.<br><\/li><\/ul>\n\n\n\n\n\n<p><span style=\"color:#ffffff;\"><strong><strong>D\u00e9penses non admissibles<\/strong><\/strong><\/span><strong><br><\/strong><\/p>\n\n\n\n\n\n\n<ul><li>Frais administratifs g\u00e9n\u00e9raux.<\/li><li>Payer les salaires de toute personne d\u00e9j\u00e0 employ\u00e9e par l\u2019\u00e9tablissement postsecondaire. Des exceptions sont pr\u00e9vues pour toute personne qui prendra du temps de lib\u00e9ration et subira une r\u00e9duction de revenu. Il est \u00e9galement possible de payer des personnes pour une p\u00e9riode fixe pendant laquelle elles ne gagnent pas leur revenu habituel (p. ex., dans le cas o\u00f9 une personne ne gagne pas son revenu pendant les mois d\u2019\u00e9t\u00e9, il est permis de la r\u00e9mun\u00e9rer pour un travail durant ces mois d\u2019\u00e9t\u00e9).<\/li>\n<\/ul>\n\n\n\n\n\n\n\n\n\n\n<p>Le Comit\u00e9 se r\u00e9serve le droit de rejeter les demandes qui ne respectent pas les sp\u00e9cifications ci-dessous\u00a0:<\/p>\n\n\n\nDescription of current or future plans in the information field.\n\n\nDescription of your planned use of grant (e.g., support for degree, project, etc.), including associated costs.\n\n\nStatement of self-identification and connection and\/or experience with community\/Nation.\n\n\n<span class=\"pagelayer-list-icon-holder\">Pr\u00e9sentation d\u2019un curriculum vit\u00e6 \u00e0 jour.<\/span>\n\n\nDeux lettres d\u2019appui ou de recommandations.\n\n\n<span class=\"pagelayer-list-icon-holder\">\u00c9tat de la lettre d\u2019exon\u00e9ration fiscale, s\u2019il y a lieu (les subventions sont une forme de revenu imposable).<\/span>\n\n\n\n\n\n\n\n\n\n\nL\u2019activit\u00e9 doit commencer dans l\u2019ann\u00e9e pour laquelle la subvention est octroy\u00e9e.\n\n\n<span class=\"pagelayer-list-icon-holder\"><span data-contrast=\"none\">L\u2019annonce de la subvention est pr\u00e9sent\u00e9e sur le site Web du CBPA, sur le serveur de liste de diffusion g\u00e9n\u00e9rale du CBPA, sur le serveur de liste de diffusion de l\u2019APLA et sur d\u2019autres canaux, au besoin. Les annonces comprendront une photo du b\u00e9n\u00e9ficiaire, de sorte que l\u2019acceptation de la subvention indique que vous \u00eates d\u2019accord pour que le CBPA utilise votre photo dans ces annonces.<span data-contrast=\"none\">.<\/span><\/span><\/span>\n\n\nGrant funds are disbursed in mid-June of each year. Grant cheques will be issued directly to the applicant as one lump some unless otherwise indicated. The CAAL-CBPA Executive Director will coordinate this process once the award has been announced.\n\n\nA final report will be submitted to the CAAL-CBPA Executive Director within two months of the completion of the activity.\n\n\n\n\n\n\n\n\n\n<p>Les propositions seront \u00e9valu\u00e9es par un sous-ensemble de membres du <a href=\"https:\/\/caal-cbpa.ca\/fr\/about\/committees\/reconciliation\/\">Comit\u00e9 de reconciliation CBPA<\/a>.<br><br>Le comit\u00e9 d\u2019arbitrage \u00e9valuera toutes les propositions au moyen d\u2019une approche \u00e0 l\u2019aveuglette.  Cela signifie que le directeur ex\u00e9cutif du CBPA conna\u00eetra l\u2019identit\u00e9 des personnes qui soumettent des propositions, mais pas les membres du comit\u00e9 au cours du processus d\u2019examen.<\/p>\n\n\n<p>Les propositions de financement sont \u00e9valu\u00e9es en fonction des crit\u00e8res suivants\u00a0:<\/p><br>\n<ul><li>Les plans actuels ou futurs dans le champ d\u2019information sont clairement \u00e9nonc\u00e9s dans la demande;<\/li><li>Utilisation pr\u00e9vue de la subvention.<br><\/li><\/ul>","protected":false},"excerpt":{"rendered":"","protected":false},"author":2,"featured_media":0,"parent":194,"menu_order":0,"comment_status":"closed","ping_status":"closed","template":"","meta":{"pagelayer_contact_templates":[],"_pagelayer_content":"","footnotes":""},"folder":[],"class_list":["post-2306","page","type-page","status-publish","hentry"],"_links":{"self":[{"href":"https:\/\/caal-cbpa.ca\/fr\/wp-json\/wp\/v2\/pages\/2306","targetHints":{"allow":["GET"]}}],"collection":[{"href":"https:\/\/caal-cbpa.ca\/fr\/wp-json\/wp\/v2\/pages"}],"about":[{"href":"https:\/\/caal-cbpa.ca\/fr\/wp-json\/wp\/v2\/types\/page"}],"author":[{"embeddable":true,"href":"https:\/\/caal-cbpa.ca\/fr\/wp-json\/wp\/v2\/users\/2"}],"replies":[{"embeddable":true,"href":"https:\/\/caal-cbpa.ca\/fr\/wp-json\/wp\/v2\/comments?post=2306"}],"version-history":[{"count":35,"href":"https:\/\/caal-cbpa.ca\/fr\/wp-json\/wp\/v2\/pages\/2306\/revisions"}],"predecessor-version":[{"id":2578,"href":"https:\/\/caal-cbpa.ca\/fr\/wp-json\/wp\/v2\/pages\/2306\/revisions\/2578"}],"up":[{"embeddable":true,"href":"https:\/\/caal-cbpa.ca\/fr\/wp-json\/wp\/v2\/pages\/194"}],"wp:attachment":[{"href":"https:\/\/caal-cbpa.ca\/fr\/wp-json\/wp\/v2\/media?parent=2306"}],"wp:term":[{"taxonomy":"folder","embeddable":true,"href":"https:\/\/caal-cbpa.ca\/fr\/wp-json\/wp\/v2\/folder?post=2306"}],"curies":[{"name":"wp","href":"https:\/\/api.w.org\/{rel}","templated":true}]}}