{"id":2272,"date":"2026-04-15T19:42:48","date_gmt":"2026-04-15T22:42:48","guid":{"rendered":"https:\/\/caal-cbpa.ca\/?page_id=2272"},"modified":"2026-04-16T11:28:36","modified_gmt":"2026-04-16T14:28:36","slug":"shared-collections-sub-committee","status":"publish","type":"page","link":"https:\/\/caal-cbpa.ca\/fr\/about\/committees\/collections\/shared-collections-sub-committee\/","title":{"rendered":"Groupe de travail sur les collections partag\u00e9es"},"content":{"rendered":"<p><strong><strong style=\"color: rgb(255, 255, 255);\">Objectif<\/strong><\/strong><\/p>\n\n\n\n\n\n<p>En 2025, le CBPA a lanc\u00e9 un programme d\u2019intendance collaborative pour les collections physiques des biblioth\u00e8ques membres ax\u00e9 sur les imprim\u00e9s et microformes \u00e0 faible utilisation. Fonctionnant selon un mod\u00e8le de d\u00e9p\u00f4t distribu\u00e9, les biblioth\u00e8ques participantes conviennent de conserver les documents d\u00e9sign\u00e9s pour une p\u00e9riode d\u00e9finie, en assurant leur pr\u00e9servation et leur disponibilit\u00e9 continue dans les provinces de l\u2019Atlantique.<\/p><br>\n<p>En assurant la coordination avec <a href=\"https:\/\/northnordsharedprint.ca\/fr\/acceuil\/\">Nord: R\u00e9seau canadien de conservation partag\u00e9e des documents imprim\u00e9s<\/a> et en collaborant avec d\u2019autres initiatives r\u00e9gionales et consortiales d\u2019impression partag\u00e9e \u00e0 l\u2019\u00e9chelle du Canada, ce programme renforce \u00e0 la fois la pr\u00e9servation des documents savants d\u00e9tenus dans les biblioth\u00e8ques canadiennes et l\u2019acc\u00e8s durable \u00e0 ceux-ci.<\/p><br>\n<p>Il s\u2019agit d\u2019un groupe de travail du\u00a0<a href=\"https:\/\/caal-cbpa.ca\/fr\/about\/committees\/collections\/\">Comit\u00e9 des collections du CBPA<\/a>.<\/p>\n\n\n\n\n\n<p><strong><strong style=\"color: rgb(255, 255, 255);\">Membres<\/strong><\/strong><\/p>\n\n\n\n\n\n\n\n\n<p>Lorem Ipsum has been the industry&#8217;s standard dummy text ever since the 1500s.<\/p>\n\n\n\n\n<p><strong><strong>Nicole Slipp<\/strong><\/strong><br>University of New Brunswick<br>Pr\u00e9sident du groupe de travail<\/p>\n\n\n\n\n\n\n\n\n<p>Lorem Ipsum has been the industry&#8217;s standard dummy text ever since the 1500s.<\/p>\n\n\n\n\n<p><strong><strong>Alison Ambi<br><\/strong><\/strong>Memorial University<\/p>\n\n\n\n\n\n\n\n\n\n\n<p>Lorem Ipsum has been the industry&#8217;s standard dummy text ever since the 1500s.<\/p>\n\n\n\n<p><strong><strong>Nicole Carter<\/strong><\/strong><br>Saint Mary&#8217;s University<\/p>\n\n\n\n\n\n\n\n<p>Lorem Ipsum has been the industry&#8217;s standard dummy text ever since the 1500s.<\/p>\n\n\n\n<p><strong><strong>Laura Chadwick<\/strong><\/strong><br>CAAL-CBPA<\/p>\n\n\n\n\n\n\n\n\n\n<p>Lorem Ipsum has been the industry&#8217;s standard dummy text ever since the 1500s.<\/p>\n\n\n\n<p><strong><strong>Deborah Hemming<\/strong><\/strong><br>Acadia University<\/p>\n\n\n\n\n\n\n\n<p>Lorem Ipsum has been the industry&#8217;s standard dummy text ever since the 1500s.<\/p>\n\n\n\n<p><strong><strong>Kirsten Huhn<\/strong><\/strong><br>Dalhousie University<\/p>\n\n\n\n\n\n\n\n\n\n<p>Lorem Ipsum has been the industry&#8217;s standard dummy text ever since the 1500s.<\/p>\n\n\n\n<p><strong><strong>Anne LePage<\/strong><\/strong><br>Mount Allison University<\/p>\n\n\n\n\n\n\n\n<p>Lorem Ipsum has been the industry&#8217;s standard dummy text ever since the 1500s.<\/p>\n\n\n\n<p><strong><strong>Juanita Rossiter<\/strong><\/strong><br>University of Prince Edward Island<\/p>\n\n\n\n\n\n\n\n<p><strong><strong style=\"color: rgb(255, 255, 255);\">Documents<\/strong><\/strong><\/p>\n\n\n\n\n\n\n<p><img decoding=\"async\" pl-media-id=\"935\" src=\"https:\/\/caal-cbpa.ca\/wp-content\/uploads\/pdf-icon_sm.jpg\" alt=\"Adobe PDF Icon\">\u00a0 <a href=\"https:\/\/drive.google.com\/file\/d\/1_HgvWrnc6y3TXRyfOkPZHvoXRhbPI0Oh\/view?usp=drive_link\"><strong>Plan du groupe de travail<\/strong><\/a><a href=\"https:\/\/caal-cbpa.ca\/wp-content\/uploads\/2026\/04\/CAAL-CBPA-Shared-Print-Working-Group-Plan.pdf\"><strong><br><\/strong><\/a><img decoding=\"async\" pl-media-id=\"1573\" src=\"https:\/\/caal-cbpa.ca\/wp-content\/uploads\/google-drive-icon_sm.png\" alt=\"\"><strong>\u00a0 <a href=\"https:\/\/drive.google.com\/drive\/folders\/1BiHLSxIhCZm5RHf0kqFCl-xYmV69vRgN?usp=drive_link\">Groupe de travail sur Google Drive (membres du groupe de travail seulement)<\/a><\/strong><\/p>","protected":false},"excerpt":{"rendered":"","protected":false},"author":2,"featured_media":0,"parent":877,"menu_order":0,"comment_status":"closed","ping_status":"closed","template":"","meta":{"pagelayer_contact_templates":[],"_pagelayer_content":"","footnotes":""},"folder":[],"class_list":["post-2272","page","type-page","status-publish","hentry"],"_links":{"self":[{"href":"https:\/\/caal-cbpa.ca\/fr\/wp-json\/wp\/v2\/pages\/2272","targetHints":{"allow":["GET"]}}],"collection":[{"href":"https:\/\/caal-cbpa.ca\/fr\/wp-json\/wp\/v2\/pages"}],"about":[{"href":"https:\/\/caal-cbpa.ca\/fr\/wp-json\/wp\/v2\/types\/page"}],"author":[{"embeddable":true,"href":"https:\/\/caal-cbpa.ca\/fr\/wp-json\/wp\/v2\/users\/2"}],"replies":[{"embeddable":true,"href":"https:\/\/caal-cbpa.ca\/fr\/wp-json\/wp\/v2\/comments?post=2272"}],"version-history":[{"count":21,"href":"https:\/\/caal-cbpa.ca\/fr\/wp-json\/wp\/v2\/pages\/2272\/revisions"}],"predecessor-version":[{"id":2468,"href":"https:\/\/caal-cbpa.ca\/fr\/wp-json\/wp\/v2\/pages\/2272\/revisions\/2468"}],"up":[{"embeddable":true,"href":"https:\/\/caal-cbpa.ca\/fr\/wp-json\/wp\/v2\/pages\/877"}],"wp:attachment":[{"href":"https:\/\/caal-cbpa.ca\/fr\/wp-json\/wp\/v2\/media?parent=2272"}],"wp:term":[{"taxonomy":"folder","embeddable":true,"href":"https:\/\/caal-cbpa.ca\/fr\/wp-json\/wp\/v2\/folder?post=2272"}],"curies":[{"name":"wp","href":"https:\/\/api.w.org\/{rel}","templated":true}]}}