{"id":2041,"date":"2026-01-29T21:18:19","date_gmt":"2026-01-30T01:18:19","guid":{"rendered":"https:\/\/caal-cbpa.ca\/?page_id=2041"},"modified":"2026-04-28T13:14:03","modified_gmt":"2026-04-28T16:14:03","slug":"shared_ground_bulletin","status":"publish","type":"page","link":"https:\/\/caal-cbpa.ca\/fr\/shared_ground_bulletin\/","title":{"rendered":"Shared Ground Bulletin"},"content":{"rendered":"<p>L'<em> Shared Ground Bulletin<\/em> est une publication mensuelle du <a href=\"https:\/\/caal-cbpa.ca\/fr\/about\/committees\/reconciliation\/\">Comit\u00e9 de reconciliation CBPA<\/a> qui vise \u00e0 communiquer et \u00e0 soutenir les travaux en cours du Comit\u00e9 pour atteindre ses objectifs de r\u00e9conciliation. Ancr\u00e9 sur place et \u00e9clair\u00e9 par les perspectives autochtones, le bulletin pr\u00e9sente des lectures, des visionnements, des t\u00e9moignages et des discussions qui refl\u00e8tent les initiatives, les priorit\u00e9s et les processus d\u2019apprentissage du Comit\u00e9, et favorise une mobilisation soutenue. le dialogue et la responsabilisation au sein de la communaut\u00e9 des biblioth\u00e8ques.<br><\/p>\n\n\n\n\n\n<p><strong><strong>Num\u00e9ros de bulletin<\/strong><\/strong><\/p>\n\n\n\n\n\n\n\n\n\n<ul><li><a href=\"https:\/\/caal-cbpa.ca\/wp-content\/uploads\/2026\/04\/CAAL_RC_Bulletin_April2026.pdf\" target=\"_blank\"><span style=\"font-weight: normal;\">April<\/span><\/a><\/li><\/ul>\n<ul><li><a href=\"https:\/\/caal-cbpa.ca\/wp-content\/uploads\/CAAL_RC_Bulletin_Mar2026.pdf\" target=\"_blank\"><span style=\"font-weight: normal;\">March<\/span><\/a><\/li><\/ul>\n<ul><li><a href=\"https:\/\/caal-cbpa.ca\/wp-content\/uploads\/CAAL_RC_Bulletin_Feb2026.pdf\" target=\"_blank\"><span style=\"font-weight: normal;\">February<\/span><\/a><\/li><\/ul>\n<ul><li><a href=\"https:\/\/caal-cbpa.ca\/wp-content\/uploads\/2026-01_SharedGround.pdf\" target=\"_blank\"><span style=\"font-weight: normal;\">janvier<\/span><\/a><\/li><\/ul>","protected":false},"excerpt":{"rendered":"","protected":false},"author":2,"featured_media":0,"parent":0,"menu_order":0,"comment_status":"closed","ping_status":"closed","template":"","meta":{"pagelayer_contact_templates":[],"_pagelayer_content":"","footnotes":""},"folder":[],"class_list":["post-2041","page","type-page","status-publish","hentry"],"_links":{"self":[{"href":"https:\/\/caal-cbpa.ca\/fr\/wp-json\/wp\/v2\/pages\/2041","targetHints":{"allow":["GET"]}}],"collection":[{"href":"https:\/\/caal-cbpa.ca\/fr\/wp-json\/wp\/v2\/pages"}],"about":[{"href":"https:\/\/caal-cbpa.ca\/fr\/wp-json\/wp\/v2\/types\/page"}],"author":[{"embeddable":true,"href":"https:\/\/caal-cbpa.ca\/fr\/wp-json\/wp\/v2\/users\/2"}],"replies":[{"embeddable":true,"href":"https:\/\/caal-cbpa.ca\/fr\/wp-json\/wp\/v2\/comments?post=2041"}],"version-history":[{"count":30,"href":"https:\/\/caal-cbpa.ca\/fr\/wp-json\/wp\/v2\/pages\/2041\/revisions"}],"predecessor-version":[{"id":2540,"href":"https:\/\/caal-cbpa.ca\/fr\/wp-json\/wp\/v2\/pages\/2041\/revisions\/2540"}],"wp:attachment":[{"href":"https:\/\/caal-cbpa.ca\/fr\/wp-json\/wp\/v2\/media?parent=2041"}],"wp:term":[{"taxonomy":"folder","embeddable":true,"href":"https:\/\/caal-cbpa.ca\/fr\/wp-json\/wp\/v2\/folder?post=2041"}],"curies":[{"name":"wp","href":"https:\/\/api.w.org\/{rel}","templated":true}]}}