{"id":194,"date":"2025-06-28T15:04:14","date_gmt":"2025-06-28T18:04:14","guid":{"rendered":"https:\/\/caal-cbpa.ca\/?page_id=194"},"modified":"2026-04-29T12:32:23","modified_gmt":"2026-04-29T15:32:23","slug":"grants","status":"publish","type":"page","link":"https:\/\/caal-cbpa.ca\/fr\/grants\/","title":{"rendered":"Subventions"},"content":{"rendered":"<p><strong><strong style=\"color: rgb(255, 255, 255);\">Subvention de recherche<\/strong><\/strong><\/p>\n\n\n\n\n\n<p>Lorem Ipsum has been the industry&#8217;s standard dummy text ever since the 1500s.<\/p>\n\n\n<p><strong><strong>Objet\u00a0:<\/strong>&nbsp;<\/strong>La subvention de recherche CAAL-CBPA vise \u00e0 encourager la recherche dans la r\u00e9gion par le personnel et les biblioth\u00e9caires des biblioth\u00e8ques membres.<\/p><br>This Grant&nbsp;is intended to help achieve the following objectives:<br>\n<ul><li>Encourager et appuyer les biblioth\u00e9caires et le personnel nouveaux ou \u00e9tablis qui travaillent dans des biblioth\u00e8ques universitaires et qui entreprennent, ou se proposent d\u2019entreprendre, de la recherche dans l\u2019intention de partager les r\u00e9sultats au moyen de publications ou de pr\u00e9sentations \u00e0 des conf\u00e9rences;\n<\/li><li>Promouvoir la recherche qui est pertinente aux buts et objectifs du CBPA et de ses biblioth\u00e8ques membres;<\/li>\n<li>Promouvoir la recherche fond\u00e9e sur des donn\u00e9es probantes.<\/li>\n<\/ul><br>\n\n<p><a href=\"https:\/\/caal-cbpa.ca\/fr\/grants\/caal-cbpa-research-grant\/\"><strong><strong>Renseignements suppl\u00e9mentaires et pr\u00e9sentation d\u2019une demande<\/strong><\/strong><\/a><\/p>\n\n\n\n\n\n<p><span style=\"color:#ffffff;\"><strong><strong>Subvention pour les professionnels de l\u2019information autochtone<\/strong><\/strong><\/span><strong><br><\/strong><\/p>\n\n\n\n\n\n<p>Lorem Ipsum has been the industry&#8217;s standard dummy text ever since the 1500s.<\/p>\n\n\n<strong><strong>Objet\u00a0:<\/strong><\/strong>&nbsp;Le CBPA est fermement d\u00e9termin\u00e9e \u00e0 favoriser la diversit\u00e9 au sein de notre collectivit\u00e9 en faisant progresser <a href=\"https:\/\/ehprnh2mwo3.exactdn.com\/wp-content\/uploads\/2021\/04\/4-Appels_a_l-Action_French.pdf\">Appels \u00e0 l\u2019action de la Commission de v\u00e9rit\u00e9 et r\u00e9conciliation du Canada<\/a> ainsi qu\u2019en augmentant la diversit\u00e9 des connaissances repr\u00e9sent\u00e9es dans nos institutions membres. Nous souhaitons la bienvenue aux candidats qui contribueront \u00e0 \u00e9largir les voix repr\u00e9sent\u00e9es dans notre domaine et son savoir. Le CBPA appuie la diversit\u00e9, l\u2019\u00e9quit\u00e9 et l\u2019inclusion dans l\u2019ensemble de notre collectivit\u00e9.<br><br>\n\nThis Grant&nbsp;is intended to help achieve the following objectives:<br><br>\n\n<ul>\n<li>Soutenir l\u2019auto-identification des peuples autochtones dans la r\u00e9gion de l\u2019Atlantique ou provenant de celle-ci qui poursuivent une carri\u00e8re en gestion de l\u2019information, soit directement, soit en partenariat avec d\u2019autres organisations ou institutions.<\/li>\n<li>Aider les Autochtones qui s\u2019identifient comme tels \u00e0 faire carri\u00e8re dans la gestion de l\u2019information dans les biblioth\u00e8ques membres du CBPA, soit directement, soit en partenariat avec d\u2019autres organisations ou institutions.<\/li><\/ul><br>\n\n<p><a href=\"https:\/\/caal-cbpa.ca\/fr\/grants\/indigenous-information-professional-grant\/\"><strong><strong>Renseignements suppl\u00e9mentaires et pr\u00e9sentation d\u2019une demande<\/strong><\/strong><\/a><\/p>\n\n\n\n\n\n<p><span style=\"color:#ffffff;\"><strong><strong>Subvention pour les professionnels de l\u2019information noirs, autochtones et de couleur (PANDC)<\/strong><\/strong><\/span><strong><br><\/strong><\/p>\n\n\n\n\n\n<p>Lorem Ipsum has been the industry&#8217;s standard dummy text ever since the 1500s.<\/p>\n\n\n<strong><strong>Objet\u00a0:<\/strong><\/strong>&nbsp;Le CBPA est fermement d\u00e9termin\u00e9e \u00e0 promouvoir activement la diversit\u00e9 au sein de notre collectivit\u00e9 et \u00e0 aider \u00e0 r\u00e9duire les obstacles syst\u00e9miques.\u00a0 Nous souhaitons la bienvenue aux candidats qui contribueront \u00e0 \u00e9largir les voix repr\u00e9sent\u00e9es dans notre domaine et son savoir.\u00a0\u00a0 Le CBPA soutient la diversit\u00e9, l\u2019\u00e9quit\u00e9 et l\u2019inclusion dans toute la communaut\u00e9 des professionnels de l\u2019information.<strong><br><br>\n<\/strong>This Grant&nbsp;is intended to help achieve the following objectives:<br>\n\n<ul>\n<li>Soutenir l\u2019auto-identification des personnes noires, autochtones, et de couleur dans la r\u00e9gion de l\u2019Atlantique ou \u00e0 partir de celle-ci qui poursuivent une carri\u00e8re en gestion de l\u2019information, soit directement, soit en partenariat avec d\u2019autres organisations ou institutions.<\/li>\n<li>Aider les personnes qui s\u2019identifient comme \u00e9tant noires, autochtones ou de couleur \u00e0 faire carri\u00e8re dans le domaine de la gestion de l\u2019information dans les biblioth\u00e8ques membres du CBPA, soit directement, soit en partenariat avec d\u2019autres organisations ou institutions.<\/li><br><\/ul>\n\n<p><a href=\"https:\/\/caal-cbpa.ca\/fr\/grants\/bipoc-information-professional-grant\/\"><strong><strong>Renseignements suppl\u00e9mentaires et pr\u00e9sentation d\u2019une demande<\/strong><\/strong><\/a><\/p>","protected":false},"excerpt":{"rendered":"","protected":false},"author":1,"featured_media":0,"parent":0,"menu_order":0,"comment_status":"closed","ping_status":"closed","template":"","meta":{"pagelayer_contact_templates":[],"_pagelayer_content":"","footnotes":""},"folder":[],"class_list":["post-194","page","type-page","status-publish","hentry"],"_links":{"self":[{"href":"https:\/\/caal-cbpa.ca\/fr\/wp-json\/wp\/v2\/pages\/194","targetHints":{"allow":["GET"]}}],"collection":[{"href":"https:\/\/caal-cbpa.ca\/fr\/wp-json\/wp\/v2\/pages"}],"about":[{"href":"https:\/\/caal-cbpa.ca\/fr\/wp-json\/wp\/v2\/types\/page"}],"author":[{"embeddable":true,"href":"https:\/\/caal-cbpa.ca\/fr\/wp-json\/wp\/v2\/users\/1"}],"replies":[{"embeddable":true,"href":"https:\/\/caal-cbpa.ca\/fr\/wp-json\/wp\/v2\/comments?post=194"}],"version-history":[{"count":28,"href":"https:\/\/caal-cbpa.ca\/fr\/wp-json\/wp\/v2\/pages\/194\/revisions"}],"predecessor-version":[{"id":2583,"href":"https:\/\/caal-cbpa.ca\/fr\/wp-json\/wp\/v2\/pages\/194\/revisions\/2583"}],"wp:attachment":[{"href":"https:\/\/caal-cbpa.ca\/fr\/wp-json\/wp\/v2\/media?parent=194"}],"wp:term":[{"taxonomy":"folder","embeddable":true,"href":"https:\/\/caal-cbpa.ca\/fr\/wp-json\/wp\/v2\/folder?post=194"}],"curies":[{"name":"wp","href":"https:\/\/api.w.org\/{rel}","templated":true}]}}