{"id":191,"date":"2025-06-28T15:03:27","date_gmt":"2025-06-28T15:03:27","guid":{"rendered":"https:\/\/caal-cbpa.ca\/?page_id=191"},"modified":"2025-10-15T18:01:39","modified_gmt":"2025-10-15T18:01:39","slug":"fte-list","status":"publish","type":"page","link":"https:\/\/caal-cbpa.ca\/fr\/members\/fte-list\/","title":{"rendered":"ETP des membres"},"content":{"rendered":"<table id=\"tablepress-FTE\" class=\"tablepress tablepress-id-FTE\">\n<thead>\n<tr class=\"row-1\">\n\t<th class=\"column-1\">Institution<\/th><th class=\"column-2\">Type d\u2019\u00e9tablissement<\/th><th class=\"column-3\">Courant<\/th>\n<\/tr>\n<\/thead>\n<tbody class=\"row-striping row-hover\">\n<tr class=\"row-2\">\n\t<td class=\"column-1\">Acadia University<\/td><td class=\"column-2\">4 ans<\/td><td class=\"column-3\">3,942<\/td>\n<\/tr>\n<tr class=\"row-3\">\n\t<td class=\"column-1\">Atlantic School of Theology<\/td><td class=\"column-2\">4 ans<\/td><td class=\"column-3\">48<\/td>\n<\/tr>\n<tr class=\"row-4\">\n\t<td class=\"column-1\">Coll\u00e8ge de la Garde c\u00f4ti\u00e8re canadienne<\/td><td class=\"column-2\">2 ans<\/td><td class=\"column-3\">235<\/td>\n<\/tr>\n<tr class=\"row-5\">\n\t<td class=\"column-1\">Cape Breton University<\/td><td class=\"column-2\">4 ans<\/td><td class=\"column-3\">4,417<\/td>\n<\/tr>\n<tr class=\"row-6\">\n\t<td class=\"column-1\">Coll\u00e8ge communautaire du Nouveau-Brunswick<\/td><td class=\"column-2\">2 ans<\/td><td class=\"column-3\">2,299<\/td>\n<\/tr>\n<tr class=\"row-7\">\n\t<td class=\"column-1\">College of the North Atlantic<\/td><td class=\"column-2\">2 ans<\/td><td class=\"column-3\">6394<\/td>\n<\/tr>\n<tr class=\"row-8\">\n\t<td class=\"column-1\">Dalhousie University<\/td><td class=\"column-2\">4 ans<\/td><td class=\"column-3\">19,570<\/td>\n<\/tr>\n<tr class=\"row-9\">\n\t<td class=\"column-1\">Holland College<\/td><td class=\"column-2\">2 ans<\/td><td class=\"column-3\">2,370<\/td>\n<\/tr>\n<tr class=\"row-10\">\n\t<td class=\"column-1\">Memorial University of Newfoundland<\/td><td class=\"column-2\">4 ans<\/td><td class=\"column-3\">15,161<\/td>\n<\/tr>\n<tr class=\"row-11\">\n\t<td class=\"column-1\">Mount Allison University<\/td><td class=\"column-2\">4 ans<\/td><td class=\"column-3\">2,481<\/td>\n<\/tr>\n<tr class=\"row-12\">\n\t<td class=\"column-1\">Mount Saint Vincent University<\/td><td class=\"column-2\">4 ans<\/td><td class=\"column-3\">2843<\/td>\n<\/tr>\n<tr class=\"row-13\">\n\t<td class=\"column-1\">New Brunswick Community College<\/td><td class=\"column-2\">2 ans<\/td><td class=\"column-3\">5,708<\/td>\n<\/tr>\n<tr class=\"row-14\">\n\t<td class=\"column-1\">Nova Scotia Community College<\/td><td class=\"column-2\">2 ans<\/td><td class=\"column-3\">9,698<\/td>\n<\/tr>\n<tr class=\"row-15\">\n\t<td class=\"column-1\">NSCAD University<\/td><td class=\"column-2\">4 ans<\/td><td class=\"column-3\">679<\/td>\n<\/tr>\n<tr class=\"row-16\">\n\t<td class=\"column-1\">Saint Mary\u2019s University<\/td><td class=\"column-2\">4 ans<\/td><td class=\"column-3\">5,135<\/td>\n<\/tr>\n<tr class=\"row-17\">\n\t<td class=\"column-1\">St. Francis Xavier University<\/td><td class=\"column-2\">4 ans<\/td><td class=\"column-3\">4,321<\/td>\n<\/tr>\n<tr class=\"row-18\">\n\t<td class=\"column-1\">Universit\u00e9 de Moncton<\/td><td class=\"column-2\">4 ans<\/td><td class=\"column-3\">5,616<\/td>\n<\/tr>\n<tr class=\"row-19\">\n\t<td class=\"column-1\">Universit\u00e9 Sainte-Anne<\/td><td class=\"column-2\">4 ans<\/td><td class=\"column-3\">558<\/td>\n<\/tr>\n<tr class=\"row-20\">\n\t<td class=\"column-1\">University of King\u2019s College<\/td><td class=\"column-2\">4 ans<\/td><td class=\"column-3\">948<\/td>\n<\/tr>\n<tr class=\"row-21\">\n\t<td class=\"column-1\">University of New Brunswick<\/td><td class=\"column-2\">4 ans<\/td><td class=\"column-3\">11,577<\/td>\n<\/tr>\n<tr class=\"row-22\">\n\t<td class=\"column-1\">University of Prince Edward Island<\/td><td class=\"column-2\">4 ans<\/td><td class=\"column-3\">5,283<\/td>\n<\/tr>\n<\/tbody>\n<\/table>\n<!-- #tablepress-FTE from cache -->\n\n\n\n<p>Notes\u00a0: Le chiffre de l\u2019UNB pour les ETP comprend l\u2019UNB de Saint John et la St. Thomas University<\/p>\n\n\n\n<p>Source des donn\u00e9es\u00a0: <a href=\"https:\/\/www.atlanticuniversities.ca\/about\/statistics-surveys-of-preliminary-enrolments\/\">Enqu\u00eate pr\u00e9liminaire de l\u2019AUA sur les inscriptions<\/a><\/p>\n\n\n\n<p>Formule ETP = \u00e9tudiants de premier cycle \u00e0 temps plein + dipl\u00f4m\u00e9s \u00e0 temps plein + (\u00e9tudiants de premier cycle \u00e0 temps partiel + dipl\u00f4m\u00e9s \u00e0 temps partiel)\/3,5)<\/p>\n\n\n\n<p>Derni\u00e8re mise \u00e0 jour\u00a0: 15\u00a0octobre\u00a02025<\/p>","protected":false},"excerpt":{"rendered":"","protected":false},"author":1,"featured_media":0,"parent":171,"menu_order":0,"comment_status":"closed","ping_status":"closed","template":"","meta":{"pagelayer_contact_templates":[],"_pagelayer_content":"","footnotes":""},"folder":[],"class_list":["post-191","page","type-page","status-publish","hentry"],"_links":{"self":[{"href":"https:\/\/caal-cbpa.ca\/fr\/wp-json\/wp\/v2\/pages\/191","targetHints":{"allow":["GET"]}}],"collection":[{"href":"https:\/\/caal-cbpa.ca\/fr\/wp-json\/wp\/v2\/pages"}],"about":[{"href":"https:\/\/caal-cbpa.ca\/fr\/wp-json\/wp\/v2\/types\/page"}],"author":[{"embeddable":true,"href":"https:\/\/caal-cbpa.ca\/fr\/wp-json\/wp\/v2\/users\/1"}],"replies":[{"embeddable":true,"href":"https:\/\/caal-cbpa.ca\/fr\/wp-json\/wp\/v2\/comments?post=191"}],"version-history":[{"count":8,"href":"https:\/\/caal-cbpa.ca\/fr\/wp-json\/wp\/v2\/pages\/191\/revisions"}],"predecessor-version":[{"id":1793,"href":"https:\/\/caal-cbpa.ca\/fr\/wp-json\/wp\/v2\/pages\/191\/revisions\/1793"}],"up":[{"embeddable":true,"href":"https:\/\/caal-cbpa.ca\/fr\/wp-json\/wp\/v2\/pages\/171"}],"wp:attachment":[{"href":"https:\/\/caal-cbpa.ca\/fr\/wp-json\/wp\/v2\/media?parent=191"}],"wp:term":[{"taxonomy":"folder","embeddable":true,"href":"https:\/\/caal-cbpa.ca\/fr\/wp-json\/wp\/v2\/folder?post=191"}],"curies":[{"name":"wp","href":"https:\/\/api.w.org\/{rel}","templated":true}]}}