{"id":1834,"date":"2026-01-05T00:53:48","date_gmt":"2026-01-05T00:53:48","guid":{"rendered":"https:\/\/caal-cbpa.ca\/?page_id=1834"},"modified":"2026-02-08T21:29:16","modified_gmt":"2026-02-08T21:29:16","slug":"licensing-advisory-sub-committee","status":"publish","type":"page","link":"https:\/\/caal-cbpa.ca\/fr\/about\/committees\/collections\/licensing-advisory-sub-committee\/","title":{"rendered":"Sous-comit\u00e9 consultatif sur la d\u00e9livrance de permis"},"content":{"rendered":"<p><strong><strong style=\"color: rgb(255, 255, 255);\">Objectif<\/strong><\/strong><\/p>\n\n\n\n\n\n\n<p>Le personnel du CBPA n\u00e9gocie les modalit\u00e9s et les ententes relatives aux ressources au nom des membres afin de r\u00e9aliser des \u00e9conomies d\u2019\u00e9chelle pour les membres en fonction des priorit\u00e9s \u00e9tablies par les membres.  Pour s\u2019assurer que le personnel de la CAAL-CBPA repr\u00e9sente les priorit\u00e9s des membres dans leur travail d\u2019autorisation, il doit\u00a0:<\/p>\n<br>\n<ul>\n<li>consulter r\u00e9guli\u00e8rement les membres au sujet de leurs priorit\u00e9s;<\/li>\n<li>Obtenir une r\u00e9troaction sur les enjeux et les questions soulev\u00e9s dans le cadre des n\u00e9gociations, s\u2019il y a lieu, comme les modalit\u00e9s de la licence et les prix.<\/li><\/ul>\n<br>\n<p>Afin de r\u00e9duire au minimum les appels sur le temps du Comit\u00e9 des collections, ce sous-ensemble plus petit et plus souple de membres du Comit\u00e9 et d\u2019experts appropri\u00e9s doit conseiller et soutenir le <a href=\"https:\/\/caal-cbpa.ca\/fr\/about\/committees\/collections\/\">Comit\u00e9 des collections du CBPA<\/a> et le personnel responsable des permis du CBPA sur les questions li\u00e9es au programme de licences de ressources \u00e9lectroniques.<\/p><br>\n\n<p>Le processus de consultation prend du temps pour assurer la diligence raisonnable dans le cadre du processus de consultation afin que les offres et les ententes qui en d\u00e9coulent s\u2019harmonisent avec\u00a0:<\/p><br>\n<ul>\n<li>les pratiques exemplaires en mati\u00e8re d\u2019octroi de licences;<\/li>\n<li>Priorit\u00e9s communes;<\/li>\n<li>Shared licensing principles;<\/li>\n<li>les politiques institutionnelles des membres et leur tol\u00e9rance au risque; et<\/li>\n<li>Cadres juridiques et r\u00e9glementaires.<\/li><\/ul>\n\n\n\n\n\n\n<p><strong><strong style=\"color: rgb(255, 255, 255);\">Membres<\/strong><\/strong><\/p>\n\n\n\n\n\n\n\n\n<p>Lorem Ipsum has been the industry&#8217;s standard dummy text ever since the 1500s.<\/p>\n\n\n\n\n<p><strong><strong>Cynthia Holt<\/strong><\/strong><br>Directrice g\u00e9n\u00e9rale du CBPA<br>Co-pr\u00e9sident du comit\u00e9<\/p>\n\n\n\n\n\n\n\n\n<p>Lorem Ipsum has been the industry&#8217;s standard dummy text ever since the 1500s.<\/p>\n\n\n\n\n<p><strong><strong>Laura Chadwick<br><\/strong><\/strong>CBPA Biblioth\u00e9caire des services de consortium<br>Co-pr\u00e9sident du comit\u00e9<\/p>\n\n\n\n\n\n\n\n\n\n\n<p>Lorem Ipsum has been the industry&#8217;s standard dummy text ever since the 1500s.<\/p>\n\n\n\n<p><strong><strong>Jaclyn Chambers-Page<\/strong><\/strong><br>Dalhousie University<br>CBPA Comit\u00e9 du droit d\u2019auteur Repr\u00e9sentant suppl\u00e9ant<\/p>\n\n\n\n\n\n\n\n<p>Lorem Ipsum has been the industry&#8217;s standard dummy text ever since the 1500s.<\/p>\n\n\n\n<p><strong><strong>Jeannie Bail<\/strong><\/strong><br>Mount Saint Vincent University<br>CBPA Comit\u00e9 du droit d\u2019auteur Repr\u00e9sentant suppl\u00e9ant<\/p>\n\n\n\n\n\n\n\n\n\n<p>Lorem Ipsum has been the industry&#8217;s standard dummy text ever since the 1500s.<\/p>\n\n\n\n<p><strong><strong>Joe Wickens<\/strong><\/strong><br>Dalhousie University<br>CAAL-CBPA Resource Sharing Committee Representative<\/p>\n\n\n\n\n\n\n\n<p>Lorem Ipsum has been the industry&#8217;s standard dummy text ever since the 1500s.<\/p>\n\n\n\n<p><strong><strong>Linda Roulston<\/strong><\/strong><br>University of New Brunswick<\/p>\n\n\n\n\n\n\n\n\n\n<p>Lorem Ipsum has been the industry&#8217;s standard dummy text ever since the 1500s.<\/p>\n\n\n\n<p><strong><strong>Margaret Vail<\/strong><\/strong><br>St. Francis Xavier University<\/p>\n\n\n\n\n\n\n\n<p>Lorem Ipsum has been the industry&#8217;s standard dummy text ever since the 1500s.<\/p>\n\n\n\n<p><strong><strong>Terri Winchcombe<\/strong><\/strong><br>Saint Mary&#8217;s University<\/p>\n\n\n\n\n\n\n\n<p><strong><strong style=\"color: rgb(255, 255, 255);\">Documents<\/strong><\/strong><\/p>\n\n\n\n\n\n\n<p><img decoding=\"async\" pl-media-id=\"935\" src=\"https:\/\/caal-cbpa.ca\/wp-content\/uploads\/pdf-icon_sm.jpg\" alt=\"Adobe PDF Icon\">\u00a0 <a href=\"https:\/\/drive.google.com\/file\/d\/1_HgvWrnc6y3TXRyfOkPZHvoXRhbPI0Oh\/view?usp=drive_link\"><strong>Mandat du sous-comit\u00e9<\/strong><\/a><a href=\"https:\/\/caal-cbpa.ca\/wp-content\/uploads\/CAAL-CBPA-Collection-Development-College-Sub-Committee-Terms-of-Reference-2022rev.pdf\"><strong><br><\/strong><\/a><img decoding=\"async\" pl-media-id=\"1573\" src=\"https:\/\/caal-cbpa.ca\/wp-content\/uploads\/google-drive-icon_sm.png\" alt=\"\"><strong>\u00a0 <a href=\"https:\/\/drive.google.com\/drive\/folders\/15vhbK9lprPACBwLIu4r7tF3UhhaNISS8?usp=drive_link\">Sous-comit\u00e9 de Google Drive (membres du sous-comit\u00e9 seulement)<\/a><\/strong><\/p>","protected":false},"excerpt":{"rendered":"","protected":false},"author":2,"featured_media":0,"parent":877,"menu_order":0,"comment_status":"closed","ping_status":"closed","template":"","meta":{"pagelayer_contact_templates":[],"_pagelayer_content":"","footnotes":""},"folder":[],"class_list":["post-1834","page","type-page","status-publish","hentry"],"_links":{"self":[{"href":"https:\/\/caal-cbpa.ca\/fr\/wp-json\/wp\/v2\/pages\/1834","targetHints":{"allow":["GET"]}}],"collection":[{"href":"https:\/\/caal-cbpa.ca\/fr\/wp-json\/wp\/v2\/pages"}],"about":[{"href":"https:\/\/caal-cbpa.ca\/fr\/wp-json\/wp\/v2\/types\/page"}],"author":[{"embeddable":true,"href":"https:\/\/caal-cbpa.ca\/fr\/wp-json\/wp\/v2\/users\/2"}],"replies":[{"embeddable":true,"href":"https:\/\/caal-cbpa.ca\/fr\/wp-json\/wp\/v2\/comments?post=1834"}],"version-history":[{"count":17,"href":"https:\/\/caal-cbpa.ca\/fr\/wp-json\/wp\/v2\/pages\/1834\/revisions"}],"predecessor-version":[{"id":2169,"href":"https:\/\/caal-cbpa.ca\/fr\/wp-json\/wp\/v2\/pages\/1834\/revisions\/2169"}],"up":[{"embeddable":true,"href":"https:\/\/caal-cbpa.ca\/fr\/wp-json\/wp\/v2\/pages\/877"}],"wp:attachment":[{"href":"https:\/\/caal-cbpa.ca\/fr\/wp-json\/wp\/v2\/media?parent=1834"}],"wp:term":[{"taxonomy":"folder","embeddable":true,"href":"https:\/\/caal-cbpa.ca\/fr\/wp-json\/wp\/v2\/folder?post=1834"}],"curies":[{"name":"wp","href":"https:\/\/api.w.org\/{rel}","templated":true}]}}