{"id":173,"date":"2025-06-28T15:02:30","date_gmt":"2025-06-28T15:02:30","guid":{"rendered":"https:\/\/caal-cbpa.ca\/?page_id=173"},"modified":"2026-01-19T04:29:17","modified_gmt":"2026-01-19T04:29:17","slug":"licensed-e-resources","status":"publish","type":"page","link":"https:\/\/caal-cbpa.ca\/fr\/services\/licensed-e-resources\/","title":{"rendered":"Licences de ressources \u00e9lectroniques"},"content":{"rendered":"Vous trouverez ci-dessous une liste compl\u00e8te des bases de donn\u00e9es qui sont sous licence par CBPA pour le compte des biblioth\u00e8ques membres. Veuillez entrer un terme ou une phrase de recherche et\/ou s\u00e9lectionner une biblioth\u00e8que des membres, puis cliquer sur le bouton de recherche pour filtrer vos r\u00e9sultats.<br><br>Pour obtenir de plus amples renseignements sur chaque ressource ou pour g\u00e9rer vos abonnements, les membres devraient visiter le site <a href=\"https:\/\/consortiamanager.com\/\">ConsortiaManager<\/a>.<br><br>L' <a href=\"https:\/\/caal-cbpa.ca\/wp-content\/uploads\/CAAL-CBPA-Model-License-2023.docx\">licence mod\u00e8le de CAAL-CBPA<\/a> est notre licence pr\u00e9f\u00e9r\u00e9e dans nos relations avec les fournisseurs.","protected":false},"excerpt":{"rendered":"","protected":false},"author":1,"featured_media":0,"parent":172,"menu_order":0,"comment_status":"closed","ping_status":"closed","template":"","meta":{"pagelayer_contact_templates":[],"_pagelayer_content":"","footnotes":""},"folder":[],"class_list":["post-173","page","type-page","status-publish","hentry"],"_links":{"self":[{"href":"https:\/\/caal-cbpa.ca\/fr\/wp-json\/wp\/v2\/pages\/173","targetHints":{"allow":["GET"]}}],"collection":[{"href":"https:\/\/caal-cbpa.ca\/fr\/wp-json\/wp\/v2\/pages"}],"about":[{"href":"https:\/\/caal-cbpa.ca\/fr\/wp-json\/wp\/v2\/types\/page"}],"author":[{"embeddable":true,"href":"https:\/\/caal-cbpa.ca\/fr\/wp-json\/wp\/v2\/users\/1"}],"replies":[{"embeddable":true,"href":"https:\/\/caal-cbpa.ca\/fr\/wp-json\/wp\/v2\/comments?post=173"}],"version-history":[{"count":8,"href":"https:\/\/caal-cbpa.ca\/fr\/wp-json\/wp\/v2\/pages\/173\/revisions"}],"predecessor-version":[{"id":1975,"href":"https:\/\/caal-cbpa.ca\/fr\/wp-json\/wp\/v2\/pages\/173\/revisions\/1975"}],"up":[{"embeddable":true,"href":"https:\/\/caal-cbpa.ca\/fr\/wp-json\/wp\/v2\/pages\/172"}],"wp:attachment":[{"href":"https:\/\/caal-cbpa.ca\/fr\/wp-json\/wp\/v2\/media?parent=173"}],"wp:term":[{"taxonomy":"folder","embeddable":true,"href":"https:\/\/caal-cbpa.ca\/fr\/wp-json\/wp\/v2\/folder?post=173"}],"curies":[{"name":"wp","href":"https:\/\/api.w.org\/{rel}","templated":true}]}}