{"id":172,"date":"2025-06-28T15:02:11","date_gmt":"2025-06-28T15:02:11","guid":{"rendered":"https:\/\/caal-cbpa.ca\/?page_id=172"},"modified":"2026-01-05T17:04:59","modified_gmt":"2026-01-05T17:04:59","slug":"services","status":"publish","type":"page","link":"https:\/\/caal-cbpa.ca\/fr\/services\/","title":{"rendered":"Services"},"content":{"rendered":"<p>Nos offres sont aussi diversifi\u00e9es que celles de nos membres. Nous travaillons avec des biblioth\u00e8ques partenaires sur un certain nombre de services et d\u2019initiatives visant \u00e0 offrir aux apprenants, aux \u00e9ducateurs et aux chercheurs du Canada atlantique un acc\u00e8s \u00e9quitable, \u00e9largi et rentable \u00e0 l\u2019information.<\/p>\n\n\n\n\n\n\nN\u00e9gocier des licences de consortium pour les ressources \u00e9lectroniques au nom des biblioth\u00e8ques membres.<br><p>\n<\/p><ul>\n<li><a href=\"https:\/\/caal-cbpa.ca\/fr\/services\/licensing\/licensed-e-resources\/\">Ressources \u00e9lectroniques sous licence<\/a>\n<\/li><li><a href=\"https:\/\/consortiamanager.com\" target=\"_blank&quot;\">ConsortiaManager<\/a>\n<\/li><\/ul>\n\n\n\n\n\n\nR\u00c9LAtlantique est un service qui appuie l\u2019h\u00e9bergement et la cr\u00e9ation de ressources \u00e9ducatives libres (R\u00c9L), comme des manuels scolaires ouverts, par les \u00e9ducateurs et les \u00e9l\u00e8ves des provinces de l\u2019Atlantique de Terre-Neuve-et-Labrador, du Nouveau-Brunswick, de la Nouvelle-\u00c9cosse et de l\u2019\u00cele-du-Prince-\u00c9douard. Il est financ\u00e9 par les quatre provinces.<br><ul><li><a href=\"https:\/\/atlanticoer-relatlantique.ca\/fr\/\" target=\"_blank&quot;\">Service R\u00c9LAtlantique<\/a><\/li><li><a href=\"https:\/\/atlanticoer-relatlantique.ca\/grants\/\" target=\"_blank&quot;\">Subventions de d\u00e9veloppement RELAtlantique<\/a><\/li><li><a href=\"https:\/\/pressbooks.atlanticoer-relatlantique.ca\/reseau-pressbooks-de-relatlantique\/\" target=\"_blank&quot;\">Plateforme de publication num\u00e9rique Pressbooks<\/a><\/li><\/ul>\n\n\n\n\n\n\nWant to learn more about evolving topics, or develop your skills with the tools and systems we use?&nbsp; You&#8217;ve come to the right place as we offer a broad range of webinars and events throughout the year.&nbsp;&nbsp; CAAL-CBPA now provides attendees with <strong><strong>des services de traduction et de transcription en temps r\u00e9el<\/strong><\/strong> pour ses \u00e9v\u00e9nements gr\u00e2ce \u00e0 notre abonnement \u00e0 l\u2019 <a href=\"https:\/\/www.wordly.ai\/\" target=\"k&quot;\">application Wordly.ai<\/a>.<ul>\n<li><a href=\"https:\/\/caal-cbpa.ca\/fr\/events\/\">\u00c9v\u00e9nements \u00e0 venir<\/a>&nbsp;&#8211; There&#8217;s something new every month.&nbsp; Check out our events calendar to see what&#8217;s on the horizon!<\/li><li><a href=\"https:\/\/www.youtube.com\/@CAAL-CBPA\" target=\"k&quot;\">\u00c9v\u00e9nements pass\u00e9s<\/a>&nbsp;&#8211; Check out our YouTube channel for a variety of webinar recordings, most with closed captioning embedded.<\/li><\/ul>\n\n\n\n\n\nLe partage de toutes sortes de documents entre les biblioth\u00e8ques pour r\u00e9pondre aux besoins de nos communaut\u00e9s d\u2019utilisateurs est une caract\u00e9ristique des biblioth\u00e8ques universitaires.\u00a0 Les membres du CBPA ont b\u00e2ti une solide communaut\u00e9 de partage des ressources, en s\u2019entraidant, en surmontant les d\u00e9fis communs et en saisissant les occasions.<p><\/p><ul><li>Serveur de liste de diffusion de la communaut\u00e9 de partage des ressources (personne-ressource <a href=\"mailto:execdir@caal-cbpa.ca\">CAAL-CBPA<\/a> \u00e0 joindre)<\/li><li>Mise en \u0153uvre r\u00e9gionale partag\u00e9e de RelaisILL<\/li><li>Ententes nationales pour <a href=\"https:\/\/curbaca.files.wordpress.com\/2021\/10\/coppul-ocul-caul-bci-resource-sharing-agreement_2020_redacted.pdf\" target=\"k&quot;\">att\u00e9nuer les co\u00fbts d\u2019emprunt de documents<\/a> et <a href=\"https:\/\/caal-cbpa.ca\/fr\/about\/partnerships\/curba\/\">d\u2019emprunt direct dans les biblioth\u00e8ques universitaires partout au Canada<\/a><\/li><\/ul>","protected":false},"excerpt":{"rendered":"","protected":false},"author":1,"featured_media":0,"parent":0,"menu_order":0,"comment_status":"closed","ping_status":"closed","template":"","meta":{"pagelayer_contact_templates":[],"_pagelayer_content":"","footnotes":""},"folder":[],"class_list":["post-172","page","type-page","status-publish","hentry"],"_links":{"self":[{"href":"https:\/\/caal-cbpa.ca\/fr\/wp-json\/wp\/v2\/pages\/172","targetHints":{"allow":["GET"]}}],"collection":[{"href":"https:\/\/caal-cbpa.ca\/fr\/wp-json\/wp\/v2\/pages"}],"about":[{"href":"https:\/\/caal-cbpa.ca\/fr\/wp-json\/wp\/v2\/types\/page"}],"author":[{"embeddable":true,"href":"https:\/\/caal-cbpa.ca\/fr\/wp-json\/wp\/v2\/users\/1"}],"replies":[{"embeddable":true,"href":"https:\/\/caal-cbpa.ca\/fr\/wp-json\/wp\/v2\/comments?post=172"}],"version-history":[{"count":37,"href":"https:\/\/caal-cbpa.ca\/fr\/wp-json\/wp\/v2\/pages\/172\/revisions"}],"predecessor-version":[{"id":1923,"href":"https:\/\/caal-cbpa.ca\/fr\/wp-json\/wp\/v2\/pages\/172\/revisions\/1923"}],"wp:attachment":[{"href":"https:\/\/caal-cbpa.ca\/fr\/wp-json\/wp\/v2\/media?parent=172"}],"wp:term":[{"taxonomy":"folder","embeddable":true,"href":"https:\/\/caal-cbpa.ca\/fr\/wp-json\/wp\/v2\/folder?post=172"}],"curies":[{"name":"wp","href":"https:\/\/api.w.org\/{rel}","templated":true}]}}