{"id":171,"date":"2025-06-28T15:01:58","date_gmt":"2025-06-28T18:01:58","guid":{"rendered":"https:\/\/caal-cbpa.ca\/?page_id=171"},"modified":"2026-04-29T15:11:33","modified_gmt":"2026-04-29T18:11:33","slug":"members","status":"publish","type":"page","link":"https:\/\/caal-cbpa.ca\/fr\/members\/","title":{"rendered":"Institutions membres"},"content":{"rendered":"<p>Lorem Ipsum has been the industry&#8217;s standard dummy text ever since the 1500s.<\/p>\n\n\n<p><strong><strong><a href=\"https:\/\/library.acadiau.ca\/home.html\">Acadia University<\/a><\/strong><\/strong><br>Wolfville, N.-\u00c9.<\/p>\n\n\n<p>Jennifer Richard<br><span>Doyenne des biblioth\u00e8ques et archives<\/span><br><\/p>\n\n\n\n\n<p>Lorem Ipsum has been the industry&#8217;s standard dummy text ever since the 1500s.<\/p>\n\n\n<p><strong><strong><a href=\"https:\/\/www.astheology.ns.ca\/ast-library\/index.html\">Atlantic School of Theology<\/a><\/strong><\/strong><br>Halifax, N.-\u00c9.<\/p>\n\n\n<p>Heather Moodie<br>Co-pr\u00e9sident de la biblioth\u00e8que<\/p>\n\n\n\n\n<p>Lorem Ipsum has been the industry&#8217;s standard dummy text ever since the 1500s.<\/p>\n\n\n<p><strong><strong><a href=\"https:\/\/www.canada.ca\/fr\/garde-cotiere-canadienne\/services\/academie.html\">Coll\u00e8ge de la Garde c\u00f4ti\u00e8re canadienne<\/a><\/strong><\/strong><a href=\"https:\/\/libguides.cbu.ca\/homepage\"><br><\/a>Sydney, N.-\u00c9.<\/p>\n\n\n<p>Tammy MacNeil<br>A\/Gestionnaire des services biblioth\u00e9caires<\/p>\n\n\n\n\n<p>Lorem Ipsum has been the industry&#8217;s standard dummy text ever since the 1500s.<\/p>\n\n\n<a href=\"https:\/\/libguides.cbu.ca\/homepage\"><strong><strong>Cape Breton University<\/strong><\/strong><br><\/a>Sydney, N.-\u00c9.\n\n\n<p>Karen Tobin<br><span>Biblioth\u00e9caire universitaire<\/span><\/p>\n\n\n\n\n\n\n<p>Lorem Ipsum has been the industry&#8217;s standard dummy text ever since the 1500s.<\/p>\n\n\n<p><strong><strong><a href=\"https:\/\/ccnb.ca\/services-aux-etudiants\/bibliotheque\/\">Coll\u00e8ge communautaire du Nouveau-Brunswick<\/a><\/strong><\/strong><a href=\"https:\/\/ccnb.ca\/services-aux-etudiants\/bibliotheque\/\"><br><\/a>N.-B. (divers emplacements)<\/p>\n\n\n<p>Julie Lefran\u00e7ois<br><span>Directrice adjointe \u00e0 l&#8217;apprentissage et la r\u00e9ussite \u00e9tudiante CCNB<\/span><\/p>\n\n\n\n\n<p>Lorem Ipsum has been the industry&#8217;s standard dummy text ever since the 1500s.<\/p>\n\n\n<p><strong><strong><a href=\"https:\/\/www.cna.nl.ca\/student-support\/library-services\">College of the North Atlantic<\/a><\/strong><\/strong><br>T.-N.-L. (divers emplacements)<\/p>\n\n\n<p>Andy Wood<br>Biblioth\u00e9caire III<\/p>\n\n\n\n\n<p>Lorem Ipsum has been the industry&#8217;s standard dummy text ever since the 1500s.<\/p>\n\n\n<p><strong><strong><a href=\"https:\/\/libraries.dal.ca\/\">Dalhousie University<\/a><\/strong><\/strong><a href=\"https:\/\/libraries.dal.ca\/\"><br><\/a>Halifax, N.-\u00c9.<br><\/p>\n\n\n<p>Elaine MacInnis<br>Interim Dean of Libraries<\/p>\n\n\n\n\n<p>Lorem Ipsum has been the industry&#8217;s standard dummy text ever since the 1500s.<\/p>\n\n\n<strong><strong><a href=\"https:\/\/hollandcollege.libguides.com\/\">Holland College<\/a><\/strong><\/strong><a href=\"https:\/\/hollandcollege.libguides.com\/\"><br><\/a>Charlottetown, \u00ce.-P.-\u00c9.\n\n\n<p>Patricia Doucette<br>Directrice<\/p>\n\n\n\n\n\n\n<p>Lorem Ipsum has been the industry&#8217;s standard dummy text ever since the 1500s.<\/p>\n\n\n<strong><strong><a href=\"https:\/\/www.library.mun.ca\/\">Memorial University of Newfoundland<\/a><\/strong><\/strong><a href=\"https:\/\/www.library.mun.ca\/\"><br><\/a>St John&#8217;s, Corner Brook, &amp; Labrador, NL\n\n\n<p>Dianne Keeping<br>Doyen des biblioth\u00e8ques<\/p>\n\n\n\n\n<p>Lorem Ipsum has been the industry&#8217;s standard dummy text ever since the 1500s.<\/p>\n\n\n<strong><strong><a href=\"https:\/\/libraryguides.mta.ca\/main\">Mount Allison University<\/a><\/strong><\/strong><br>Sackville, N.-B.\n\n\n<p>Rachel Rubin<span><br>Doyenne des biblioth\u00e8ques et archives<\/span><\/p>\n\n\n\n\n<p>Lorem Ipsum has been the industry&#8217;s standard dummy text ever since the 1500s.<\/p>\n\n\n<a href=\"https:\/\/hollandcollege.libguides.com\/\"><strong><strong><a href=\"https:\/\/www.msvu.ca\/academics\/library\/\">Mount Saint Vincent University<\/a><\/strong><\/strong><br>Halifax, N.-\u00c9.\n\n\n<p>Jeannie Bail<br>Biblioth\u00e9caire universitaire<\/p>\n\n\n\n\n<p>Lorem Ipsum has been the industry&#8217;s standard dummy text ever since the 1500s.<\/p>\n\n\n<strong><strong><a href=\"https:\/\/nbcc.libguides.com\/\">New Brunswick Community College<\/a><\/strong><\/strong><br>N.-B. (divers emplacements)\n\n\n<p>Nina Quigley<br>Directrice<\/p>\n\n\n\n\n\n\n<p>Lorem Ipsum has been the industry&#8217;s standard dummy text ever since the 1500s.<\/p>\n\n\n<strong><strong><a href=\"https:\/\/www.nscc.ca\/library\/index.asp\">Nova Scotia Community College<br><\/a><\/strong><\/strong>N.-\u00c9. (divers emplacements)\n\n\n<p>Andrea Stewart<span><br>Directrice, Biblioth\u00e8que, Services d\u2019apprentissage et de mieux-\u00eatre<\/span><\/p>\n\n\n\n\n<p>Lorem Ipsum has been the industry&#8217;s standard dummy text ever since the 1500s.<\/p>\n\n\n<strong><strong><a href=\"https:\/\/library.nscad.ca\/libraryhome\">NSCAD University<\/a><\/strong><\/strong><br>Halifax, N.-\u00c9.\n\n\n<p>Rebecca Young<br>Directrice des services de biblioth\u00e8que<\/p>\n\n\n\n\n<p>Lorem Ipsum has been the industry&#8217;s standard dummy text ever since the 1500s.<\/p>\n\n\n<strong><strong><a href=\"https:\/\/www.smu.ca\/academics\/the-patrick-power-library.html\">Saint Mary\u2019s University<\/a><\/strong><\/strong><br>Halifax, N.-\u00c9.\n\n\n<p>NSuzanne van den Hoogen<br>Doyenne, Biblioth\u00e8que et archives universitaires<\/p>\n\n\n\n\n<p>Lorem Ipsum has been the industry&#8217;s standard dummy text ever since the 1500s.<\/p>\n\n\n<strong><strong><a href=\"https:\/\/www.stfx.ca\/library\">St. Francis Xavier University<\/a><\/strong><\/strong><br>Antigonish, N.-\u00c9.\n\n\n<p>Carolyn DeLorey<br>Biblioth\u00e9caire universitaire par int\u00e9rim<\/p>\n\n\n\n\n\n\n<p>Lorem Ipsum has been the industry&#8217;s standard dummy text ever since the 1500s.<\/p>\n\n\n<strong><strong><a href=\"https:\/\/www.umoncton.ca\/bibliotheques\/\">Universit\u00e9 de Moncton<\/a><\/strong><\/strong><a href=\"https:\/\/www.umoncton.ca\/bibliotheques\/\"><br><\/a>Moncton, Edmundston, Shippagan, N-B\n\n\n<p>Jeanne-Mance Cormier<br><span>Directrice g\u00e9n\u00e9rale<\/span><\/p>\n\n\n\n\n<p>Lorem Ipsum has been the industry&#8217;s standard dummy text ever since the 1500s.<\/p>\n\n\n<strong><strong><a href=\"https:\/\/www.usainteanne.ca\/bibliotheque\">Universit\u00e9 Sainte-Anne<\/a><\/strong><\/strong><br>Pointe-de-l&#8217;\u00c9glise, NS\n\n\n<p>Pamela Maher<br>Directrice<\/p>\n\n\n\n\n<p>Lorem Ipsum has been the industry&#8217;s standard dummy text ever since the 1500s.<\/p>\n\n\n<strong><strong><a href=\"https:\/\/libguides.ukings.ca\/homepage\">University of King\u2019s College<\/a><\/strong><\/strong><br>Halifax, N.-\u00c9.\n\n\n<p>Tracy Lenfesty<br>Biblioth\u00e9caire universitaire<\/p>\n\n\n\n\n<p>Lorem Ipsum has been the industry&#8217;s standard dummy text ever since the 1500s.<\/p>\n\n\n<strong><strong><a href=\"https:\/\/lib.unb.ca\/\">University of New Brunswick<\/a><\/strong><\/strong><br>Fredericton &amp; Saint John, N-B\n\n\n<p>Lesley Balcom<br>Doyen des biblioth\u00e8ques<\/p>\n\n\n\n\n\n\n<p>Lorem Ipsum has been the industry&#8217;s standard dummy text ever since the 1500s.<\/p>\n\n\n<strong><strong><a href=\"https:\/\/libraryupei.ca\/\">University of Prince Edward Island<\/a><\/strong><\/strong><br>Charlottetown, \u00ce.-P.-\u00c9.\n\n\n<p>Svetlana Kochkina<br>Biblioth\u00e9caire universitaire<\/p>\n\n\n\n\n<br>\n\n\n<p><br><\/p>\n\n\n\n\n<br>\n\n\n<p><br><\/p>\n\n\n\n\n<br>\n\n\n<p><br><\/p>","protected":false},"excerpt":{"rendered":"","protected":false},"author":1,"featured_media":0,"parent":0,"menu_order":0,"comment_status":"closed","ping_status":"closed","template":"","meta":{"pagelayer_contact_templates":[],"_pagelayer_content":"","footnotes":""},"folder":[],"class_list":["post-171","page","type-page","status-publish","hentry"],"_links":{"self":[{"href":"https:\/\/caal-cbpa.ca\/fr\/wp-json\/wp\/v2\/pages\/171","targetHints":{"allow":["GET"]}}],"collection":[{"href":"https:\/\/caal-cbpa.ca\/fr\/wp-json\/wp\/v2\/pages"}],"about":[{"href":"https:\/\/caal-cbpa.ca\/fr\/wp-json\/wp\/v2\/types\/page"}],"author":[{"embeddable":true,"href":"https:\/\/caal-cbpa.ca\/fr\/wp-json\/wp\/v2\/users\/1"}],"replies":[{"embeddable":true,"href":"https:\/\/caal-cbpa.ca\/fr\/wp-json\/wp\/v2\/comments?post=171"}],"version-history":[{"count":60,"href":"https:\/\/caal-cbpa.ca\/fr\/wp-json\/wp\/v2\/pages\/171\/revisions"}],"predecessor-version":[{"id":2589,"href":"https:\/\/caal-cbpa.ca\/fr\/wp-json\/wp\/v2\/pages\/171\/revisions\/2589"}],"wp:attachment":[{"href":"https:\/\/caal-cbpa.ca\/fr\/wp-json\/wp\/v2\/media?parent=171"}],"wp:term":[{"taxonomy":"folder","embeddable":true,"href":"https:\/\/caal-cbpa.ca\/fr\/wp-json\/wp\/v2\/folder?post=171"}],"curies":[{"name":"wp","href":"https:\/\/api.w.org\/{rel}","templated":true}]}}