{"id":168,"date":"2025-06-28T15:01:07","date_gmt":"2025-06-28T15:01:07","guid":{"rendered":"https:\/\/caal-cbpa.ca\/?page_id=168"},"modified":"2025-09-02T19:14:16","modified_gmt":"2025-09-02T19:14:16","slug":"committees","status":"publish","type":"page","link":"https:\/\/caal-cbpa.ca\/fr\/about\/committees\/","title":{"rendered":"Comit\u00e9s"},"content":{"rendered":"<p>Committees, Sub-Committees, and Working Groups are essential to CAAL-CBPA&#8217;s success and align with our mission and goals. The committees explore and share resources that will inform members on a variety of issues. Sub-Committees focus long-term on a subset of the committee&#8217;s mandate. Working groups are defined term projects with specific deliverables. There are currently nine CAAL-CBPA committees and two sub-committees.<br><br>Les comit\u00e9s et sous-comit\u00e9s ont des membres, un pr\u00e9sident ou des copr\u00e9sidents, ainsi qu\u2019un agent de liaison du conseil d\u2019administration ayant des responsabilit\u00e9s particuli\u00e8res. Ces responsabilit\u00e9s sont d\u00e9crites en d\u00e9tail dans le <a href=\"https:\/\/caal-cbpa.ca\/wp-content\/uploads\/CAAL-CBPA-Committee-Handbook.pdf\">Manuel du comit\u00e9 CBPA<\/a>.<br><br>Communiquer avec le pr\u00e9sident du comit\u00e9 appropri\u00e9, ou <a href=\"mailto:execdir@caul-cbua.ca\">CAAL-CBPA<\/a><u>,<\/u> si vous souhaitez obtenir de plus amples renseignements sur nos comit\u00e9s, sous-comit\u00e9s ou groupes de travail.<\/p>\n\n\n\n\n<span style=\"color:#ffffff;\"><strong><strong>Comit\u00e9s du conseil<\/strong><\/strong><\/span>\n\n\n\n\n{&#8220;title&#8221;:&#8221;&#8221;,&#8221;nav_menu&#8221;:&#8221;38&#8243;}\n\n\n\n\n<span style=\"color:#ffffff;\"><strong><strong>Comit\u00e9s<\/strong><\/strong><\/span>\n\n\n\n\n{&#8220;title&#8221;:&#8221;&#8221;,&#8221;nav_menu&#8221;:&#8221;37&#8243;}","protected":false},"excerpt":{"rendered":"","protected":false},"author":1,"featured_media":0,"parent":38,"menu_order":0,"comment_status":"closed","ping_status":"closed","template":"","meta":{"pagelayer_contact_templates":[],"_pagelayer_content":"","footnotes":""},"folder":[],"class_list":["post-168","page","type-page","status-publish","hentry"],"_links":{"self":[{"href":"https:\/\/caal-cbpa.ca\/fr\/wp-json\/wp\/v2\/pages\/168","targetHints":{"allow":["GET"]}}],"collection":[{"href":"https:\/\/caal-cbpa.ca\/fr\/wp-json\/wp\/v2\/pages"}],"about":[{"href":"https:\/\/caal-cbpa.ca\/fr\/wp-json\/wp\/v2\/types\/page"}],"author":[{"embeddable":true,"href":"https:\/\/caal-cbpa.ca\/fr\/wp-json\/wp\/v2\/users\/1"}],"replies":[{"embeddable":true,"href":"https:\/\/caal-cbpa.ca\/fr\/wp-json\/wp\/v2\/comments?post=168"}],"version-history":[{"count":27,"href":"https:\/\/caal-cbpa.ca\/fr\/wp-json\/wp\/v2\/pages\/168\/revisions"}],"predecessor-version":[{"id":1746,"href":"https:\/\/caal-cbpa.ca\/fr\/wp-json\/wp\/v2\/pages\/168\/revisions\/1746"}],"up":[{"embeddable":true,"href":"https:\/\/caal-cbpa.ca\/fr\/wp-json\/wp\/v2\/pages\/38"}],"wp:attachment":[{"href":"https:\/\/caal-cbpa.ca\/fr\/wp-json\/wp\/v2\/media?parent=168"}],"wp:term":[{"taxonomy":"folder","embeddable":true,"href":"https:\/\/caal-cbpa.ca\/fr\/wp-json\/wp\/v2\/folder?post=168"}],"curies":[{"name":"wp","href":"https:\/\/api.w.org\/{rel}","templated":true}]}}