{"id":159,"date":"2025-06-28T15:00:15","date_gmt":"2025-06-28T15:00:15","guid":{"rendered":"https:\/\/caal-cbpa.ca\/?page_id=159"},"modified":"2026-01-20T22:12:19","modified_gmt":"2026-01-20T22:12:19","slug":"mailing-lists","status":"publish","type":"page","link":"https:\/\/caal-cbpa.ca\/fr\/about\/mailing-lists\/","title":{"rendered":"Serveurs de liste de diffusion"},"content":{"rendered":"<p>Communiquez avec votre communaut\u00e9 CBPA par l\u2019interm\u00e9diaire de nos serveurs de listes de diffusion. Si vous \u00eates membre de CBPA et que vous souhaitez vous joindre \u00e0 l\u2019une ou l\u2019autre de ces organisations, veuillez communiquer avec <a href=\"mailto:execdir@caal-cbpa.ca\">CAAL-CBPA<\/a>.<\/p>\n\n\n\n\n\n\n\n<span><strong><strong>collections@caal-cbpa.ca<br><\/strong><\/strong>Cette liste est ouverte \u00e0 toute personne d\u2019une biblioth\u00e8que membre qui travaille ou s\u2019int\u00e9resse aux collections, aux acquisitions, au catalogage et \u00e0 d\u2019autres sujets li\u00e9s aux collections. C\u2019est aussi l\u2019endroit o\u00f9 vous pouvez en apprendre davantage sur les ressources \u00e9lectroniques autoris\u00e9es par le CBPA au nom de vos membres et discuter des enjeux et des d\u00e9fis li\u00e9s \u00e0 ces ressources.<\/span>\n\n\n\n\n\n\n\n\n\n<p><strong><strong>asin-ddg@googlegroups.com<br><\/strong><\/strong><span>Cette liste s\u2019adresse \u00e0 toute personne travaillant dans la livraison de documents ou dans des domaines connexes au sein <\/span>CAAL-CBPA<span>.<\/span><\/p>\n\n\n\n\n\n\n\n\n\n<strong><strong>info@caal-cbpa.ca<br><\/strong><\/strong>Les annonces du CBPA, comme les webinaires, les nouvelles, les mises \u00e0 jour, etc., sont distribu\u00e9es dans cette liste.\n\n\n\n\n\n\n\n\n\n<strong><strong>libguides@caal-cbpa.ca<\/strong><\/strong><br>CdP des membres pour les utilisateurs de LibGuides et ceux qui s\u2019y int\u00e9ressent.\n\n\n\n\n\n\n\n\n\n<strong><strong>rdm@caal-cbpa.ca<\/strong><\/strong><br>CdP des membres au sujet de la GDR.\n\n\n\n\n\n\n\n\n\n<strong><strong>commspec@caal-cbpa.ca<\/strong><\/strong><br>CdP des membres pour le personnel des communications et du marketing dans les biblioth\u00e8ques membres.","protected":false},"excerpt":{"rendered":"","protected":false},"author":1,"featured_media":0,"parent":38,"menu_order":0,"comment_status":"closed","ping_status":"closed","template":"","meta":{"pagelayer_contact_templates":[],"_pagelayer_content":"","footnotes":""},"folder":[],"class_list":["post-159","page","type-page","status-publish","hentry"],"_links":{"self":[{"href":"https:\/\/caal-cbpa.ca\/fr\/wp-json\/wp\/v2\/pages\/159","targetHints":{"allow":["GET"]}}],"collection":[{"href":"https:\/\/caal-cbpa.ca\/fr\/wp-json\/wp\/v2\/pages"}],"about":[{"href":"https:\/\/caal-cbpa.ca\/fr\/wp-json\/wp\/v2\/types\/page"}],"author":[{"embeddable":true,"href":"https:\/\/caal-cbpa.ca\/fr\/wp-json\/wp\/v2\/users\/1"}],"replies":[{"embeddable":true,"href":"https:\/\/caal-cbpa.ca\/fr\/wp-json\/wp\/v2\/comments?post=159"}],"version-history":[{"count":35,"href":"https:\/\/caal-cbpa.ca\/fr\/wp-json\/wp\/v2\/pages\/159\/revisions"}],"predecessor-version":[{"id":2023,"href":"https:\/\/caal-cbpa.ca\/fr\/wp-json\/wp\/v2\/pages\/159\/revisions\/2023"}],"up":[{"embeddable":true,"href":"https:\/\/caal-cbpa.ca\/fr\/wp-json\/wp\/v2\/pages\/38"}],"wp:attachment":[{"href":"https:\/\/caal-cbpa.ca\/fr\/wp-json\/wp\/v2\/media?parent=159"}],"wp:term":[{"taxonomy":"folder","embeddable":true,"href":"https:\/\/caal-cbpa.ca\/fr\/wp-json\/wp\/v2\/folder?post=159"}],"curies":[{"name":"wp","href":"https:\/\/api.w.org\/{rel}","templated":true}]}}