{"id":158,"date":"2025-06-28T15:00:24","date_gmt":"2025-06-28T15:00:24","guid":{"rendered":"https:\/\/caal-cbpa.ca\/?page_id=158"},"modified":"2026-03-12T18:36:14","modified_gmt":"2026-03-12T18:36:14","slug":"partnerships","status":"publish","type":"page","link":"https:\/\/caal-cbpa.ca\/fr\/about\/partnerships\/","title":{"rendered":"Partenariats"},"content":{"rendered":"<h2><strong>Entente pour le partage des ressources des biblioth\u00e8ques universitaires canadiennes<\/strong><\/h2><h2><\/h2>\n\n<p>CAAL-CBPA participe \u00e0 l' <a href=\"https:\/\/caal-cbpa.ca\/wp-content\/uploads\/Canadian-Academic-Libraries-Resource-Sharing-Agreement-FINAL-04.12.2025_EN-FR_FE.pdf\">Entente pour le partage des ressources des biblioth\u00e8ques universitaires canadiennes<\/a><span style=\"color: rgb(0, 0, 238);\">,&nbsp;<\/span>qui\u00a0:<br><br><\/p><ul><li>Accorder des privil\u00e8ges d\u2019emprunt r\u00e9ciproques dans les biblioth\u00e8ques aux \u00e9tudiants, au corps professoral et au personnel des universit\u00e9s et des coll\u00e8ges du CBPA partout au pays. Pour participer au programme, vous avez besoin d\u2019une pi\u00e8ce d\u2019identit\u00e9 valide de l\u2019\u00e9tablissement ou d\u2019une autre personne d\u00e9sign\u00e9e conform\u00e9ment aux politiques de l\u2019\u00e9tablissement d\u2019attache; et<\/li><li>Permet aux communaut\u00e9s d\u2019utilisateurs des \u00e9tablissements membres d\u2019emprunter librement des livres, des articles et des vid\u00e9os \u00e0 l\u2019\u00e9chelle du pays gr\u00e2ce \u00e0 la livraison de documents et aux services de pr\u00eats entre biblioth\u00e8ques (PEB) dans leur biblioth\u00e8que d\u2019attache.<\/li><\/ul><br>Les professeurs et le personnel \u00e0 la retraite peuvent \u00eatre inclus dans cette entente conform\u00e9ment aux politiques de la biblioth\u00e8que d\u2019attache. Si la biblioth\u00e8que d\u2019attache fournit normalement des cartes de biblioth\u00e8que \u00e0 ses professeurs et employ\u00e9s retrait\u00e9s, ceux-ci peuvent \u00e9galement participer au programme.<br> <br>Les privil\u00e8ges d\u2019emprunt et les exigences en mati\u00e8re d\u2019identification sont d\u00e9termin\u00e9s par la biblioth\u00e8que pr\u00eateuse et les consortiums r\u00e9gionaux.<br><br>Passez en revue la <a href=\"https:\/\/caal-cbpa.ca\/fr\/about\/partnerships\/calrsa\/\">page de l\u2019Entente<\/a> pour obtenir une liste des personnes-ressources dans les biblioth\u00e8ques membres de CBPA.<br>\n\n\n\n\n\n<h2><strong>Consortia Canada\u00a0<\/strong><\/h2>\n\n\n<p><a href=\"http:\/\/www.concan.ca\/\">Consortia Canada<\/a>\u00a0(ConCan) is an informal group of library consortia representing all library types &#8211; public, post-secondary, health, special, and K-12 schools &#8211; working together to license electronic resources that are useful and relevant to members across the country.\u00a0 Through this partnership, our members realize even larger cost savings for the e-resources they license through CAAL-CBPA.\u00a0 Consortia Canada&#8217;s primary goal is to contribute to the collection and organization of information and knowledge in digital form for the benefit of all Canadians.<\/p>\n\n\n\n\n\n<h2><strong>Nord: R\u00e9seau canadien de conservation partag\u00e9e des documents imprim\u00e9s<\/strong><\/h2><h2><\/h2>\n<p>CAAL-CBPA participe \u00e0 l' <a href=\"https:\/\/northnordsharedprint.ca\/fr\/acceuil\/\">Nord: R\u00e9seau canadien de conservation partag\u00e9e des documents imprim\u00e9s<\/a>qui est g\u00e9r\u00e9 par le milieu des biblioth\u00e8ques pour assurer la pr\u00e9servation \u00e0 long terme du mat\u00e9riel de recherche canadien et notre souverainet\u00e9 culturelle. En r\u00e9duisant au minimum les chevauchements, en r\u00e9duisant le gaspillage et en optimisant les solutions de stockage des collections physiques, nous renfor\u00e7ons la capacit\u00e9 du Canada \u00e0 g\u00e9rer ses ressources de connaissances de fa\u00e7on ind\u00e9pendante. Cette initiative fait en sorte que les institutions canadiennes demeurent r\u00e9silientes, avant-gardistes et engag\u00e9es \u00e0 pr\u00e9server l\u2019h\u00e9ritage intellectuel et culturel de notre pays pour les g\u00e9n\u00e9rations futures.<\/p><br>\n\n<p>Le Nord est fier d\u2019\u00eatre membre du <a href=\"https:\/\/sharedprint.org\/\">Shared Print Partnership (SPP)<\/a>, se joignant aux biblioth\u00e8ques de tout le Canada et d\u2019ailleurs dans des efforts de collaboration visant \u00e0 pr\u00e9server et \u00e0 g\u00e9rer les collections imprim\u00e9es. Gr\u00e2ce \u00e0 ce partenariat, nous contribuons \u00e0 la coordination nationale et \u00e0 la gestion durable des ressources imprim\u00e9es partag\u00e9es.<\/p>\n\n\n\n\n\n<h2><strong>Partenariat atlantique pour le savoir en sant\u00e9<\/strong><\/h2>\n\n\n<strong><\/strong>Le CBPA s\u2019est associ\u00e9e \u00e0 des partenaires du secteur de la sant\u00e9 dans l\u2019ensemble des r\u00e9gions, comme les h\u00f4pitaux et les autorit\u00e9s sanitaires, pour octroyer conjointement des licences d\u2019utilisation des ressources \u00e9lectroniques dans le secteur de la sant\u00e9.\u00a0 L\u2019une des grandes initiatives facilit\u00e9es par cette entente est notre partenariat r\u00e9gional qui donne acc\u00e8s \u00e0 la <a href=\"https:\/\/www.cochranelibrary.com\/\">Cochrane Library<\/a>, an evidence-based health resource enabling medical professionals, and members of the community, to make better, evidence-informed decisions.&nbsp; If you&#8217;re physically located in the region, there&#8217;s no cost, and no login required to access this resource.&nbsp; If you&#8217;re on the road, you can access it through your home institution or your public library.&nbsp; Information in this resource includes:<br><br><ul><li>exploitable et pour \u00e9clairer la prise de d\u00e9cisions au point d\u2019intervention<\/li><li>information sur les essais cliniques<\/li><li>des examens syst\u00e9matiques qui rassemblent et synth\u00e9tisent un vaste paysage d\u2019information sur la sant\u00e9;<\/li><\/ul>\n\n\n\n\n\n\n<h2><strong>Protocole d\u2019entente entre le CAAL-CBPA et le COPPUL<\/strong><\/h2>\n\n\nLe CBPA et COPPUL (notre homologue de l\u2019Ouest) ont mis en place <a href=\"https:\/\/caul-cbua.ca\/sites\/default\/files\/CAUL_COPPULSignedMOU_FULLY_EXECUTED_Redacted.pdf\">un protocole d\u2019entente<\/a> that establishes a framework for collaboration between our two consortia with the objectives of sharing expertise and knowledge, and building capacity.&nbsp; Through this program, CAAL-CBPA members have access to webinars and events hosted by COPPUL, and they participate in ours.&nbsp; This greatly expands and enriches members&#8217; opportunities to connect with colleagues, learn about a multitude of topics, and participate in lively discussions.&nbsp; This agreement also enables our two consortia to realize more savings for the resources you licence when we combines our numbers to leverage larger discounts for e-resources.\n\n\n\n\n\n\n<h2><strong>R\u00e9seau canadien de documentation pour la recherche (RCDR)<\/strong><\/h2>\n\n\n<p>L'\u00a0<a href=\"https:\/\/www.crkn-rcdr.ca\/fr\">R\u00e9seau canadien de documentation pour la recherche<\/a>\u00a0est un partenariat d\u2019universit\u00e9s canadiennes qui se consacrent \u00e0 l\u2019expansion du contenu num\u00e9rique pour l\u2019entreprise de recherche universitaire au Canada.<\/p>","protected":false},"excerpt":{"rendered":"","protected":false},"author":1,"featured_media":0,"parent":38,"menu_order":0,"comment_status":"closed","ping_status":"closed","template":"","meta":{"pagelayer_contact_templates":[],"_pagelayer_content":"","footnotes":""},"folder":[],"class_list":["post-158","page","type-page","status-publish","hentry"],"_links":{"self":[{"href":"https:\/\/caal-cbpa.ca\/fr\/wp-json\/wp\/v2\/pages\/158","targetHints":{"allow":["GET"]}}],"collection":[{"href":"https:\/\/caal-cbpa.ca\/fr\/wp-json\/wp\/v2\/pages"}],"about":[{"href":"https:\/\/caal-cbpa.ca\/fr\/wp-json\/wp\/v2\/types\/page"}],"author":[{"embeddable":true,"href":"https:\/\/caal-cbpa.ca\/fr\/wp-json\/wp\/v2\/users\/1"}],"replies":[{"embeddable":true,"href":"https:\/\/caal-cbpa.ca\/fr\/wp-json\/wp\/v2\/comments?post=158"}],"version-history":[{"count":28,"href":"https:\/\/caal-cbpa.ca\/fr\/wp-json\/wp\/v2\/pages\/158\/revisions"}],"predecessor-version":[{"id":2266,"href":"https:\/\/caal-cbpa.ca\/fr\/wp-json\/wp\/v2\/pages\/158\/revisions\/2266"}],"up":[{"embeddable":true,"href":"https:\/\/caal-cbpa.ca\/fr\/wp-json\/wp\/v2\/pages\/38"}],"wp:attachment":[{"href":"https:\/\/caal-cbpa.ca\/fr\/wp-json\/wp\/v2\/media?parent=158"}],"wp:term":[{"taxonomy":"folder","embeddable":true,"href":"https:\/\/caal-cbpa.ca\/fr\/wp-json\/wp\/v2\/folder?post=158"}],"curies":[{"name":"wp","href":"https:\/\/api.w.org\/{rel}","templated":true}]}}