{"id":157,"date":"2025-06-28T15:00:32","date_gmt":"2025-06-28T15:00:32","guid":{"rendered":"https:\/\/caal-cbpa.ca\/?page_id=157"},"modified":"2026-02-18T13:41:45","modified_gmt":"2026-02-18T13:41:45","slug":"calrsa","status":"publish","type":"page","link":"https:\/\/caal-cbpa.ca\/fr\/about\/partnerships\/calrsa\/","title":{"rendered":"Entente pour le partage des ressources des biblioth\u00e8ques universitaires canadiennes"},"content":{"rendered":"<h2>Entente pour le partage des ressources des biblioth\u00e8ques universitaires canadiennes<\/h2>\n\n\n\nL' <a href=\"https:\/\/caal-cbpa.ca\/wp-content\/uploads\/Canadian-Academic-Libraries-Resource-Sharing-Agreement-FINAL-04.12.2025_EN-FR_FE.pdf\">Entente pour le partage des ressources des biblioth\u00e8ques universitaires canadiennes<\/a> permet\u00a0:<br><br><ul><li>Privil\u00e8ges d\u2019emprunt r\u00e9ciproques dans les biblioth\u00e8ques pour les \u00e9tudiants, le corps professoral et le personnel des universit\u00e9s et des coll\u00e8ges du CBPA partout au pays. Pour participer au programme, vous avez besoin d\u2019une pi\u00e8ce d\u2019identit\u00e9 valide de l\u2019\u00e9tablissement ou d\u2019une autre personne d\u00e9sign\u00e9e conform\u00e9ment aux politiques de l\u2019\u00e9tablissement d\u2019attache; et<\/li><li>Les communaut\u00e9s d\u2019utilisateurs des \u00e9tablissements membres peuvent emprunter librement des livres, des articles et des vid\u00e9os \u00e0 l\u2019\u00e9chelle du pays gr\u00e2ce \u00e0 la livraison de documents et aux services de pr\u00eats entre biblioth\u00e8ques (PEB) dans leur biblioth\u00e8que d\u2019origine.<\/li><\/ul><br>Les professeurs et le personnel \u00e0 la retraite peuvent \u00eatre inclus dans cette entente conform\u00e9ment aux politiques de la biblioth\u00e8que d\u2019attache. Si la biblioth\u00e8que d\u2019attache fournit normalement des cartes de biblioth\u00e8que \u00e0 ses professeurs et employ\u00e9s retrait\u00e9s, ceux-ci peuvent \u00e9galement participer au programme. Les privil\u00e8ges d\u2019emprunt et les exigences en mati\u00e8re d\u2019identification sont d\u00e9termin\u00e9s par la biblioth\u00e8que pr\u00eateuse et les consortiums r\u00e9gionaux.\n\n\n\n<h2>Politiques institutionnelles<\/h2>\n\n\n\n<p>Each host library will be responsible for enforcing its loan policies with users from other institutions, including fines and other sanctions. If a host library is unable to enforce its policies or procedures, the host library will contact the user&#8217;s home library to determine appropriate action.<\/p>\n\n\n\n<h2 id=\"tablepress-calrsa_contacts-name\" class=\"tablepress-table-name tablepress-table-name-id-calrsa_contacts\">Personnes-ressources des biblioth\u00e8ques membres du CBPA<\/h2>\n\n<table id=\"tablepress-calrsa_contacts\" class=\"tablepress tablepress-id-calrsa_contacts\" aria-labelledby=\"tablepress-calrsa_contacts-name\">\n<thead>\n<tr class=\"row-1\">\n\t<th class=\"column-1\">Institution<\/th><th class=\"column-2\">Personne-ressource<\/th><th class=\"column-3\">T\u00e9l\u00e9phone<\/th><th class=\"column-4\">Courriel<\/th>\n<\/tr>\n<\/thead>\n<tbody class=\"row-striping row-hover\">\n<tr class=\"row-2\">\n\t<td class=\"column-1\">ACA<\/td><td class=\"column-2\">Wilma Carty<\/td><td class=\"column-3\">902-585-1685<\/td><td class=\"column-4\">wilma.carty@acadiau.ca<\/td>\n<\/tr>\n<tr class=\"row-3\">\n\t<td class=\"column-1\">AST<\/td><td class=\"column-2\">Brad Murray<\/td><td class=\"column-3\">902-423-0111<\/td><td class=\"column-4\">brad.murray@astheology.ns.ca<\/td>\n<\/tr>\n<tr class=\"row-4\">\n\t<td class=\"column-1\">CBU<\/td><td class=\"column-2\">Amanda McNeil<\/td><td class=\"column-3\">902-563-1621<\/td><td class=\"column-4\">amanda_mcneil@cbu.ca<\/td>\n<\/tr>\n<tr class=\"row-5\">\n\t<td class=\"column-1\">CNA<\/td><td class=\"column-2\">Tanja Pesklevy<\/td><td class=\"column-3\">709-758-7447<\/td><td class=\"column-4\">tanya.pesklevy@cna.nl.ca<\/td>\n<\/tr>\n<tr class=\"row-6\">\n\t<td class=\"column-1\">Dal<\/td><td class=\"column-2\">Amanda Sparks<\/td><td class=\"column-3\">902-494-2142<\/td><td class=\"column-4\">Amanda.Sparks@dal.ca<\/td>\n<\/tr>\n<tr class=\"row-7\">\n\t<td class=\"column-1\">Holl<\/td><td class=\"column-2\">Leslie Holt-Dalziel<\/td><td class=\"column-3\">902-566-9635<\/td><td class=\"column-4\">ljholt@hollandcollege.com<\/td>\n<\/tr>\n<tr class=\"row-8\">\n\t<td class=\"column-1\">MtA<\/td><td class=\"column-2\">Laura Landon<\/td><td class=\"column-3\">506-364-3569<\/td><td class=\"column-4\">landon@mta.ca<\/td>\n<\/tr>\n<tr class=\"row-9\">\n\t<td class=\"column-1\">MSVU<\/td><td class=\"column-2\">Corinne Gilroy<\/td><td class=\"column-3\">902-457-6204<\/td><td class=\"column-4\">corinne.gilroy@msvu.ca<\/td>\n<\/tr>\n<tr class=\"row-10\">\n\t<td class=\"column-1\">MUN<\/td><td class=\"column-2\">Nicole Cahill<\/td><td class=\"column-3\">709-864-6198<\/td><td class=\"column-4\">nicolecahill@mun.ca<\/td>\n<\/tr>\n<tr class=\"row-11\">\n\t<td class=\"column-1\">NSCAD<\/td><td class=\"column-2\">Ainsley Cunningham<\/td><td class=\"column-3\">902-494-8229<\/td><td class=\"column-4\">librarycirc@nscad.ca<\/td>\n<\/tr>\n<tr class=\"row-12\">\n\t<td class=\"column-1\">NSCC<\/td><td class=\"column-2\">April Sampson<\/td><td class=\"column-3\">902-233-5859<\/td><td class=\"column-4\">april.sampson@nscc.ca<\/td>\n<\/tr>\n<tr class=\"row-13\">\n\t<td class=\"column-1\">SMU<\/td><td class=\"column-2\">Shannon Higgins<\/td><td class=\"column-3\">902-420-5656<\/td><td class=\"column-4\">shannon.higgins@smu.ca<\/td>\n<\/tr>\n<tr class=\"row-14\">\n\t<td class=\"column-1\">StFX<\/td><td class=\"column-2\">Kristopher MacSween<\/td><td class=\"column-3\">902-867-4917<\/td><td class=\"column-4\">kmacswee@stfx.ca<\/td>\n<\/tr>\n<tr class=\"row-15\">\n\t<td class=\"column-1\">UdeM: Moncton<\/td><td class=\"column-2\">Denise M. Savoie<\/td><td class=\"column-3\">506-858-4275<\/td><td class=\"column-4\">denise.m.savoie@umoncton.ca<\/td>\n<\/tr>\n<tr class=\"row-16\">\n\t<td class=\"column-1\">UdeM: Edmundston<\/td><td class=\"column-2\">\u00c9milie Lefran\u00e7ois<\/td><td class=\"column-3\">506-737-5266 ext. 5266<\/td><td class=\"column-4\">brl-ce@umoncton.ca<\/td>\n<\/tr>\n<tr class=\"row-17\">\n\t<td class=\"column-1\">UdeM: Shippagan<\/td><td class=\"column-2\">Marie-Claude Gagnon Roussel<\/td><td class=\"column-3\">506-336-3400 ext. 3420<\/td><td class=\"column-4\">umcsbiblio@umoncton.ca<\/td>\n<\/tr>\n<tr class=\"row-18\">\n\t<td class=\"column-1\">US-A<\/td><td class=\"column-2\">Rosalie Robicheau<\/td><td class=\"column-3\">902-260-5002<\/td><td class=\"column-4\">comptoir@usainteanne.ca<\/td>\n<\/tr>\n<tr class=\"row-19\">\n\t<td class=\"column-1\">UKC<\/td><td class=\"column-2\">Patricia Chalmers<\/td><td class=\"column-3\">902-422-1271 ext. 174<\/td><td class=\"column-4\">patricia.chalmers@ukings.ca<\/td>\n<\/tr>\n<tr class=\"row-20\">\n\t<td class=\"column-1\">UNBF<\/td><td class=\"column-2\">Jayanna Kleine-Deters<\/td><td class=\"column-3\">506-447-3380<\/td><td class=\"column-4\">jayanna.mofford1@unb.ca<\/td>\n<\/tr>\n<tr class=\"row-21\">\n\t<td class=\"column-1\">UNBSJ<\/td><td class=\"column-2\">Jenna Granger<\/td><td class=\"column-3\">506-648-5703<\/td><td class=\"column-4\">jenna.granger@unb.ca<\/td>\n<\/tr>\n<tr class=\"row-22\">\n\t<td class=\"column-1\">UPEI<\/td><td class=\"column-2\">Brooke Saunders<\/td><td class=\"column-3\">902-566-6494<\/td><td class=\"column-4\">bsaunders3@upei.ca<\/td>\n<\/tr>\n<\/tbody>\n<\/table>\n<!-- #tablepress-calrsa_contacts from cache -->","protected":false},"excerpt":{"rendered":"","protected":false},"author":1,"featured_media":0,"parent":158,"menu_order":0,"comment_status":"closed","ping_status":"closed","template":"","meta":{"pagelayer_contact_templates":[],"_pagelayer_content":"","footnotes":""},"folder":[],"class_list":["post-157","page","type-page","status-publish","hentry"],"_links":{"self":[{"href":"https:\/\/caal-cbpa.ca\/fr\/wp-json\/wp\/v2\/pages\/157","targetHints":{"allow":["GET"]}}],"collection":[{"href":"https:\/\/caal-cbpa.ca\/fr\/wp-json\/wp\/v2\/pages"}],"about":[{"href":"https:\/\/caal-cbpa.ca\/fr\/wp-json\/wp\/v2\/types\/page"}],"author":[{"embeddable":true,"href":"https:\/\/caal-cbpa.ca\/fr\/wp-json\/wp\/v2\/users\/1"}],"replies":[{"embeddable":true,"href":"https:\/\/caal-cbpa.ca\/fr\/wp-json\/wp\/v2\/comments?post=157"}],"version-history":[{"count":22,"href":"https:\/\/caal-cbpa.ca\/fr\/wp-json\/wp\/v2\/pages\/157\/revisions"}],"predecessor-version":[{"id":2238,"href":"https:\/\/caal-cbpa.ca\/fr\/wp-json\/wp\/v2\/pages\/157\/revisions\/2238"}],"up":[{"embeddable":true,"href":"https:\/\/caal-cbpa.ca\/fr\/wp-json\/wp\/v2\/pages\/158"}],"wp:attachment":[{"href":"https:\/\/caal-cbpa.ca\/fr\/wp-json\/wp\/v2\/media?parent=157"}],"wp:term":[{"taxonomy":"folder","embeddable":true,"href":"https:\/\/caal-cbpa.ca\/fr\/wp-json\/wp\/v2\/folder?post=157"}],"curies":[{"name":"wp","href":"https:\/\/api.w.org\/{rel}","templated":true}]}}