{"id":145,"date":"2025-06-28T14:59:55","date_gmt":"2025-06-28T14:59:55","guid":{"rendered":"https:\/\/caal-cbpa.ca\/?page_id=145"},"modified":"2025-08-01T06:22:32","modified_gmt":"2025-08-01T06:22:32","slug":"statistics","status":"publish","type":"page","link":"https:\/\/caal-cbpa.ca\/fr\/about\/statistics\/","title":{"rendered":"Statistiques"},"content":{"rendered":"<p>Le site Web de l\u2019Association des biblioth\u00e8ques de recherche du Canada (ABRC) contient des statistiques d\u00e9taill\u00e9es sur le CBPA<\/p>\n<p>Si vous avez d\u00e9j\u00e0 un compte, vous pouvez acc\u00e9der aux statistiques en naviguant vers ce lien. <a href=\"http:\/\/www.carl-abrc.ca\/measuring-impact\/statistics\/caul-statistics\/\">page d\u2019ouverture de session<\/a>.<\/p>\n<p>Si vous n\u2019avez pas de compte, communiquez avec <a href=\"mailto:execdir@caul-cbua.ca\">CAAL-CBPA<\/a>.<\/p>\n\n\n\n\n\n\n\n<h2>Statistiques annuelles<\/h2>\n\n\n\n<table id=\"tablepress-annual_stats\" class=\"tablepress tablepress-id-annual_stats\">\n<thead>\n<tr class=\"row-1\">\n\t<th class=\"column-1\">Ann\u00e9e<\/th><th class=\"column-2\">Tableur<\/th><th class=\"column-3\">Rapport<\/th>\n<\/tr>\n<\/thead>\n<tbody class=\"row-striping row-hover\">\n<tr class=\"row-2\">\n\t<td class=\"column-1\">2022\/2023<\/td><td class=\"column-2\"><a href=\"https:\/\/caal-cbpa.ca\/wp-content\/uploads\/CAAL_2022-2023_AllForms.xlsx\">XSLX<\/a><\/td><td class=\"column-3\">-<\/td>\n<\/tr>\n<tr class=\"row-3\">\n\t<td class=\"column-1\">2021\/2022<\/td><td class=\"column-2\"><a href=\"https:\/\/caal-cbpa.ca\/wp-content\/uploads\/CAAL_2021-2022_AllForms.xlsx\">XSLX<\/a><\/td><td class=\"column-3\">-<\/td>\n<\/tr>\n<tr class=\"row-4\">\n\t<td class=\"column-1\">2020\/2021<\/td><td class=\"column-2\"><a href=\"https:\/\/caal-cbpa.ca\/wp-content\/uploads\/CAAL_2020-2021_AllForms.xlsx\">XSLX<\/a><\/td><td class=\"column-3\">-<\/td>\n<\/tr>\n<tr class=\"row-5\">\n\t<td class=\"column-1\">2019\/2020<\/td><td class=\"column-2\"><a href=\"https:\/\/caal-cbpa.ca\/wp-content\/uploads\/2019-20-CAUL-Preliminary-data.xlsx\">XSLX<\/a><\/td><td class=\"column-3\">En attente du rapport<\/td>\n<\/tr>\n<tr class=\"row-6\">\n\t<td class=\"column-1\">2018\/2019<\/td><td class=\"column-2\"><a href=\"https:\/\/caal-cbpa.ca\/wp-content\/uploads\/2018-2019_CAUL_Data_0.xlsx\">XSLX<\/a><\/td><td class=\"column-3\"><a href=\"https:\/\/caal-cbpa.ca\/wp-content\/uploads\/CAUL-CBUA_Stats_Pub_2018-19.pdf\">PDF<\/a><\/td>\n<\/tr>\n<tr class=\"row-7\">\n\t<td class=\"column-1\">2017\/2018<\/td><td class=\"column-2\"><a href=\"https:\/\/caal-cbpa.ca\/wp-content\/uploads\/2017-2018_CAUL_Data_0.xlsx\">XSLX<\/a><\/td><td class=\"column-3\"><a href=\"https:\/\/caal-cbpa.ca\/wp-content\/uploads\/CAUL-CBUA_Stats_Pub_2017-18.pdf\">PDF<\/a><\/td>\n<\/tr>\n<tr class=\"row-8\">\n\t<td class=\"column-1\">2016\/2017<\/td><td class=\"column-2\"><a href=\"https:\/\/caal-cbpa.ca\/wp-content\/uploads\/2016-2017_CAUL_Data_0.xlsx\">XSLX<\/a><\/td><td class=\"column-3\"><a href=\"https:\/\/caal-cbpa.ca\/wp-content\/uploads\/CAUL-CBUA_Stats_Pub_2016-17_1.pdf\">PDF<\/a><\/td>\n<\/tr>\n<tr class=\"row-9\">\n\t<td class=\"column-1\">2015\/2016<\/td><td class=\"column-2\"><a href=\"https:\/\/caal-cbpa.ca\/wp-content\/uploads\/2015-2016-CAUL-Data.xlsx\">XSLX<\/a><\/td><td class=\"column-3\"><a href=\"https:\/\/caal-cbpa.ca\/wp-content\/uploads\/CAUL-CBUA_Statistics_Report_2015-16.pdf\">PDF<\/a><\/td>\n<\/tr>\n<tr class=\"row-10\">\n\t<td class=\"column-1\">2014\/2015<\/td><td class=\"column-2\">-<\/td><td class=\"column-3\"><a href=\"https:\/\/caal-cbpa.ca\/wp-content\/uploads\/CAUL-CBUA_Statistics_Report_2014-15.pdf\">PDF<\/a><\/td>\n<\/tr>\n<tr class=\"row-11\">\n\t<td class=\"column-1\">2013\/2014<\/td><td class=\"column-2\">-<\/td><td class=\"column-3\"><a href=\"https:\/\/caal-cbpa.ca\/wp-content\/uploads\/CAUL_Statistics_Report_2013-14_0.pdf\">PDF<\/a><\/td>\n<\/tr>\n<tr class=\"row-12\">\n\t<td class=\"column-1\">2012\/2013<\/td><td class=\"column-2\">-<\/td><td class=\"column-3\"><a href=\"https:\/\/caal-cbpa.ca\/wp-content\/uploads\/2013_CAULCBUA_Statistics_Final_2015-02-24.pdf\">PDF<\/a><\/td>\n<\/tr>\n<tr class=\"row-13\">\n\t<td class=\"column-1\">2011\/2012<\/td><td class=\"column-2\">-<\/td><td class=\"column-3\"><a href=\"https:\/\/caal-cbpa.ca\/wp-content\/uploads\/2012_CAUL_Statistics_Rev_2014-11-19.pdf\">PDF<\/a><\/td>\n<\/tr>\n<tr class=\"row-14\">\n\t<td class=\"column-1\">2010\/2011<\/td><td class=\"column-2\">-<\/td><td class=\"column-3\"><a href=\"https:\/\/caal-cbpa.ca\/wp-content\/uploads\/2011-CAUL-Statistics.pdf\">PDF<\/a><\/td>\n<\/tr>\n<tr class=\"row-15\">\n\t<td class=\"column-1\">2009\/2010<\/td><td class=\"column-2\">-<\/td><td class=\"column-3\"><a href=\"https:\/\/caal-cbpa.ca\/wp-content\/uploads\/2010-CAUL-Stats-publication.pdf\">PDF<\/a><\/td>\n<\/tr>\n<tr class=\"row-16\">\n\t<td class=\"column-1\">2008\/2009<\/td><td class=\"column-2\">-<\/td><td class=\"column-3\"><a href=\"https:\/\/caal-cbpa.ca\/wp-content\/uploads\/2009-CAUL-Stats-publication.pdf\">PDF<\/a><\/td>\n<\/tr>\n<tr class=\"row-17\">\n\t<td class=\"column-1\">2007\/2008<\/td><td class=\"column-2\">-<\/td><td class=\"column-3\"><a href=\"https:\/\/caal-cbpa.ca\/wp-content\/uploads\/2008-CAUL-Stats-publication.pdf\">PDF<\/a><\/td>\n<\/tr>\n<\/tbody>\n<\/table>\n<!-- #tablepress-annual_stats from cache -->","protected":false},"excerpt":{"rendered":"","protected":false},"author":1,"featured_media":0,"parent":38,"menu_order":0,"comment_status":"closed","ping_status":"closed","template":"","meta":{"pagelayer_contact_templates":[],"_pagelayer_content":"","footnotes":""},"folder":[],"class_list":["post-145","page","type-page","status-publish","hentry"],"_links":{"self":[{"href":"https:\/\/caal-cbpa.ca\/fr\/wp-json\/wp\/v2\/pages\/145","targetHints":{"allow":["GET"]}}],"collection":[{"href":"https:\/\/caal-cbpa.ca\/fr\/wp-json\/wp\/v2\/pages"}],"about":[{"href":"https:\/\/caal-cbpa.ca\/fr\/wp-json\/wp\/v2\/types\/page"}],"author":[{"embeddable":true,"href":"https:\/\/caal-cbpa.ca\/fr\/wp-json\/wp\/v2\/users\/1"}],"replies":[{"embeddable":true,"href":"https:\/\/caal-cbpa.ca\/fr\/wp-json\/wp\/v2\/comments?post=145"}],"version-history":[{"count":8,"href":"https:\/\/caal-cbpa.ca\/fr\/wp-json\/wp\/v2\/pages\/145\/revisions"}],"predecessor-version":[{"id":1433,"href":"https:\/\/caal-cbpa.ca\/fr\/wp-json\/wp\/v2\/pages\/145\/revisions\/1433"}],"up":[{"embeddable":true,"href":"https:\/\/caal-cbpa.ca\/fr\/wp-json\/wp\/v2\/pages\/38"}],"wp:attachment":[{"href":"https:\/\/caal-cbpa.ca\/fr\/wp-json\/wp\/v2\/media?parent=145"}],"wp:term":[{"taxonomy":"folder","embeddable":true,"href":"https:\/\/caal-cbpa.ca\/fr\/wp-json\/wp\/v2\/folder?post=145"}],"curies":[{"name":"wp","href":"https:\/\/api.w.org\/{rel}","templated":true}]}}