{"id":141,"date":"2025-06-28T14:58:55","date_gmt":"2025-06-28T17:58:55","guid":{"rendered":"https:\/\/caal-cbpa.ca\/?page_id=141"},"modified":"2026-04-24T13:40:32","modified_gmt":"2026-04-24T16:40:32","slug":"board-of-directors","status":"publish","type":"page","link":"https:\/\/caal-cbpa.ca\/fr\/about\/board-of-directors\/","title":{"rendered":"Conseil d\u2019administration"},"content":{"rendered":"<strong><strong style=\"color: rgb(255, 255, 255);\">Comit\u00e9 ex\u00e9cutif<\/strong><\/strong>\n\n\n\n\n\n\n\n<p>Lorem Ipsum has been the industry&#8217;s standard dummy text ever since the 1500s.<\/p>\n\n\n\n<p><strong><strong>Dianne Keeping<\/strong><\/strong><br>Doyen des biblioth\u00e8ques<br>Memorial University<br>Pr\u00e9sident<a href=\"mailto:dckeep@mun.ca\"><br>dckeep@mun.ca<\/a><\/p>\n\n\n\n\n\n\n\n<p>Lorem Ipsum has been the industry&#8217;s standard dummy text ever since the 1500s.<\/p>\n\n\n\n<p><strong><strong>Rachel Rubin<\/strong><\/strong><br><span>Doyenne des biblioth\u00e8ques et archives<\/span><br>Mount Allison University<br>Vice-pr\u00e9sident<a href=\"mailto:rrubin@mta.ca\"><br>rrubin@mta.ca<\/a><\/p>\n\n\n\n\n\n\n\n\n\n<p>Lorem Ipsum has been the industry&#8217;s standard dummy text ever since the 1500s.<\/p>\n\n\n<p><strong><strong>Andrea Stewart<\/strong><\/strong><br><span data-teams=\"true\">Director, Library, Learning and Wellness Services<\/span><br>Nova Scotia Community College<br>Tr\u00e9sori\u00e8re<br><a href=\"mailto:andrea.stewart@nscc.ca\">andrea.stewart@nscc.ca<\/a><\/p>\n\n\n\n\n\n\n<p>Lorem Ipsum has been the industry&#8217;s standard dummy text ever since the 1500s.<\/p>\n\n\n\n<p><strong><strong>Suzanne van den Hoogen<\/strong><\/strong><br>Doyenne, Biblioth\u00e8que et archives universitaires<br>Saint Mary&#8217;s University<br>Ancienne pr\u00e9sident<a href=\"mailto:suzanne.vandenhoogen@smu.ca\"><br>suzanne.vandenhoogen@smu.ca<\/a><\/p>\n\n\n\n\n\n\n\n\n<strong><strong style=\"color: rgb(255, 255, 255);\">Directors<\/strong><\/strong>\n\n\n\n\n\n\n\n<p>Lorem Ipsum has been the industry&#8217;s standard dummy text ever since the 1500s.<\/p>\n\n\n\n<p><strong><strong>Jeannie Bail<\/strong><\/strong><br>Biblioth\u00e9caire universitaire<br>Mount Saint Vincent University<a href=\"mailto:jeannie.bail@msvu.ca\"><br>jeannie.bail@msvu.ca<\/a><\/p>\n\n\n\n\n\n\n\n<p>Lorem Ipsum has been the industry&#8217;s standard dummy text ever since the 1500s.<\/p>\n\n\n\n<p><strong><strong>Lesley Balcom<\/strong><\/strong><br>Doyen des biblioth\u00e8ques<br>University of New Brunswick<br>Ancienne pr\u00e9sident<a href=\"mailto:lbalcom@unb.ca\"><br>lbalcom@unb.ca<\/a><\/p>\n\n\n\n\n\n\n\n\n\n<p>Lorem Ipsum has been the industry&#8217;s standard dummy text ever since the 1500s.<\/p>\n\n\n\n<p><strong><strong>Jeanne-Mance Cormier<\/strong><\/strong><br><span>Directrice g\u00e9n\u00e9rale<\/span><br>Universit\u00e9 de Moncton<a href=\"mailto:jeanne-mance.cormier@umoncton.ca\"><br>jeanne-mance.cormier@umoncton.ca<\/a><\/p>\n\n\n\n\n\n\n\n<p>Lorem Ipsum has been the industry&#8217;s standard dummy text ever since the 1500s.<\/p>\n\n\n\n<p><strong><strong>Carolyn DeLorey<\/strong><\/strong><br>Biblioth\u00e9caire universitaire<a href=\"mailto:cdelorey@stfx.ca\"><br><\/a>St. Francis Xavier University<a href=\"mailto:cdelorey@stfx.ca\"><br>cdelorey@stfx.ca<\/a><\/p>\n\n\n\n\n\n\n\n\n\n<p>Lorem Ipsum has been the industry&#8217;s standard dummy text ever since the 1500s.<\/p>\n\n\n\n<p><strong><strong>Patricia Doucette<\/strong><\/strong><br>Directrice<br>Holland College<a href=\"mailto:pmdoucette@hollandcollege.com\"><br>pmdoucette@hollandcollege.com<\/a><\/p>\n\n\n\n\n\n\n\n<p>Lorem Ipsum has been the industry&#8217;s standard dummy text ever since the 1500s.<\/p>\n\n\n\n<p><strong><strong>Julie Lefran\u00e7ois<\/strong><\/strong><br><span>Directrice adjointe \u00e0 l&#8217;apprentissage et la r\u00e9ussite \u00e9tudiante CCNB<\/span><br><span>Coll\u00e8ge communautaire du Nouveau-Brunswick<\/span><span><a href=\"mailto:julie.lefrancois@ccnb.ca\"><br><\/a><\/span><a href=\"mailto:julie.lefrancois@ccnb.ca\">julie.lefrancois@ccnb.ca<\/a><\/p>\n\n\n\n\n\n\n\n\n\n<p>Lorem Ipsum has been the industry&#8217;s standard dummy text ever since the 1500s.<\/p>\n\n\n\n<p><strong><strong>Tracy Lenfesty<\/strong><\/strong><br>Biblioth\u00e9caire universitaire<a href=\"mailto:Tracy.Lenfesty@ukings.ca\"><br><\/a>University of King&#8217;s College<a href=\"mailto:Tracy.Lenfesty@ukings.ca\"><br>Tracy.Lenfesty@ukings.ca<\/a><\/p>\n\n\n\n\n\n\n\n<p>Lorem Ipsum has been the industry&#8217;s standard dummy text ever since the 1500s.<\/p>\n\n\n<p><strong><strong>Svetlana Kochkina<\/strong><\/strong><br>Biblioth\u00e9caire universitaire<br>University of Prince Edward Island<a href=\"mailto:skochkina@upei.ca\"><br>skochkina@upei.ca<\/a><\/p>\n\n\n\n\n\n\n\n\n<p>Lorem Ipsum has been the industry&#8217;s standard dummy text ever since the 1500s.<\/p>\n\n\n\n<p><strong><strong>Pamela Maher<\/strong><\/strong><br>Directrice<br>Universit\u00e9 Sainte-Anne<a href=\"mailto:pamela.maher@usainteanne.ca\"><br>pamela.maher@usainteanne.ca<\/a><\/p>\n\n\n\n\n\n\n\n<p>Lorem Ipsum has been the industry&#8217;s standard dummy text ever since the 1500s.<\/p>\n\n\n<p><strong><strong>Elaine MacInnis<\/strong><\/strong><br>Doyen des biblioth\u00e8ques<br>Dalhousie University<br><a href=\"mailto:deanlib@dal.ca\">deanlib@dal.ca<\/a><\/p>\n\n\n\n\n\n\n\n\n<p>Lorem Ipsum has been the industry&#8217;s standard dummy text ever since the 1500s.<\/p>\n\n\n<p><strong><strong>Heather Moodie<\/strong><\/strong><br>Co-pr\u00e9sident de la biblioth\u00e8que<br>Atlantic School of Theology<a href=\"mailto:Heather.Moodie@astheology.ns.ca\"><br>Heather.Moodie@astheology.ns.ca<\/a><\/p><p><\/p>\n\n\n\n\n\n\n<p>Lorem Ipsum has been the industry&#8217;s standard dummy text ever since the 1500s.<\/p>\n\n\n<p><strong><strong>Nina Quigley<\/strong><\/strong><br><span>Directrice<br><\/span>New Brunswick Community College<a href=\"mailto:Nina.Quigley@nbcc.ca\"><span><br><\/span><span aria-hidden=\"true\"><\/span>Nina.Quigley@nbcc.ca<\/a><\/p><p><\/p>\n\n\n\n\n\n\n\n\n<p>Lorem Ipsum has been the industry&#8217;s standard dummy text ever since the 1500s.<\/p>\n\n\n<p><strong><strong>Jennifer Richard<\/strong><\/strong><br><span>Doyenne des biblioth\u00e8ques et archives<\/span><br>Acadia University<a href=\"mailto:jennifer.richard@acadiau.ca\"><br>jennifer.richard@acadiau.ca<\/a><\/p><p><\/p>\n\n\n\n\n\n\n<p>Lorem Ipsum has been the industry&#8217;s standard dummy text ever since the 1500s.<\/p>\n\n\n<p><strong><strong>Karen Tobin<\/strong><\/strong><br>Biblioth\u00e9caire universitaire par int\u00e9rim<br>Cape Breton University<\/p>\n\n\n\n\n\n\n\n\n<p>Lorem Ipsum has been the industry&#8217;s standard dummy text ever since the 1500s.<\/p>\n\n\n\n<p><strong><strong>Andy Wood<\/strong><\/strong><br><span>Biblioth\u00e9caire III<\/span><br>College of the North Atlantic<a href=\"mailto:andrew.wood@cna.nl.ca\"><br><span aria-hidden=\"true\"><\/span>andrew.wood@cna.nl.ca<\/a><\/p>\n\n\n\n\n\n\n\n<p>Lorem Ipsum has been the industry&#8217;s standard dummy text ever since the 1500s.<\/p>\n\n\n\n<p><strong><strong>Rebecca Young<\/strong><\/strong><br><span>Directrice des services de biblioth\u00e8que<br><\/span>NSCAD University<span><a href=\"mailto:ryoung@nscad.ca\"><br><\/a><\/span><a href=\"mailto:ryoung@nscad.ca\"><span aria-hidden=\"true\"><\/span>ryoung@nscad.ca<\/a><\/p>","protected":false},"excerpt":{"rendered":"","protected":false},"author":1,"featured_media":0,"parent":38,"menu_order":0,"comment_status":"closed","ping_status":"closed","template":"","meta":{"pagelayer_contact_templates":[],"_pagelayer_content":"","footnotes":""},"folder":[],"class_list":["post-141","page","type-page","status-publish","hentry"],"_links":{"self":[{"href":"https:\/\/caal-cbpa.ca\/fr\/wp-json\/wp\/v2\/pages\/141","targetHints":{"allow":["GET"]}}],"collection":[{"href":"https:\/\/caal-cbpa.ca\/fr\/wp-json\/wp\/v2\/pages"}],"about":[{"href":"https:\/\/caal-cbpa.ca\/fr\/wp-json\/wp\/v2\/types\/page"}],"author":[{"embeddable":true,"href":"https:\/\/caal-cbpa.ca\/fr\/wp-json\/wp\/v2\/users\/1"}],"replies":[{"embeddable":true,"href":"https:\/\/caal-cbpa.ca\/fr\/wp-json\/wp\/v2\/comments?post=141"}],"version-history":[{"count":69,"href":"https:\/\/caal-cbpa.ca\/fr\/wp-json\/wp\/v2\/pages\/141\/revisions"}],"predecessor-version":[{"id":2477,"href":"https:\/\/caal-cbpa.ca\/fr\/wp-json\/wp\/v2\/pages\/141\/revisions\/2477"}],"up":[{"embeddable":true,"href":"https:\/\/caal-cbpa.ca\/fr\/wp-json\/wp\/v2\/pages\/38"}],"wp:attachment":[{"href":"https:\/\/caal-cbpa.ca\/fr\/wp-json\/wp\/v2\/media?parent=141"}],"wp:term":[{"taxonomy":"folder","embeddable":true,"href":"https:\/\/caal-cbpa.ca\/fr\/wp-json\/wp\/v2\/folder?post=141"}],"curies":[{"name":"wp","href":"https:\/\/api.w.org\/{rel}","templated":true}]}}