{"id":1365,"date":"2025-08-01T01:39:56","date_gmt":"2025-08-01T01:39:56","guid":{"rendered":"https:\/\/caal-cbpa.ca\/?page_id=1365"},"modified":"2026-01-05T03:02:25","modified_gmt":"2026-01-05T03:02:25","slug":"oergrantscomm","status":"publish","type":"page","link":"https:\/\/caal-cbpa.ca\/fr\/about\/committees\/oer\/oergrantscomm\/","title":{"rendered":"Sous-comit\u00e9 des subventions de d\u00e9veloppement de R\u00c9LAtlantique"},"content":{"rendered":"<p><strong><strong style=\"color: rgb(255, 255, 255);\">Objectif<\/strong><\/strong><\/p>\n\n\n\n\n\n\n\n<p>Le sous-comit\u00e9 sur les subventions de d\u00e9veloppement des ressources \u00e9ducatives libres (REL) de la r\u00e9gion de l\u2019Atlantique s\u2019emploie \u00e0 faire mieux conna\u00eetre et adopter les ressources \u00e9ducatives libres (REL) dans la r\u00e9gion de l\u2019Atlantique en administrant <a href=\"https:\/\/atlanticoer-relatlantique.ca\/grants\/\" target=\"_blank\">Subventions de d\u00e9veloppement RELAtlantique<\/a> de la r\u00e9gion de l\u2019Atlantique pour les \u00e9ducateurs.<br><br>Le sous-comit\u00e9 des subventions de d\u00e9veloppement des REL de R\u00c9LAtlantique est sous la supervision du <a href=\"https:\/\/caal-cbpa.ca\/fr\/about\/committees\/oer\/\">comit\u00e9 consultatif sur les R\u00c9L du CBPA<\/a>.<\/p>\n\n\n\n\n\n\n\n<p><strong><strong style=\"color: rgb(255, 255, 255);\">Membres<\/strong><\/strong><\/p>\n\n\n\n\n\n\n\n<p>Il s\u2019agit d\u2019un nouveau sous-comit\u00e9 approuv\u00e9, de sorte que la composition n\u2019est pas encore d\u00e9finitive. Le pr\u00e9sident et l\u2019agent de liaison du Conseil sont des membres permanents.<\/p>\n\n\n\n\n\n\n\n\n\n\n\n\n\n<p><strong><strong>Alexandra Marcaccio<\/strong><\/strong><br>CAAL-CBPA<br>Meneuse RELAtlantique<br>Pr\u00e9sident du comit\u00e9<\/p>\n\n\n\n\n\n\n\n\n\n\n\n\n\n<p><strong><strong>Andrea Stewart<\/strong><\/strong><br>Nova Scotia Community College<br><\/p><p><span>Directrice des services de biblioth\u00e8que et d\u2019information<\/span><\/p>Liaison avec le conseil d\u2019administration du comit\u00e9\n\n\n\n\n\n\n\n\n\n<p><strong><strong style=\"color: rgb(255, 255, 255);\">Documents<\/strong><\/strong><\/p>\n\n\n\n\n\n\n\n<p><img decoding=\"async\" pl-media-id=\"935\" src=\"https:\/\/caal-cbpa.ca\/wp-content\/uploads\/pdf-icon_sm.jpg\" alt=\"Adobe PDF Icon\">\u00a0 <a href=\"https:\/\/caal-cbpa.ca\/wp-content\/uploads\/CAAL-CBPA-OER-Advisory-Committee-AtlanticOER-Development-Grants-Sub-Committee-Terms-of-Reference.pdf\"><strong>Mandat du sous-comit\u00e9<br><\/strong><\/a><img decoding=\"async\" pl-media-id=\"1573\" src=\"https:\/\/caal-cbpa.ca\/wp-content\/uploads\/google-drive-icon_sm.png\" alt=\"\"><strong>\u00a0 <a href=\"https:\/\/drive.google.com\/drive\/folders\/13OpjsXTBS1PONAp3-6WHxidN10i4lxRf?usp=drive_link\" target=\"_blank\">Sous-comit\u00e9 de Google Drive (membres du sous-comit\u00e9 seulement)<\/a><\/strong><\/p>","protected":false},"excerpt":{"rendered":"","protected":false},"author":2,"featured_media":0,"parent":893,"menu_order":0,"comment_status":"closed","ping_status":"closed","template":"","meta":{"pagelayer_contact_templates":[],"_pagelayer_content":"","footnotes":""},"folder":[],"class_list":["post-1365","page","type-page","status-publish","hentry"],"_links":{"self":[{"href":"https:\/\/caal-cbpa.ca\/fr\/wp-json\/wp\/v2\/pages\/1365","targetHints":{"allow":["GET"]}}],"collection":[{"href":"https:\/\/caal-cbpa.ca\/fr\/wp-json\/wp\/v2\/pages"}],"about":[{"href":"https:\/\/caal-cbpa.ca\/fr\/wp-json\/wp\/v2\/types\/page"}],"author":[{"embeddable":true,"href":"https:\/\/caal-cbpa.ca\/fr\/wp-json\/wp\/v2\/users\/2"}],"replies":[{"embeddable":true,"href":"https:\/\/caal-cbpa.ca\/fr\/wp-json\/wp\/v2\/comments?post=1365"}],"version-history":[{"count":22,"href":"https:\/\/caal-cbpa.ca\/fr\/wp-json\/wp\/v2\/pages\/1365\/revisions"}],"predecessor-version":[{"id":1917,"href":"https:\/\/caal-cbpa.ca\/fr\/wp-json\/wp\/v2\/pages\/1365\/revisions\/1917"}],"up":[{"embeddable":true,"href":"https:\/\/caal-cbpa.ca\/fr\/wp-json\/wp\/v2\/pages\/893"}],"wp:attachment":[{"href":"https:\/\/caal-cbpa.ca\/fr\/wp-json\/wp\/v2\/media?parent=1365"}],"wp:term":[{"taxonomy":"folder","embeddable":true,"href":"https:\/\/caal-cbpa.ca\/fr\/wp-json\/wp\/v2\/folder?post=1365"}],"curies":[{"name":"wp","href":"https:\/\/api.w.org\/{rel}","templated":true}]}}