{"id":1297,"date":"2025-07-31T20:58:11","date_gmt":"2025-07-31T23:58:11","guid":{"rendered":"https:\/\/caal-cbpa.ca\/?page_id=1297"},"modified":"2026-04-24T13:21:25","modified_gmt":"2026-04-24T16:21:25","slug":"colleges-sub-committee","status":"publish","type":"page","link":"https:\/\/caal-cbpa.ca\/fr\/about\/committees\/collections\/colleges-sub-committee\/","title":{"rendered":"Sous-comit\u00e9 des coll\u00e8ges"},"content":{"rendered":"<p><strong><strong style=\"color: rgb(255, 255, 255);\">Objectif<\/strong><\/strong><\/p>\n\n\n\n\n\n\n<p>Les coll\u00e8ges ont souvent des besoins en ressources diff\u00e9rents de ceux des universit\u00e9s. Le sous-comit\u00e9 des coll\u00e8ges du <a href=\"https:\/\/caal-cbpa.ca\/fr\/about\/committees\/collections\/\">Comit\u00e9 des collections du CBPA<\/a> veille \u00e0 ce que les besoins en ressources \u00e9lectroniques des membres du coll\u00e8ge du CBPA soient repr\u00e9sent\u00e9s dans le programme d\u2019octroi de licences pour les ressources \u00e9lectroniques du CBPA.<br><br><\/p><p>The Sub-Committee&#8217;s focus is to:<\/p><ul><li>Organiser et d\u00e9fendre les int\u00e9r\u00eats des coll\u00e8ges membres dans les pratiques et le soutien en mati\u00e8re de licences de ressources en consortium du CBPA; et<br><br><\/li><li>Collaborer \u00e0 l\u2019\u00e9laboration de ressources et de services li\u00e9s aux collections qui r\u00e9pondent aux besoins des \u00e9coles publiques de formation professionnelle dans la r\u00e9gion de l\u2019Atlantique.<\/li><\/ul>\n\n\n\n\n\n\n<p><strong><strong style=\"color: rgb(255, 255, 255);\">Membres<\/strong><\/strong><\/p>\n\n\n\n\n\n\n\n\n<p>Lorem Ipsum has been the industry&#8217;s standard dummy text ever since the 1500s.<\/p>\n\n\n\n<p><strong><strong>Waley Frotan<\/strong><\/strong><br>Holland College<\/p>\n\n\n\n\n\n\n\n<p>Lorem Ipsum has been the industry&#8217;s standard dummy text ever since the 1500s.<\/p>\n\n\n\n<p><strong><strong>Julie Lefran\u00e7ois<\/strong><\/strong><br>Coll\u00e8ge communautaire du Nouveau-Brunswick&nbsp;<\/p>\n\n\n\n\n\n\n\n\n\n<p>Lorem Ipsum has been the industry&#8217;s standard dummy text ever since the 1500s.<\/p>\n\n\n\n<p><strong><strong>Ramina Mukundan<\/strong><\/strong><br>New Brunswick Community College<\/p>\n\n\n\n\n\n\n\n<p>Lorem Ipsum has been the industry&#8217;s standard dummy text ever since the 1500s.<\/p>\n\n\n\n<p><strong><strong>Stephen Nolan<\/strong><\/strong><br>College of the North Atlantic<\/p>\n\n\n\n\n\n\n\n\n\n<p>Lorem Ipsum has been the industry&#8217;s standard dummy text ever since the 1500s.<\/p>\n\n\n\n<p><strong><strong>Denise Parrott<\/strong><\/strong><br>Nova Scotia Community College<\/p>\n\n\n\n\n\n\n\n\n<p><br><\/p>\n\n\n\n\n\n\n\n<p><strong><strong style=\"color: rgb(255, 255, 255);\">Documents<\/strong><\/strong><\/p>\n\n\n\n\n\n\n<p><img decoding=\"async\" pl-media-id=\"935\" src=\"https:\/\/caal-cbpa.ca\/wp-content\/uploads\/pdf-icon_sm.jpg\" alt=\"Adobe PDF Icon\">\u00a0 <a href=\"https:\/\/caal-cbpa.ca\/wp-content\/uploads\/CAAL-CBPA-Collection-Development-College-Sub-Committee-Terms-of-Reference-2022rev.pdf\"><strong>Mandat du sous-comit\u00e9<br><\/strong><\/a><img decoding=\"async\" pl-media-id=\"1573\" src=\"https:\/\/caal-cbpa.ca\/wp-content\/uploads\/google-drive-icon_sm.png\" alt=\"\"><strong>\u00a0 <a href=\"https:\/\/drive.google.com\/drive\/folders\/1U1MTkemE2ST1-vyRmzIlDVbMwknhPHBQ?usp=sharing\" target=\"_blank\">Sous-comit\u00e9 de Google Drive (membres du sous-comit\u00e9 seulement)<\/a><\/strong><\/p>","protected":false},"excerpt":{"rendered":"","protected":false},"author":2,"featured_media":0,"parent":877,"menu_order":0,"comment_status":"closed","ping_status":"closed","template":"","meta":{"pagelayer_contact_templates":[],"_pagelayer_content":"","footnotes":""},"folder":[],"class_list":["post-1297","page","type-page","status-publish","hentry"],"_links":{"self":[{"href":"https:\/\/caal-cbpa.ca\/fr\/wp-json\/wp\/v2\/pages\/1297","targetHints":{"allow":["GET"]}}],"collection":[{"href":"https:\/\/caal-cbpa.ca\/fr\/wp-json\/wp\/v2\/pages"}],"about":[{"href":"https:\/\/caal-cbpa.ca\/fr\/wp-json\/wp\/v2\/types\/page"}],"author":[{"embeddable":true,"href":"https:\/\/caal-cbpa.ca\/fr\/wp-json\/wp\/v2\/users\/2"}],"replies":[{"embeddable":true,"href":"https:\/\/caal-cbpa.ca\/fr\/wp-json\/wp\/v2\/comments?post=1297"}],"version-history":[{"count":23,"href":"https:\/\/caal-cbpa.ca\/fr\/wp-json\/wp\/v2\/pages\/1297\/revisions"}],"predecessor-version":[{"id":2475,"href":"https:\/\/caal-cbpa.ca\/fr\/wp-json\/wp\/v2\/pages\/1297\/revisions\/2475"}],"up":[{"embeddable":true,"href":"https:\/\/caal-cbpa.ca\/fr\/wp-json\/wp\/v2\/pages\/877"}],"wp:attachment":[{"href":"https:\/\/caal-cbpa.ca\/fr\/wp-json\/wp\/v2\/media?parent=1297"}],"wp:term":[{"taxonomy":"folder","embeddable":true,"href":"https:\/\/caal-cbpa.ca\/fr\/wp-json\/wp\/v2\/folder?post=1297"}],"curies":[{"name":"wp","href":"https:\/\/api.w.org\/{rel}","templated":true}]}}