{"id":1179,"date":"2025-07-31T16:22:23","date_gmt":"2025-07-31T16:22:23","guid":{"rendered":"https:\/\/caal-cbpa.ca\/?page_id=1179"},"modified":"2026-01-05T01:55:01","modified_gmt":"2026-01-05T01:55:01","slug":"executive-committee","status":"publish","type":"page","link":"https:\/\/caal-cbpa.ca\/fr\/about\/committees\/executive-committee\/","title":{"rendered":"Comit\u00e9 ex\u00e9cutif"},"content":{"rendered":"<p><strong><strong style=\"color: rgb(255, 255, 255);\">Objectif<\/strong><\/strong><\/p>\n\n\n\n\n<p>Le Comit\u00e9 ex\u00e9cutif du CBPA agit \u00e0 titre de comit\u00e9 directeur du Conseil.\u00a0 \u00c0 ce titre, le Comit\u00e9 ex\u00e9cutif \u00e9tablit les priorit\u00e9s en vue d\u2019une r\u00e9solution par l\u2019ensemble du Conseil.\u00a0 Il effectue \u00e9galement des recherches et enqu\u00eate sur les enjeux auxquels fait face l\u2019organisation afin d\u2019\u00e9clairer les recommandations au Conseil pour discussion et d\u00e9cision.&nbsp;<\/p>\n\n\n\n\n<p><strong><strong style=\"color: rgb(255, 255, 255);\">Membres<\/strong><\/strong><\/p>\n\n\n\n\n\n\n\n\n\n<p><strong><strong>Dianne Keeping<\/strong><\/strong><br>Memorial University<br>Doyen des biblioth\u00e8ques<br>Pr\u00e9sident<\/p>\n\n\n\n\n\n\n\n\n\n<p><strong><strong>Rachel Rubin<\/strong><\/strong><br>Mount Allison University<br><span>Doyenne des biblioth\u00e8ques et archives<\/span><br>Vice-Chair<\/p>\n\n\n\n\n\n\n\n\n\n\n\n<p><strong><strong>Michael Vandenburg<\/strong><\/strong><br>Dalhousie University<br>Doyen des biblioth\u00e8ques<br>Tr\u00e9sori\u00e8re<\/p>\n\n\n\n\n\n\n\n\n\n<p><strong><strong>Suzanne van den Hoogen<\/strong><\/strong><br>Saint Mary&#8217;s University<br>Doyenne, Biblioth\u00e8que et archives universitaires<br>Past-Chair<\/p>\n\n\n\n\n\n\n<p><strong><strong style=\"color: rgb(255, 255, 255);\">Documents<\/strong><\/strong><\/p>\n\n\n\n\n<p><img decoding=\"async\" src=\"https:\/\/caal-cbpa.ca\/wp-content\/uploads\/pdf-icon_sm.jpg\" alt=\"Adobe PDF Icon\" pl-media-id=\"935\">&nbsp;&nbsp;<a href=\"https:\/\/caal-cbpa.ca\/wp-content\/uploads\/CAAL-CBPA-Executive-Committee-Handbook.pdf\">Manuel du comit\u00e9 de direction<\/a><\/p>","protected":false},"excerpt":{"rendered":"","protected":false},"author":1,"featured_media":0,"parent":168,"menu_order":0,"comment_status":"closed","ping_status":"closed","template":"","meta":{"pagelayer_contact_templates":[],"_pagelayer_content":"","footnotes":""},"folder":[],"class_list":["post-1179","page","type-page","status-publish","hentry"],"_links":{"self":[{"href":"https:\/\/caal-cbpa.ca\/fr\/wp-json\/wp\/v2\/pages\/1179","targetHints":{"allow":["GET"]}}],"collection":[{"href":"https:\/\/caal-cbpa.ca\/fr\/wp-json\/wp\/v2\/pages"}],"about":[{"href":"https:\/\/caal-cbpa.ca\/fr\/wp-json\/wp\/v2\/types\/page"}],"author":[{"embeddable":true,"href":"https:\/\/caal-cbpa.ca\/fr\/wp-json\/wp\/v2\/users\/1"}],"replies":[{"embeddable":true,"href":"https:\/\/caal-cbpa.ca\/fr\/wp-json\/wp\/v2\/comments?post=1179"}],"version-history":[{"count":12,"href":"https:\/\/caal-cbpa.ca\/fr\/wp-json\/wp\/v2\/pages\/1179\/revisions"}],"predecessor-version":[{"id":1902,"href":"https:\/\/caal-cbpa.ca\/fr\/wp-json\/wp\/v2\/pages\/1179\/revisions\/1902"}],"up":[{"embeddable":true,"href":"https:\/\/caal-cbpa.ca\/fr\/wp-json\/wp\/v2\/pages\/168"}],"wp:attachment":[{"href":"https:\/\/caal-cbpa.ca\/fr\/wp-json\/wp\/v2\/media?parent=1179"}],"wp:term":[{"taxonomy":"folder","embeddable":true,"href":"https:\/\/caal-cbpa.ca\/fr\/wp-json\/wp\/v2\/folder?post=1179"}],"curies":[{"name":"wp","href":"https:\/\/api.w.org\/{rel}","templated":true}]}}