{"id":1042,"date":"2025-07-31T08:38:15","date_gmt":"2025-07-31T08:38:15","guid":{"rendered":"https:\/\/caal-cbpa.ca\/?page_id=1042"},"modified":"2026-04-02T14:35:08","modified_gmt":"2026-04-02T14:35:08","slug":"rsc","status":"publish","type":"page","link":"https:\/\/caal-cbpa.ca\/fr\/about\/committees\/rsc\/","title":{"rendered":"Comit\u00e9 de partage des ressources"},"content":{"rendered":"<p><strong><strong style=\"color: rgb(255, 255, 255);\">Objectif<\/strong><\/strong><\/p>\n\n\n\n\n\n<p>Le Comit\u00e9 de partage des ressources (CDR) coordonne les activit\u00e9s \u00e0 l\u2019\u00e9chelle du CBPA relatives au PEB et \u00e0 la livraison des documents.\u00a0 Le CDR d\u00e9termine, analyse et facilite les innovations, les strat\u00e9gies et les tendances en mati\u00e8re de partage des ressources. Il propose de nouvelles initiatives de partage des ressources \u00e0 la directrice g\u00e9n\u00e9rale comme communication avec les biblioth\u00e8ques membres du CBPA au sujet des questions et propositions relatives au partage des ressources.<\/p>\n\n\n\n\n\n<p><strong><strong style=\"color: rgb(255, 255, 255);\">Membres<\/strong><\/strong><\/p>\n\n\n\n\n\n\n\n<p>Lorem Ipsum has been the industry&#8217;s standard dummy text ever since the 1500s.<\/p>\n\n\n\n<p><strong><strong>Joe Wickens<\/strong><\/strong><br>Dalhousie University<br>Co-pr\u00e9sident du comit\u00e9<\/p>\n\n\n\n\n\n\n\n<p>Lorem Ipsum has been the industry&#8217;s standard dummy text ever since the 1500s.<\/p>\n\n\n\n<p><strong><strong>Becky Smith<\/strong><\/strong><br>Memorial University (QEII)<br>Co-pr\u00e9sident du comit\u00e9<\/p>\n\n\n\n\n\n\n\n\n\n<p>Lorem Ipsum has been the industry&#8217;s standard dummy text ever since the 1500s.<\/p>\n\n\n<p><strong><strong>Elaine MacInnis<\/strong><\/strong><br>Dalhousie University<br>Liaison avec le conseil d\u2019administration du comit\u00e9<\/p>\n\n\n\n\n\n\n<p>Lorem Ipsum has been the industry&#8217;s standard dummy text ever since the 1500s.<\/p>\n\n\n\n<p><strong><strong>Jennifer Adams<\/strong><\/strong><br>Dalhousie University<\/p>\n\n\n\n\n\n\n\n\n\n<p>Lorem Ipsum has been the industry&#8217;s standard dummy text ever since the 1500s.<\/p>\n\n\n\n<p><strong><strong>Robin Allen<br><\/strong><\/strong>Nova Scotia Community College<\/p>\n\n\n\n\n\n\n\n<p>Lorem Ipsum has been the industry&#8217;s standard dummy text ever since the 1500s.<\/p>\n\n\n\n<p><strong><strong>Ann Bridges<\/strong><\/strong><br>University of New Brunswick<\/p>\n\n\n\n\n\n\n\n\n\n<p>Lorem Ipsum has been the industry&#8217;s standard dummy text ever since the 1500s.<\/p>\n\n\n<p><strong><strong>Wilma Carty<\/strong><\/strong><br>Acadia University<\/p>\n\n\n\n\n\n\n<p>Lorem Ipsum has been the industry&#8217;s standard dummy text ever since the 1500s.<\/p>\n\n\n<p><strong><strong>Corinne Gilroy<\/strong><\/strong><br>Mount Saint Vincent University<\/p>\n\n\n\n\n\n\n\n\n<p>Lorem Ipsum has been the industry&#8217;s standard dummy text ever since the 1500s.<\/p>\n\n\n\n<p><strong><strong>Chris MacLauchlan<\/strong><\/strong><br>University of Prince Edward Island<\/p>\n\n\n\n\n\n\n\n<p>Lorem Ipsum has been the industry&#8217;s standard dummy text ever since the 1500s.<\/p>\n\n\n<p><strong><strong>Amanda McNeil<\/strong><\/strong><br>Cape Breton University<\/p>\n\n\n\n\n\n\n\n\n<p>Lorem Ipsum has been the industry&#8217;s standard dummy text ever since the 1500s.<\/p>\n\n\n<p><strong><strong>Denise Savoie<\/strong><\/strong><br>Universit\u00e9 de Moncton<\/p>\n\n\n\n\n\n\n<p>Lorem Ipsum has been the industry&#8217;s standard dummy text ever since the 1500s.<\/p>\n\n\n<p><strong><strong>Wendy Witczak<\/strong><\/strong><br>Mount Allison University<\/p>\n\n\n\n\n\n\n\n<p><strong><strong style=\"color: rgb(255, 255, 255);\">Documents<\/strong><\/strong><\/p>\n\n\n\n\n\n\n<p><img decoding=\"async\" pl-media-id=\"935\" src=\"https:\/\/caal-cbpa.ca\/wp-content\/uploads\/pdf-icon_sm.jpg\" alt=\"pdf icon\">\u00a0<a href=\"https:\/\/caal-cbpa.ca\/wp-content\/uploads\/CAAL-CBPA-Resource-Sharing-Committee-Terms-of-Reference-2022.pdf\"><strong>\u00a0Mandat du comit\u00e9<\/strong><\/a><a href=\"https:\/\/drive.google.com\/drive\/folders\/1-zXAbG-bWXF0NwfJmMQqrWVLmGyyMt9R?usp=sharing\"><strong><strong><br><\/strong><\/strong><\/a><img decoding=\"async\" pl-media-id=\"1573\" src=\"https:\/\/caal-cbpa.ca\/wp-content\/uploads\/google-drive-icon_sm.png\" alt=\"\"><a href=\"https:\/\/drive.google.com\/drive\/folders\/1-zXAbG-bWXF0NwfJmMQqrWVLmGyyMt9R?usp=sharing\" target=\"_blank\"><strong>\u00a0 Google Drive du comit\u00e9 (membres du comit\u00e9 seulement)<\/strong><\/a><\/p>","protected":false},"excerpt":{"rendered":"","protected":false},"author":2,"featured_media":0,"parent":168,"menu_order":0,"comment_status":"closed","ping_status":"closed","template":"","meta":{"pagelayer_contact_templates":[],"_pagelayer_content":"","footnotes":""},"folder":[],"class_list":["post-1042","page","type-page","status-publish","hentry"],"_links":{"self":[{"href":"https:\/\/caal-cbpa.ca\/fr\/wp-json\/wp\/v2\/pages\/1042","targetHints":{"allow":["GET"]}}],"collection":[{"href":"https:\/\/caal-cbpa.ca\/fr\/wp-json\/wp\/v2\/pages"}],"about":[{"href":"https:\/\/caal-cbpa.ca\/fr\/wp-json\/wp\/v2\/types\/page"}],"author":[{"embeddable":true,"href":"https:\/\/caal-cbpa.ca\/fr\/wp-json\/wp\/v2\/users\/2"}],"replies":[{"embeddable":true,"href":"https:\/\/caal-cbpa.ca\/fr\/wp-json\/wp\/v2\/comments?post=1042"}],"version-history":[{"count":41,"href":"https:\/\/caal-cbpa.ca\/fr\/wp-json\/wp\/v2\/pages\/1042\/revisions"}],"predecessor-version":[{"id":2309,"href":"https:\/\/caal-cbpa.ca\/fr\/wp-json\/wp\/v2\/pages\/1042\/revisions\/2309"}],"up":[{"embeddable":true,"href":"https:\/\/caal-cbpa.ca\/fr\/wp-json\/wp\/v2\/pages\/168"}],"wp:attachment":[{"href":"https:\/\/caal-cbpa.ca\/fr\/wp-json\/wp\/v2\/media?parent=1042"}],"wp:term":[{"taxonomy":"folder","embeddable":true,"href":"https:\/\/caal-cbpa.ca\/fr\/wp-json\/wp\/v2\/folder?post=1042"}],"curies":[{"name":"wp","href":"https:\/\/api.w.org\/{rel}","templated":true}]}}