{"id":171,"date":"2025-06-28T15:01:58","date_gmt":"2025-06-28T18:01:58","guid":{"rendered":"https:\/\/caal-cbpa.ca\/?page_id=171"},"modified":"2026-04-29T18:45:21","modified_gmt":"2026-04-29T21:45:21","slug":"members","status":"publish","type":"page","link":"https:\/\/caal-cbpa.ca\/en\/members\/","title":{"rendered":"Member Institutions"},"content":{"rendered":"\n\n\n\n<p>Lorem Ipsum has been the industry&#8217;s standard dummy text ever since the 1500s.<\/p>\n\n\n<p><strong><strong><a href=\"https:\/\/library.acadiau.ca\/home.html\">Acadia University<\/a><\/strong><\/strong><br>Wolfville, NS<\/p>\n\n\n<p>Jennifer Richard<br><span>Dean of Libraries and Archives<\/span><br><\/p>\n\n\n\n\n<p>Lorem Ipsum has been the industry&#8217;s standard dummy text ever since the 1500s.<\/p>\n\n\n<p><strong><strong><a href=\"https:\/\/www.astheology.ns.ca\/ast-library\/index.html\">Atlantic School of Theology<\/a><\/strong><\/strong><br>Halifax, NS<\/p>\n\n\n<p>Heather Moodie<br>Library Co-Chair<\/p>\n\n\n\n\n<p>Lorem Ipsum has been the industry&#8217;s standard dummy text ever since the 1500s.<\/p>\n\n\n<p><strong><strong><a href=\"https:\/\/www.canada.ca\/en\/canadian-coast-guard\/services\/academy.html\">Canadian Coast Guard Academy<\/a><\/strong><\/strong><a href=\"https:\/\/libguides.cbu.ca\/homepage\"><br><\/a>Sydney, NS<\/p>\n\n\n<p>Tammy MacNeil<br>Acting Manager of Library Services<\/p>\n\n\n\n\n<p>Lorem Ipsum has been the industry&#8217;s standard dummy text ever since the 1500s.<\/p>\n\n\n<a href=\"https:\/\/libguides.cbu.ca\/homepage\"><strong><strong>Cape Breton University<\/strong><\/strong><br><\/a>Sydney, NS\n\n\n<p>Karen Tobin<br><span>University Librarian<\/span><\/p>\n\n\n\n\n\n\n<p>Lorem Ipsum has been the industry&#8217;s standard dummy text ever since the 1500s.<\/p>\n\n\n<p><strong><strong><a href=\"https:\/\/ccnb.ca\/services-aux-etudiants\/bibliotheque\/\">Coll\u00e8ge communautaire du Nouveau-Brunswick<\/a><\/strong><\/strong><a href=\"https:\/\/ccnb.ca\/services-aux-etudiants\/bibliotheque\/\"><br><\/a>NB (various locations)<\/p>\n\n\n<p>Julie Lefran\u00e7ois<br><span>Directrice adjointe \u00e0 l&#8217;apprentissage et la r\u00e9ussite \u00e9tudiante CCNB<\/span><\/p>\n\n\n\n\n<p>Lorem Ipsum has been the industry&#8217;s standard dummy text ever since the 1500s.<\/p>\n\n\n<p><strong><strong><a href=\"https:\/\/www.cna.nl.ca\/student-support\/library-services\">College of the North Atlantic<\/a><\/strong><\/strong><br>NL (various locations)<\/p>\n\n\n<p>Andy Wood<br>Librarian III<\/p>\n\n\n\n\n<p>Lorem Ipsum has been the industry&#8217;s standard dummy text ever since the 1500s.<\/p>\n\n\n<p><strong><strong><a href=\"https:\/\/libraries.dal.ca\/\">Dalhousie University<\/a><\/strong><\/strong><a href=\"https:\/\/libraries.dal.ca\/\"><br><\/a>Halifax, NS<br><\/p>\n\n\n<p>Elaine MacInnis<br>Interim Dean of Libraries<\/p>\n\n\n\n\n<p>Lorem Ipsum has been the industry&#8217;s standard dummy text ever since the 1500s.<\/p>\n\n\n<strong><strong><a href=\"https:\/\/hollandcollege.libguides.com\/\">Holland College<\/a><\/strong><\/strong><a href=\"https:\/\/hollandcollege.libguides.com\/\"><br><\/a>Charlottetown, PE\n\n\n<p>Patricia Doucette<br>Director<\/p>\n\n\n\n\n\n\n<p>Lorem Ipsum has been the industry&#8217;s standard dummy text ever since the 1500s.<\/p>\n\n\n<strong><strong><a href=\"https:\/\/www.library.mun.ca\/\">Memorial University of Newfoundland<\/a><\/strong><\/strong><a href=\"https:\/\/www.library.mun.ca\/\"><br><\/a>St John&#8217;s, Corner Brook, &amp; Labrador, NL\n\n\n<p>Dianne Keeping<br>Dean of Libraries<\/p>\n\n\n\n\n<p>Lorem Ipsum has been the industry&#8217;s standard dummy text ever since the 1500s.<\/p>\n\n\n<strong><strong><a href=\"https:\/\/libraryguides.mta.ca\/main\">Mount Allison University<\/a><\/strong><\/strong><br>Sackville, NB\n\n\n<p>Rachel Rubin<span><br>Dean of Libraries &amp; Archives<\/span><\/p>\n\n\n\n\n<p>Lorem Ipsum has been the industry&#8217;s standard dummy text ever since the 1500s.<\/p>\n\n\n<a href=\"https:\/\/hollandcollege.libguides.com\/\"><strong><strong><a href=\"https:\/\/www.msvu.ca\/academics\/library\/\">Mount Saint Vincent University<\/a><\/strong><\/strong><br>Halifax, NS\n\n\n<p>Jeannie Bail<br>University Librarian<\/p>\n\n\n\n\n<p>Lorem Ipsum has been the industry&#8217;s standard dummy text ever since the 1500s.<\/p>\n\n\n<strong><strong><a href=\"https:\/\/nbcc.libguides.com\/\">New Brunswick Community College<\/a><\/strong><\/strong><br>NB&nbsp; (various locations)\n\n\n<p>Nina Quigley<br>Director<\/p>\n\n\n\n\n\n\n<p>Lorem Ipsum has been the industry&#8217;s standard dummy text ever since the 1500s.<\/p>\n\n\n<strong><strong><a href=\"https:\/\/www.nscc.ca\/library\/index.asp\">Nova Scotia Community College<br><\/a><\/strong><\/strong>NS&nbsp; (various locations)\n\n\n<p>Andrea Stewart<span><br>Director, Library, Learning &amp; Wellness Services<\/span><\/p>\n\n\n\n\n<p>Lorem Ipsum has been the industry&#8217;s standard dummy text ever since the 1500s.<\/p>\n\n\n<strong><strong><a href=\"https:\/\/library.nscad.ca\/libraryhome\">NSCAD University<\/a><\/strong><\/strong><br>Halifax, NS\n\n\n<p>Rebecca Young<br>Director of Library Services<\/p>\n\n\n\n\n<p>Lorem Ipsum has been the industry&#8217;s standard dummy text ever since the 1500s.<\/p>\n\n\n<strong><strong><a href=\"https:\/\/www.smu.ca\/academics\/the-patrick-power-library.html\">Saint Mary\u2019s University<\/a><\/strong><\/strong><br>Halifax, NS\n\n\n<p>NSuzanne van den Hoogen<br>Dean, University Library and Archives<\/p>\n\n\n\n\n<p>Lorem Ipsum has been the industry&#8217;s standard dummy text ever since the 1500s.<\/p>\n\n\n<strong><strong><a href=\"https:\/\/www.stfx.ca\/library\">St. Francis Xavier University<\/a><\/strong><\/strong><br>Antigonish, NS\n\n\n<p>Carolyn DeLorey<br>Acting University Librarian<\/p>\n\n\n\n\n\n\n<p>Lorem Ipsum has been the industry&#8217;s standard dummy text ever since the 1500s.<\/p>\n\n\n<strong><strong><a href=\"https:\/\/www.umoncton.ca\/bibliotheques\/\">Universit\u00e9 de Moncton<\/a><\/strong><\/strong><a href=\"https:\/\/www.umoncton.ca\/bibliotheques\/\"><br><\/a>Moncton, Edmundston, Shippagan, NB\n\n\n<p>Jeanne-Mance Cormier<br><span>Directrice g\u00e9n\u00e9rale<\/span><\/p>\n\n\n\n\n<p>Lorem Ipsum has been the industry&#8217;s standard dummy text ever since the 1500s.<\/p>\n\n\n<strong><strong><a href=\"https:\/\/www.usainteanne.ca\/bibliotheque\">Universit\u00e9 Sainte-Anne<\/a><\/strong><\/strong><br>Pointe-de-l&#8217;\u00c9glise, NS\n\n\n<p>Pamela Maher<br>Directrice<\/p>\n\n\n\n\n<p>Lorem Ipsum has been the industry&#8217;s standard dummy text ever since the 1500s.<\/p>\n\n\n<strong><strong><a href=\"https:\/\/libguides.ukings.ca\/homepage\">University of King\u2019s College<\/a><\/strong><\/strong><br>Halifax, NS\n\n\n<p>Tracy Lenfesty<br>University Librarian<\/p>\n\n\n\n\n<p>Lorem Ipsum has been the industry&#8217;s standard dummy text ever since the 1500s.<\/p>\n\n\n<strong><strong><a href=\"https:\/\/lib.unb.ca\/\">University of New Brunswick<\/a><\/strong><\/strong><br>Fredericton &amp; Saint John, NB\n\n\n<p>Lesley Balcom<br>Dean of Libraries<\/p>\n\n\n\n\n\n\n<p>Lorem Ipsum has been the industry&#8217;s standard dummy text ever since the 1500s.<\/p>\n\n\n<strong><strong><a href=\"https:\/\/libraryupei.ca\/\">University of Prince Edward Island<\/a><\/strong><\/strong><br>Charlottetown, PEI\n\n\n<p>Svetlana Kochkina<br>University Librarian<\/p>\n\n\n\n\n<br>\n\n\n<p><br><\/p>\n\n\n\n\n<br>\n\n\n<p><br><\/p>\n\n\n\n\n<br>\n\n\n<p><br><\/p>\n\n\n\n","protected":false},"excerpt":{"rendered":"","protected":false},"author":1,"featured_media":0,"parent":0,"menu_order":0,"comment_status":"closed","ping_status":"closed","template":"","meta":{"pagelayer_contact_templates":[],"_pagelayer_content":"","footnotes":""},"folder":[],"class_list":["post-171","page","type-page","status-publish","hentry"],"_links":{"self":[{"href":"https:\/\/caal-cbpa.ca\/en\/wp-json\/wp\/v2\/pages\/171","targetHints":{"allow":["GET"]}}],"collection":[{"href":"https:\/\/caal-cbpa.ca\/en\/wp-json\/wp\/v2\/pages"}],"about":[{"href":"https:\/\/caal-cbpa.ca\/en\/wp-json\/wp\/v2\/types\/page"}],"author":[{"embeddable":true,"href":"https:\/\/caal-cbpa.ca\/en\/wp-json\/wp\/v2\/users\/1"}],"replies":[{"embeddable":true,"href":"https:\/\/caal-cbpa.ca\/en\/wp-json\/wp\/v2\/comments?post=171"}],"version-history":[{"count":62,"href":"https:\/\/caal-cbpa.ca\/en\/wp-json\/wp\/v2\/pages\/171\/revisions"}],"predecessor-version":[{"id":2605,"href":"https:\/\/caal-cbpa.ca\/en\/wp-json\/wp\/v2\/pages\/171\/revisions\/2605"}],"wp:attachment":[{"href":"https:\/\/caal-cbpa.ca\/en\/wp-json\/wp\/v2\/media?parent=171"}],"wp:term":[{"taxonomy":"folder","embeddable":true,"href":"https:\/\/caal-cbpa.ca\/en\/wp-json\/wp\/v2\/folder?post=171"}],"curies":[{"name":"wp","href":"https:\/\/api.w.org\/{rel}","templated":true}]}}